{"id":1846,"date":"2021-08-11T16:24:48","date_gmt":"2021-08-11T14:24:48","guid":{"rendered":"https:\/\/www.campinglefouduroi.fr\/accueil\/"},"modified":"2026-03-25T11:13:56","modified_gmt":"2026-03-25T10:13:56","slug":"startseite","status":"publish","type":"page","link":"https:\/\/www.campinglefouduroi.fr\/de\/","title":{"rendered":"Accueil"},"content":{"rendered":"<section id=\"section-611cd32983078\"\" class=\"section home-first bg-white\" \/><div class=\"container extralarge\"><div class=\"colonnes-wrap valign-middle \"><div class=\"element colonne \"><div class=\"element call-to-action  call-to-action--style-1 call-to-action--have-description call-to-action--big\"><a href=\"\"  class=\"call-to-action_link\" title=\"Lesen Sie mehr \u00fcber angebote fr\u00fchbucher &#038; basse saison 2022\"><div class=\"call-to-action_image\"><img decoding=\"async\" src=\"https:\/\/www.campinglefouduroi.fr\/wp-content\/uploads\/2021\/08\/cta-promo-100x75.jpg\" data-src=\"https:\/\/www.campinglefouduroi.fr\/wp-content\/uploads\/2021\/08\/cta-promo.jpg\" alt=\"cta-promo\" class=\"big\" \/><\/div><div class=\"call-to-action_contenu\"><div class=\"call-to-action_titre\">Angebote Fr\u00fchbucher &#038; Basse saison 2022<\/div><div class=\"call-to-action_description\">Entdecken Sie alle unsere Angebote ><\/div><div class=\"call-to-action_sous-titre\">Genie\u00dfen Sie es!<\/div><\/div><\/a><\/div><div class=\"element call-to-action  call-to-action--style-1 call-to-action--have-description call-to-action--big call-to-action--style-1 call-to-action--have-description call-to-action--big\"><a href=\"https:\/\/www.campinglefouduroi.fr\/de\/nachrichten\/unsere-aktualitaten\/\"  class=\"call-to-action_link\" title=\"Lesen Sie mehr \u00fcber die neuesten informationen vom campingplatz\"><div class=\"call-to-action_image\"><img decoding=\"async\" src=\"https:\/\/www.campinglefouduroi.fr\/wp-content\/uploads\/2021\/08\/Cta-fou-du-roi-promo-100x75.jpg\" data-src=\"https:\/\/www.campinglefouduroi.fr\/wp-content\/uploads\/2021\/08\/Cta-fou-du-roi-promo.jpg\" alt=\"Cta-fou-du-roi-promo\" class=\"big\" \/><\/div><div class=\"call-to-action_contenu\"><div class=\"call-to-action_titre\">Die neuesten Informationen vom Campingplatz<\/div><div class=\"call-to-action_description\">Lesen Sie die Nachrichten ><\/div><div class=\"call-to-action_sous-titre\">Unsere Nachrichten <\/div><\/div><\/a><\/div><\/div><div class=\"element colonne \"><h1 class=\"element section-title justify fouduroi-parasol\">Zeltplatz M\u00e9diterran\u00e9e Camargue in H\u00e9rault<\/h1><h2 class=\"element section-title left color1 m-t-2 m-b-2\">Zeltplatz H\u00e9rault<\/h2><div class=\"element bloc-text left \">\n\t<p>Der<strong class=\"bold color1\"> 4-Sterne-Familiencampingplatz M\u00e9diterran\u00e9e Camargue<\/strong>. Oktober ge\u00f6ffnet. Ideal gelegen in der N\u00e4he eines h\u00fcbschen s\u00fcdlichen Dorfes und umgeben von Weinbergen, l\u00e4dt dieser charmante, 2 Hektar gro\u00dfe Campingplatz zum Ausruhen und Entspannen ein.<\/p>\n<p>Kommen Sie und genie\u00dfen Sie eine schattige Umgebung in allen Jahreszeiten f\u00fcr einen wundersch\u00f6nen Aufenthalt in der Petite Camargue. Entdecken Sie in Ihren Ferien die Region durch kulturelle Besichtigungen und lustige Familienausfl\u00fcge.<\/p>\n<\/div><\/div><\/div><\/div><\/section>\n\n<section id=\"section-611b712ebff0f\"\" class=\"section home-second bg-white\" \/><div class=\"container full\"><div class=\"colonnes-wrap valign-top \"><div class=\"element colonne bg-color4\"><h2 class=\"element section-title justify color1\">Die Dienstleistungen des Campingplatzes<\/h2><div class=\"element bloc-text\">\n\t<div class=\"services\">\r\n\t<div class=\"service fouduroi-volley\">Das Feld<\/div>\r\n\t<div class=\"service fouduroi-sanitaires\">Die sanit\u00e4ren Einrichtungen<\/div>\r\n\t<div class=\"service fouduroi-SNACK\">Snack bar<\/div>\r\n\t<div class=\"service fouduroi-wifi\">Wifi<\/div>\r\n\t<div class=\"service fouduroi-airevidange\">Entw\u00e4sserungsgebiet<\/div>\r\n\t<div class=\"service fouduroi-location\">Verschiedene Vermietungens<\/div>\r\n\t<div class=\"service fouduroi-reception-bell_1\">Der Empfang<\/div>\r\n\t<div class=\"service fouduroi-pain\">Brot-Depot<\/div>\r\n<\/div><\/div><\/div><div class=\"element colonne bg-color2\"><h2 class=\"element section-title justify color1\">Aktivit\u00e4ten auf dem Campingplatz<\/h2><div class=\"element bloc-text\">\n\t<div class=\"activite\">\r\n\t\t\t\t<img decoding=\"async\" class=\"img-activite\" src=\"\/wp-content\/uploads\/2021\/09\/camping-activites-herault.jpg\" alt=\"camping activites herault\">\r\n\t\t\t\t<div class=\"text-activite\">\r\n\t\t\t\t<div class=\"activite\">SPORTLICHE AKTIVIT\u00c4TEN UND UNTERHALTUNG<\/div>\r\n\t\t\t\t\t\t\t\t<p>Beteiligen Sie sich an unseren zahlreichen <a href=\"\/camping-familial-lansargues\/\" class=\"color3\">Unterhaltung auf dem Campingplatz<\/a> die w\u00e4hrend Ihres Aufenthalts im Juli\/August organisiert werden, und nehmen Sie an den verschiedenen P\u00e9tanque-Turnieren und -Wettbewerben teil.\r\n<\/p><\/div>\r\n<\/div>\r\n<div class=\"activite\">\r\n\t\t\t\t<img decoding=\"async\" class=\"img-soiree\" src=\"\/wp-content\/uploads\/2021\/09\/camping-soirees-herault.jpg\" alt=\"camping soirees herault\">\r\n\t\t\t\t<div class=\"text-activite\">\r\n\t\t\t\t<div class=\"activite\">ABENDE AUF DEM CAMPINGPLATZ<\/div>\r\n\t\t\t\t\t\t\t\t<p>Animierte Mahlzeiten, Tanzabende, Quiz oder Karaoke werden Ihre Abende w\u00e4hrend Ihres Aufenthalts in der Petite Camargue bereichern.<\/p><\/div>\r\n<\/div>\r\n<div class=\"activite\">\r\n\t\t\t\t<img decoding=\"async\" class=\"img-enfant\" src=\"\/wp-content\/uploads\/2021\/09\/camping-loisirs-enfants-herault.jpg\" alt=\"camping loisirs enfants herault\">\r\n\t\t\t\t<div class=\"text-activite\">\r\n\t\t\t\t<div class=\"activite\">KINDERSPIELE<\/div>\r\n\t\t\t\t\t\t\t\t<p>Ihre Kleinen werden sich freuen, auf dem Spielplatz oder bei den verschiedenen Aktivit\u00e4ten, die von unseren Betreuern geplant werden, neue Freunde zu finden.<\/p><\/div>\r\n<\/div><\/div><\/div><\/div><\/div><\/section>\n\n<section id=\"section-611a7f7492415\"\" data-bg-opacite=\"0.2\"data-background=\"https:\/\/www.campinglefouduroi.fr\/wp-content\/uploads\/2022\/10\/IMG_20220828_132512-scaled.jpg\"data-speed=\"0.8\"class=\"section  home-third bg-white section--has-bg-img section_bg-parallax\" \/><div class=\"container full\"><h2 class=\"element section-title left white\">UNSER POOLBEREICH IN DER PETITE CAMARGUE<\/h2><div class=\"element bloc-text left \">\n\t<p>Das Schwimmbad des Campingplatzes ist 12 Meter lang und 6 Meter breit, ideal f\u00fcr Ihren Familienurlaub. F\u00fcr die Kleinen gibt es ein Planschbecken. Das Schwimmbad ist vom 15. Mai bis 15. September ge\u00f6ffnet.<\/p>\n<p>Aus hygienischen Gr\u00fcnden sind Badehosen oder Boxershorts obligatorisch, Bermudashorts, T-Shirts, Neoprenanz\u00fcge oder andere lose Kleidung sind verboten.<br \/>\nDas Tragen eines Armbands ist w\u00e4hrend der Saison Pflicht.<\/p>\n<\/div><div class=\"element bloc-text\">\n\t<a class=\"fouduroi-chevroncercle3\" href=\"\/camping-familial-lansargues\/#section-piscine\"><\/a><\/div><\/div><\/section>\n\n<section id=\"section-611a7f7492993\"\" class=\"section home-fourth bg-black\" \/><div class=\"container extralarge\"><h2 class=\"element section-title center color1 m-t-5 m-b-3\">Unsere Unterk\u00fcnfte in der Petite Camargue<\/h2><div class=\"element bloc-text left white\">\n\t<p>Unsere verschiedenen Wohnmobilvermietungen warten auf Sie f\u00fcr ein Wochenende oder mehr. Sie sind zwischen 25 und 38 m\u00b2 gro\u00df und bieten Platz f\u00fcr 2 bis 6 Urlauber. Unsere komfortablen Mietobjekte verf\u00fcgen \u00fcber eine voll ausgestattete K\u00fcche, Sanit\u00e4ranlagen, 2 oder 3 Schlafzimmer und bei einigen Modellen sogar \u00fcber Klimaanlage und Fernseher. F\u00fcr Camper mit Wohnwagen, Wohnmobilen oder Zelten bieten wir vollst\u00e4ndig beschattete Stellpl\u00e4tze zur Miete an.<\/p>\n<p>Entdecken Sie unsere &#8222;Sonderangebote&#8220; f\u00fcr Vermietungen und Stellpl\u00e4tze f\u00fcr die Saison und genie\u00dfen Sie einen preisg\u00fcnstigen Aufenthalt.<\/p>\n<\/div><div class=\"colonnes-wrap valign-top \"><div class=\"element colonne \"><div class=\"element call-to-action  call-to-action--style-1 call-to-action--big\"><a href=\"https:\/\/www.campinglefouduroi.fr\/de\/location-mobil-home-lansargues\/\"  class=\"call-to-action_link\" title=\"Lesen Sie mehr \u00fcber entdecken sie unsere vermietungen\"><div class=\"call-to-action_image\"><img decoding=\"async\" src=\"https:\/\/www.campinglefouduroi.fr\/wp-content\/uploads\/2021\/08\/cta-fou-du-roi-camping-80x100.jpg\" data-src=\"https:\/\/www.campinglefouduroi.fr\/wp-content\/uploads\/2021\/08\/cta-fou-du-roi-camping.jpg\" alt=\"cta-fou-du-roi-camping\" class=\"big\" \/><\/div><div class=\"call-to-action_contenu\"><div class=\"call-to-action_titre\">Entdecken Sie unsere Vermietungen<\/div><\/div><\/a><\/div><\/div><div class=\"element colonne \"><div class=\"element call-to-action  call-to-action--style-1 call-to-action--big\"><a href=\"https:\/\/www.campinglefouduroi.fr\/de\/standort-lansargues\/\"  class=\"call-to-action_link\" title=\"Lesen Sie mehr \u00fcber entdecken sie unsere standorte\"><div class=\"call-to-action_image\"><img decoding=\"async\" src=\"https:\/\/www.campinglefouduroi.fr\/wp-content\/uploads\/2021\/08\/cta-mobil-home-emplacement-80x100.jpg\" data-src=\"https:\/\/www.campinglefouduroi.fr\/wp-content\/uploads\/2021\/08\/cta-mobil-home-emplacement.jpg\" alt=\"cta-mobil-home-emplacement\" class=\"big\" \/><\/div><div class=\"call-to-action_contenu\"><div class=\"call-to-action_titre\">Entdecken Sie unsere Standorte<\/div><\/div><\/a><\/div><\/div><div class=\"element colonne \"><div class=\"element call-to-action  call-to-action--style-1 call-to-action--big\"><a href=\"https:\/\/www.campinglefouduroi.fr\/de\/billig-campingplatz-lansargues\/\"  class=\"call-to-action_link\" title=\"Lesen Sie mehr \u00fcber entdecken sie unsere tarife\"><div class=\"call-to-action_image\"><img decoding=\"async\" src=\"https:\/\/www.campinglefouduroi.fr\/wp-content\/uploads\/2022\/11\/Exterieur-mh-tarifs-80x100.jpg\" data-src=\"https:\/\/www.campinglefouduroi.fr\/wp-content\/uploads\/2022\/11\/Exterieur-mh-tarifs.jpg\" alt=\"Exterieur-mh-tarifs\" class=\"big\" \/><\/div><div class=\"call-to-action_contenu\"><div class=\"call-to-action_titre\">Entdecken Sie unsere Tarife<\/div><\/div><\/a><\/div><\/div><\/div><\/div><\/section>\n\n<section id=\"section-61168654d3f86\"\" class=\"section home-fifth bg-white\" \/><div class=\"container extralarge\"><h2 class=\"element section-title center color1 m-t-5 m-b-3\">Die Umgebung des Campingplatzes in Okzitanien<\/h2><div class=\"colonnes-wrap valign-top \"><div class=\"element colonne w-40\"><div class=\"element bloc-text left \">\n\t<p>Languedoc-Roussillon Camargue und C\u00e9vennes: eine Urlaubsregion!<\/p>\n<p>20 km vom Campingplatz entfernt befinden sich die bekanntesten Str\u00e4nde und Badeorte der Region: Palavas, Carnon, la <a href=\"https:\/\/www.campinglefouduroi.fr\/de\/campingplatz-grande-motte\/\">Grande Motte<\/a> und le <a href=\"https:\/\/www.campinglefouduroi.fr\/de\/campingplatz-grau-du-roi\/\">Grau-du-Roi<\/a>. Ein bunter Urlaub zwischen Mittelmeer, Natur und Kultur. Lassen Sie sich von der nat\u00fcrlichen Umgebung der Schluchten des H\u00e9rault und der <a href=\"https:\/\/www.campinglefouduroi.fr\/de\/campingplatz-cevennes\/\">Cevennen<\/a> verzaubern und entdecken Sie die kulturellen Sehensw\u00fcrdigkeiten von<a href=\"https:\/\/www.campinglefouduroi.fr\/de\/campingplatz-aigues-mortes\/\"> Aigues-Mortes<\/a>, <a href=\"https:\/\/www.campinglefouduroi.fr\/de\/campingplatz-montpellier\/\">Montpellier<\/a> im H\u00e9rault und <a href=\"https:\/\/www.campinglefouduroi.fr\/de\/campingplatz-nimes\/\">N\u00eemes<\/a> im Gard.<\/p>\n<p>Kulturelle Ausfl\u00fcge, Familienausfl\u00fcge, Unterhaltung: Die zahlreichen Sehensw\u00fcrdigkeiten in der Umgebung des Campingplatzes werden Ihren Aufenthalt mit neuen Entdeckungen bereichern.<\/p>\n<\/div><\/div><div class=\"element colonne w-60\"><div class=\"element call-to-action  call-to-action--style-1 call-to-action--big\"><a href=\"https:\/\/www.campinglefouduroi.fr\/de\/campingplatz-nimes\/\"  class=\"call-to-action_link\" title=\"Lesen Sie mehr \u00fcber nimes\"><div class=\"call-to-action_image\"><img decoding=\"async\" src=\"https:\/\/www.campinglefouduroi.fr\/wp-content\/uploads\/2021\/08\/cta-fou-du-roi-100x68.jpg\" data-src=\"https:\/\/www.campinglefouduroi.fr\/wp-content\/uploads\/2021\/08\/cta-fou-du-roi.jpg\" alt=\"cta-fou-du-roi\" class=\"big\" \/><\/div><div class=\"call-to-action_contenu\"><div class=\"call-to-action_titre\">Nimes<\/div><\/div><\/a><\/div><div class=\"element call-to-action  call-to-action--style-1 call-to-action--big call-to-action--style-1 call-to-action--big\"><a href=\"https:\/\/www.campinglefouduroi.fr\/de\/campingplatz-montpellier\/\"  class=\"call-to-action_link\" title=\"Lesen Sie mehr \u00fcber montpelier\"><div class=\"call-to-action_image\"><img decoding=\"async\" src=\"https:\/\/www.campinglefouduroi.fr\/wp-content\/uploads\/2021\/08\/cta-ville-montpellier-100x68.jpg\" data-src=\"https:\/\/www.campinglefouduroi.fr\/wp-content\/uploads\/2021\/08\/cta-ville-montpellier.jpg\" alt=\"cta-ville-montpellier\" class=\"big\" \/><\/div><div class=\"call-to-action_contenu\"><div class=\"call-to-action_titre\">Montpelier<\/div><\/div><\/a><\/div><div class=\"element call-to-action  call-to-action--style-1 call-to-action--big call-to-action--style-1 call-to-action--big call-to-action--style-1 call-to-action--big\"><a href=\"https:\/\/www.campinglefouduroi.fr\/de\/campingplatz-grande-motte\/\"  class=\"call-to-action_link\" title=\"Lesen Sie mehr \u00fcber der gro\u00dfe erdh\u00fcgel\"><div class=\"call-to-action_image\"><img decoding=\"async\" src=\"https:\/\/www.campinglefouduroi.fr\/wp-content\/uploads\/2021\/08\/cta-ville-grande-motte-100x68.jpg\" data-src=\"https:\/\/www.campinglefouduroi.fr\/wp-content\/uploads\/2021\/08\/cta-ville-grande-motte.jpg\" alt=\"cta-ville-grande-motte\" class=\"big\" \/><\/div><div class=\"call-to-action_contenu\"><div class=\"call-to-action_titre\">Der gro\u00dfe Erdh\u00fcgel<\/div><\/div><\/a><\/div><div class=\"element call-to-action  call-to-action--style-1 call-to-action--big call-to-action--style-1 call-to-action--big call-to-action--style-1 call-to-action--big call-to-action--style-1 call-to-action--big\"><a href=\"https:\/\/www.campinglefouduroi.fr\/de\/campingplatz-grau-du-roi\/\"  class=\"call-to-action_link\" title=\"Lesen Sie mehr \u00fcber grau du roi\"><div class=\"call-to-action_image\"><img decoding=\"async\" src=\"https:\/\/www.campinglefouduroi.fr\/wp-content\/uploads\/2021\/08\/cta-ville-grau-roi-100x68.jpg\" data-src=\"https:\/\/www.campinglefouduroi.fr\/wp-content\/uploads\/2021\/08\/cta-ville-grau-roi.jpg\" alt=\"cta-ville-grau-roi\" class=\"big\" \/><\/div><div class=\"call-to-action_contenu\"><div class=\"call-to-action_titre\">Grau du roi<\/div><\/div><\/a><\/div><\/div><\/div><\/div><\/section>","protected":false},"excerpt":{"rendered":"","protected":false},"author":1,"featured_media":0,"parent":0,"menu_order":0,"comment_status":"closed","ping_status":"closed","template":"","meta":{"_acf_changed":false,"footnotes":""},"class_list":["post-1846","page","type-page","status-publish","hentry"],"acf":[],"yoast_head":"<!-- This site is optimized with the Yoast SEO plugin v25.3 - https:\/\/yoast.com\/wordpress\/plugins\/seo\/ -->\n<title>Finden Sie unsere sch\u00f6nen Str\u00e4nde<\/title>\n<meta name=\"description\" content=\"Der Campingplatz Le Fou du Roi empf\u00e4ngt Sie in einer Oase der Entspannung in der Kleinen Camargue, 20 Minuten von den sonnigen Str\u00e4nden des Mittelmeers entfernt.\" \/>\n<meta name=\"robots\" content=\"index, follow, max-snippet:-1, max-image-preview:large, max-video-preview:-1\" \/>\n<link rel=\"canonical\" href=\"https:\/\/www.campinglefouduroi.fr\/de\/\" \/>\n<meta property=\"og:locale\" content=\"de_DE\" \/>\n<meta property=\"og:type\" content=\"article\" \/>\n<meta property=\"og:title\" content=\"Finden Sie unsere sch\u00f6nen Str\u00e4nde\" \/>\n<meta property=\"og:description\" content=\"Der Campingplatz Le Fou du Roi empf\u00e4ngt Sie in einer Oase der Entspannung in der Kleinen Camargue, 20 Minuten von den sonnigen Str\u00e4nden des Mittelmeers entfernt.\" \/>\n<meta property=\"og:url\" content=\"https:\/\/www.campinglefouduroi.fr\/de\/\" \/>\n<meta property=\"og:site_name\" content=\"Camping Fou du Roi\" \/>\n<meta property=\"article:modified_time\" content=\"2026-03-25T10:13:56+00:00\" \/>\n<meta name=\"twitter:card\" content=\"summary_large_image\" \/>\n<script type=\"application\/ld+json\" class=\"yoast-schema-graph\">{\"@context\":\"https:\/\/schema.org\",\"@graph\":[{\"@type\":\"WebPage\",\"@id\":\"https:\/\/www.campinglefouduroi.fr\/de\/\",\"url\":\"https:\/\/www.campinglefouduroi.fr\/de\/\",\"name\":\"Finden Sie unsere sch\u00f6nen Str\u00e4nde\",\"isPartOf\":{\"@id\":\"https:\/\/www.campinglefouduroi.fr\/de\/#website\"},\"datePublished\":\"2021-08-11T14:24:48+00:00\",\"dateModified\":\"2026-03-25T10:13:56+00:00\",\"description\":\"Der Campingplatz Le Fou du Roi empf\u00e4ngt Sie in einer Oase der Entspannung in der Kleinen Camargue, 20 Minuten von den sonnigen Str\u00e4nden des Mittelmeers entfernt.\",\"breadcrumb\":{\"@id\":\"https:\/\/www.campinglefouduroi.fr\/de\/#breadcrumb\"},\"inLanguage\":\"de\",\"potentialAction\":[{\"@type\":\"ReadAction\",\"target\":[\"https:\/\/www.campinglefouduroi.fr\/de\/\"]}]},{\"@type\":\"BreadcrumbList\",\"@id\":\"https:\/\/www.campinglefouduroi.fr\/de\/#breadcrumb\",\"itemListElement\":[{\"@type\":\"ListItem\",\"position\":1,\"name\":\"Camping H\u00e9rault\",\"item\":\"https:\/\/www.campinglefouduroi.fr\/de\/\"},{\"@type\":\"ListItem\",\"position\":2,\"name\":\"Accueil\"}]},{\"@type\":\"WebSite\",\"@id\":\"https:\/\/www.campinglefouduroi.fr\/de\/#website\",\"url\":\"https:\/\/www.campinglefouduroi.fr\/de\/\",\"name\":\"Camping Fou du Roi\",\"description\":\"\",\"publisher\":{\"@id\":\"https:\/\/www.campinglefouduroi.fr\/de\/#organization\"},\"potentialAction\":[{\"@type\":\"SearchAction\",\"target\":{\"@type\":\"EntryPoint\",\"urlTemplate\":\"https:\/\/www.campinglefouduroi.fr\/de\/?s={search_term_string}\"},\"query-input\":{\"@type\":\"PropertyValueSpecification\",\"valueRequired\":true,\"valueName\":\"search_term_string\"}}],\"inLanguage\":\"de\"},{\"@type\":\"Organization\",\"@id\":\"https:\/\/www.campinglefouduroi.fr\/de\/#organization\",\"name\":\"Camping Le Fou du Roi\",\"url\":\"https:\/\/www.campinglefouduroi.fr\/de\/\",\"logo\":{\"@type\":\"ImageObject\",\"inLanguage\":\"de\",\"@id\":\"https:\/\/www.campinglefouduroi.fr\/de\/#\/schema\/logo\/image\/\",\"url\":\"https:\/\/www.campinglefouduroi.fr\/wp-content\/uploads\/2021\/10\/logo-fou-du-roi.png\",\"contentUrl\":\"https:\/\/www.campinglefouduroi.fr\/wp-content\/uploads\/2021\/10\/logo-fou-du-roi.png\",\"width\":424,\"height\":424,\"caption\":\"Camping Le Fou du Roi\"},\"image\":{\"@id\":\"https:\/\/www.campinglefouduroi.fr\/de\/#\/schema\/logo\/image\/\"}}]}<\/script>\n<!-- \/ Yoast SEO plugin. -->","yoast_head_json":{"title":"Finden Sie unsere sch\u00f6nen Str\u00e4nde","description":"Der Campingplatz Le Fou du Roi empf\u00e4ngt Sie in einer Oase der Entspannung in der Kleinen Camargue, 20 Minuten von den sonnigen Str\u00e4nden des Mittelmeers entfernt.","robots":{"index":"index","follow":"follow","max-snippet":"max-snippet:-1","max-image-preview":"max-image-preview:large","max-video-preview":"max-video-preview:-1"},"canonical":"https:\/\/www.campinglefouduroi.fr\/de\/","og_locale":"de_DE","og_type":"article","og_title":"Finden Sie unsere sch\u00f6nen Str\u00e4nde","og_description":"Der Campingplatz Le Fou du Roi empf\u00e4ngt Sie in einer Oase der Entspannung in der Kleinen Camargue, 20 Minuten von den sonnigen Str\u00e4nden des Mittelmeers entfernt.","og_url":"https:\/\/www.campinglefouduroi.fr\/de\/","og_site_name":"Camping Fou du Roi","article_modified_time":"2026-03-25T10:13:56+00:00","twitter_card":"summary_large_image","schema":{"@context":"https:\/\/schema.org","@graph":[{"@type":"WebPage","@id":"https:\/\/www.campinglefouduroi.fr\/de\/","url":"https:\/\/www.campinglefouduroi.fr\/de\/","name":"Finden Sie unsere sch\u00f6nen Str\u00e4nde","isPartOf":{"@id":"https:\/\/www.campinglefouduroi.fr\/de\/#website"},"datePublished":"2021-08-11T14:24:48+00:00","dateModified":"2026-03-25T10:13:56+00:00","description":"Der Campingplatz Le Fou du Roi empf\u00e4ngt Sie in einer Oase der Entspannung in der Kleinen Camargue, 20 Minuten von den sonnigen Str\u00e4nden des Mittelmeers entfernt.","breadcrumb":{"@id":"https:\/\/www.campinglefouduroi.fr\/de\/#breadcrumb"},"inLanguage":"de","potentialAction":[{"@type":"ReadAction","target":["https:\/\/www.campinglefouduroi.fr\/de\/"]}]},{"@type":"BreadcrumbList","@id":"https:\/\/www.campinglefouduroi.fr\/de\/#breadcrumb","itemListElement":[{"@type":"ListItem","position":1,"name":"Camping H\u00e9rault","item":"https:\/\/www.campinglefouduroi.fr\/de\/"},{"@type":"ListItem","position":2,"name":"Accueil"}]},{"@type":"WebSite","@id":"https:\/\/www.campinglefouduroi.fr\/de\/#website","url":"https:\/\/www.campinglefouduroi.fr\/de\/","name":"Camping Fou du Roi","description":"","publisher":{"@id":"https:\/\/www.campinglefouduroi.fr\/de\/#organization"},"potentialAction":[{"@type":"SearchAction","target":{"@type":"EntryPoint","urlTemplate":"https:\/\/www.campinglefouduroi.fr\/de\/?s={search_term_string}"},"query-input":{"@type":"PropertyValueSpecification","valueRequired":true,"valueName":"search_term_string"}}],"inLanguage":"de"},{"@type":"Organization","@id":"https:\/\/www.campinglefouduroi.fr\/de\/#organization","name":"Camping Le Fou du Roi","url":"https:\/\/www.campinglefouduroi.fr\/de\/","logo":{"@type":"ImageObject","inLanguage":"de","@id":"https:\/\/www.campinglefouduroi.fr\/de\/#\/schema\/logo\/image\/","url":"https:\/\/www.campinglefouduroi.fr\/wp-content\/uploads\/2021\/10\/logo-fou-du-roi.png","contentUrl":"https:\/\/www.campinglefouduroi.fr\/wp-content\/uploads\/2021\/10\/logo-fou-du-roi.png","width":424,"height":424,"caption":"Camping Le Fou du Roi"},"image":{"@id":"https:\/\/www.campinglefouduroi.fr\/de\/#\/schema\/logo\/image\/"}}]}},"_links":{"self":[{"href":"https:\/\/www.campinglefouduroi.fr\/de\/wp-json\/wp\/v2\/pages\/1846","targetHints":{"allow":["GET"]}}],"collection":[{"href":"https:\/\/www.campinglefouduroi.fr\/de\/wp-json\/wp\/v2\/pages"}],"about":[{"href":"https:\/\/www.campinglefouduroi.fr\/de\/wp-json\/wp\/v2\/types\/page"}],"author":[{"embeddable":true,"href":"https:\/\/www.campinglefouduroi.fr\/de\/wp-json\/wp\/v2\/users\/1"}],"replies":[{"embeddable":true,"href":"https:\/\/www.campinglefouduroi.fr\/de\/wp-json\/wp\/v2\/comments?post=1846"}],"version-history":[{"count":33,"href":"https:\/\/www.campinglefouduroi.fr\/de\/wp-json\/wp\/v2\/pages\/1846\/revisions"}],"predecessor-version":[{"id":4685,"href":"https:\/\/www.campinglefouduroi.fr\/de\/wp-json\/wp\/v2\/pages\/1846\/revisions\/4685"}],"wp:attachment":[{"href":"https:\/\/www.campinglefouduroi.fr\/de\/wp-json\/wp\/v2\/media?parent=1846"}],"curies":[{"name":"wp","href":"https:\/\/api.w.org\/{rel}","templated":true}]}}