{"id":1883,"date":"2021-09-01T14:13:30","date_gmt":"2021-09-01T12:13:30","guid":{"rendered":"https:\/\/www.campinglefouduroi.fr\/camping-aigues-mortes\/"},"modified":"2024-03-15T17:10:22","modified_gmt":"2024-03-15T16:10:22","slug":"campingplatz-aigues-mortes","status":"publish","type":"page","link":"https:\/\/www.campinglefouduroi.fr\/de\/campingplatz-aigues-mortes\/","title":{"rendered":"Aigues-Mortes"},"content":{"rendered":"<section id=\"section-612f732e69f95\"\" class=\"section bg-white\" \/><div class=\"container\"><h1 class=\"element section-title center color1\">Campingplatz bei Aigues-Mortes<\/h1><\/div><\/section>\n\n<section id=\"section-612f732e6a34d\"\" class=\"section home-first bg-white\" \/><div class=\"container extralarge\"><div class=\"colonnes-wrap valign-middle \"><div class=\"element colonne separationphotos\"><div class=\"element images\"><div class=\"image\"><img decoding=\"async\" src=\"https:\/\/www.campinglefouduroi.fr\/wp-content\/uploads\/2021\/09\/camping-fou-du-roi-aigues-mortes-100x50.jpg\" data-src=\"https:\/\/www.campinglefouduroi.fr\/wp-content\/uploads\/2021\/09\/camping-fou-du-roi-aigues-mortes.jpg\" alt=\"tourisme aigues mortes\" class=\"images_image\" \/><\/div><\/div><div class=\"element images\"><div class=\"image\"><img decoding=\"async\" src=\"https:\/\/www.campinglefouduroi.fr\/wp-content\/uploads\/2021\/09\/camping-aigues-mortes-fou-du-roi-100x50.jpg\" data-src=\"https:\/\/www.campinglefouduroi.fr\/wp-content\/uploads\/2021\/09\/camping-aigues-mortes-fou-du-roi.jpg\" alt=\"visiter aigues mortes\" class=\"images_image\" \/><\/div><\/div><\/div><div class=\"element colonne \"><h2 class=\"element section-title left color1\">Tourismus in Aigues-Mortes<\/h2><div class=\"element bloc-text left \">\n\t<p>In der Camargue Gardoise ist <strong class=\"bold color1\">Aigues-Mortes<\/strong> mit seinen beiden barocken Bauwerken, der Kapelle der P\u00e9nitents Blancs und der Kapelle der P\u00e9nitents Gris, ein Muss bei der Erkundung der Region.<\/p>\n<p>Bei Ihrem Besuch in der Stadt sollten Sie in den Weinkellern Halt machen und den Vin des Sables probieren. Was die kulinarischen Spezialit\u00e4ten angeht, so sollten Sie den Camargue-Reis probieren, eine Fougasse aus <strong class=\"bold color1\">Aigues-Mortes<\/strong> genie\u00dfen oder eine Broufade (Rindfleischeintopf) probieren.<\/p>\n<p>Aigues-Mortes ist eine Stadt am Meer und ideal f\u00fcr eine Vielzahl von sportlichen Aktivit\u00e4ten wie Wasserski, Wakeboarding, Windsurfen und Paddleboarding.<\/p>\n<\/div><\/div><\/div><\/div><\/section>\n\n<section id=\"section-612f732e6a5ae\"\" data-bg-opacite=\"0.2\"data-background=\"https:\/\/www.campinglefouduroi.fr\/wp-content\/uploads\/2021\/09\/bg-tourisme-aigues-mortes.jpg\"data-speed=\"0.8\"class=\"section home-six bg-white section--has-bg-img section_bg-parallax\" \/><div class=\"container full\"><h2 class=\"element section-title left white\">Top 5 Dinge, die man tun und sehen sollte<\/h2><div class=\"element bloc-text left \">\n\t<ul>\n<li style=\"font-weight: 400;\" aria-level=\"1\"><span style=\"font-weight: 400;\">T\u00fcrme und Festungsmauern: Der Place Anatole-France verf\u00fcgt \u00fcber 1,6 km Festungsmauern, befestigte Tore, eine Promenade und 20 T\u00fcrme, darunter der 30 m hohe Konstanzer Turm. <\/span><\/li>\n<li style=\"font-weight: 400;\" aria-level=\"1\"><span style=\"font-weight: 400;\">Place Saint-Louis: Der von Restaurants und Gesch\u00e4ften ges\u00e4umte Platz wird von einem Springbrunnen gekr\u00f6nt, der von einer Statue des Heiligen Ludwig gekr\u00f6nt wird. <\/span><\/li>\n<li style=\"font-weight: 400;\" aria-level=\"1\"><span style=\"font-weight: 400;\">Kunstgalerien: In Aigues-Mortes gibt es zahlreiche Kunstgalerien und Kunsthandwerker zu entdecken, wie die Galerie Europ&#8217;Art, Mario di Mao, Galerie17&#8230; <\/span><\/li>\n<li style=\"font-weight: 400;\" aria-level=\"1\"><span style=\"font-weight: 400;\">Salins d&#8217;Aigues-Mortes: Im Sommer kann man sie mit einem kleinen Zug, mit dem Fahrrad oder zu Fu\u00df besuchen. Sie finden sie auf der Stra\u00dfe nach Grau-du-Roi. <\/span><\/li>\n<li style=\"font-weight: 400;\" aria-level=\"1\"><span style=\"font-weight: 400;\">Kreuzfahrt auf dem Wasser: Entdecken Sie Aigues-Mortes und die Landschaften der Camargue von einer ganz neuen Seite. <\/span><\/li>\n<\/ul>\n<\/div><\/div><\/section>\n\n<section id=\"section-612f732e6a915\"\" class=\"section home-first bg-white\" \/><div class=\"container extralarge\"><div class=\"colonnes-wrap valign-middle \"><div class=\"element colonne \"><h2 class=\"element section-title left color1\">Campingplatz bei 27 km von Aigues-Mortes<\/h2><div class=\"element bloc-text justify \">\n\t<p>Der <strong class=\"bold color1\">Fou du Roi<\/strong> bietet komfortable Unterk\u00fcnfte f\u00fcr die ganze Familie, von 25 bis 38 m\u00b2, einen Wasserbereich, Unterhaltung und n\u00fctzliche Dienstleistungen. Der Campingplatz Fou du Roi in der N\u00e4he von <strong class=\"bold color1\">Aigues-Mortes<\/strong>, 27 km entfernt (eine halbe Autostunde), ist besonders g\u00fcnstig gelegen f\u00fcr Ihre verschiedenen touristischen Ausfl\u00fcge.<\/p>\n<p>Entspannen Sie sich mit Ihrer Familie in unserem Open-Air-Hotel, zwischen gastronomischen Entdeckungen, Stadtbesichtigungen und anderen Aktivit\u00e4ten mit Ihren Kindern.<br \/>\nAuf unserem Campingplatz in der N\u00e4he von <strong class=\"bold color1\">Aigues-Mortes<\/strong> werden Sie einen idyllischen Aufenthalt in der Sonne genie\u00dfen.<\/p>\n<\/div><\/div><div class=\"element colonne \"><div class=\"element fancybox-container\"><a class=\"fancybox\" href=\"https:\/\/www.campinglefouduroi.fr\/wp-content\/uploads\/2021\/09\/camping-fou-du-roi-alentours-aigue-morte.jpg\"><img decoding=\"async\" src=\"https:\/\/www.campinglefouduroi.fr\/wp-content\/uploads\/2021\/09\/camping-fou-du-roi-alentours-aigue-morte-100x50.jpg\" data-src=\"https:\/\/www.campinglefouduroi.fr\/wp-content\/uploads\/2021\/09\/camping-fou-du-roi-alentours-aigue-morte.jpg\" alt=\"visiter aigues morte\" class=\"images_image\" \/><\/a><\/div><div class=\"element fancybox-container\"><a class=\"fancybox\" href=\"https:\/\/www.campinglefouduroi.fr\/wp-content\/uploads\/2021\/09\/camping-fou-du-roi-alentours-aigues-mortes.jpg\"><img decoding=\"async\" src=\"https:\/\/www.campinglefouduroi.fr\/wp-content\/uploads\/2021\/09\/camping-fou-du-roi-alentours-aigues-mortes-100x50.jpg\" data-src=\"https:\/\/www.campinglefouduroi.fr\/wp-content\/uploads\/2021\/09\/camping-fou-du-roi-alentours-aigues-mortes.jpg\" alt=\"camping location aigues mortes\" class=\"images_image\" \/><\/a><\/div><\/div><\/div><\/div><\/section>\n\n<section id=\"section-612f732e6ac1c\"\" class=\"section bg-color2\" \/><div class=\"container extralarge\"><div class=\"element section-title center titre-cta color1\">ERKUNDUNG DER UMGEBUNG DES CAMPINGPLATZES<\/div><ul class=\"liste-de-page\"><li class=\"element call-to-action carre call-to-action--style-1 call-to-action--big\"><a href=\"https:\/\/www.campinglefouduroi.fr\/de\/campingplatz-montpellier\/\"  class=\"call-to-action_link\" title=\"Lesen Sie mehr \u00fcber montpellier\"><div class=\"call-to-action_image\"><img decoding=\"async\" src=\"https:\/\/www.campinglefouduroi.fr\/wp-content\/uploads\/2021\/09\/decouvrir-montpellier-94x100.jpg\" data-src=\"https:\/\/www.campinglefouduroi.fr\/wp-content\/uploads\/2021\/09\/decouvrir-montpellier.jpg\" alt=\"decouvrir montpellier\" class=\"big\" \/><\/div><div class=\"call-to-action_contenu\"><div class=\"call-to-action_titre\">Montpellier<\/div><\/div><\/a><\/li><li class=\"element call-to-action carre call-to-action--style-1 call-to-action--big call-to-action--style-1 call-to-action--big\"><a href=\"https:\/\/www.campinglefouduroi.fr\/de\/campingplatz-nimes\/\"  class=\"call-to-action_link\" title=\"Lesen Sie mehr \u00fcber nimes\"><div class=\"call-to-action_image\"><img decoding=\"async\" src=\"https:\/\/www.campinglefouduroi.fr\/wp-content\/uploads\/2021\/09\/nime-tourisme-94x100.jpg\" data-src=\"https:\/\/www.campinglefouduroi.fr\/wp-content\/uploads\/2021\/09\/nime-tourisme.jpg\" alt=\"nimes tourisme\" class=\"big\" \/><\/div><div class=\"call-to-action_contenu\"><div class=\"call-to-action_titre\">Nimes<\/div><\/div><\/a><\/li><li class=\"element call-to-action carre call-to-action--style-1 call-to-action--big call-to-action--style-1 call-to-action--big call-to-action--style-1 call-to-action--big\"><a href=\"https:\/\/www.campinglefouduroi.fr\/de\/campingplatz-grau-du-roi\/\"  class=\"call-to-action_link\" title=\"Lesen Sie mehr \u00fcber grau du roi\"><div class=\"call-to-action_image\"><img decoding=\"async\" src=\"https:\/\/www.campinglefouduroi.fr\/wp-content\/uploads\/2021\/09\/visiter-grau-du-roi-94x100.jpg\" data-src=\"https:\/\/www.campinglefouduroi.fr\/wp-content\/uploads\/2021\/09\/visiter-grau-du-roi.jpg\" alt=\"visiter grau du roi\" class=\"big\" \/><\/div><div class=\"call-to-action_contenu\"><div class=\"call-to-action_titre\">Grau du Roi<\/div><\/div><\/a><\/li><\/ul><\/div><\/section>","protected":false},"excerpt":{"rendered":"","protected":false},"author":1,"featured_media":1885,"parent":0,"menu_order":0,"comment_status":"closed","ping_status":"closed","template":"","meta":{"_acf_changed":false,"footnotes":""},"class_list":["post-1883","page","type-page","status-publish","has-post-thumbnail","hentry"],"acf":[],"yoast_head":"<!-- This site is optimized with the Yoast SEO plugin v25.3 - https:\/\/yoast.com\/wordpress\/plugins\/seo\/ -->\n<title>Campingplatz bei Aigues-Mortes | Tourismus Aigues-Mortes (30)<\/title>\n<meta name=\"description\" content=\"3-Sterne-Campingplatz in der N\u00e4he von Aigues-Mortes: Le Fou du Roi, Ihr Urlaubsziel im Freien! Kommen Sie und genie\u00dfen Sie die mediterranen Str\u00e4nde.\" \/>\n<meta name=\"robots\" content=\"index, follow, max-snippet:-1, max-image-preview:large, max-video-preview:-1\" \/>\n<link rel=\"canonical\" href=\"https:\/\/www.campinglefouduroi.fr\/de\/campingplatz-aigues-mortes\/\" \/>\n<meta property=\"og:locale\" content=\"de_DE\" \/>\n<meta property=\"og:type\" content=\"article\" \/>\n<meta property=\"og:title\" content=\"Campingplatz bei Aigues-Mortes | Tourismus Aigues-Mortes (30)\" \/>\n<meta property=\"og:description\" content=\"3-Sterne-Campingplatz in der N\u00e4he von Aigues-Mortes: Le Fou du Roi, Ihr Urlaubsziel im Freien! Kommen Sie und genie\u00dfen Sie die mediterranen Str\u00e4nde.\" \/>\n<meta property=\"og:url\" content=\"https:\/\/www.campinglefouduroi.fr\/de\/campingplatz-aigues-mortes\/\" \/>\n<meta property=\"og:site_name\" content=\"Camping Fou du Roi\" \/>\n<meta property=\"article:modified_time\" content=\"2024-03-15T16:10:22+00:00\" \/>\n<meta property=\"og:image\" content=\"https:\/\/www.campinglefouduroi.fr\/wp-content\/uploads\/2021\/09\/bg-aigues-mortes-tourisme.jpg\" \/>\n\t<meta property=\"og:image:width\" content=\"1900\" \/>\n\t<meta property=\"og:image:height\" content=\"700\" \/>\n\t<meta property=\"og:image:type\" content=\"image\/jpeg\" \/>\n<meta name=\"twitter:card\" content=\"summary_large_image\" \/>\n<meta name=\"twitter:label1\" content=\"Gesch\u00e4tzte Lesezeit\" \/>\n\t<meta name=\"twitter:data1\" content=\"1\u00a0Minute\" \/>\n<script type=\"application\/ld+json\" class=\"yoast-schema-graph\">{\"@context\":\"https:\/\/schema.org\",\"@graph\":[{\"@type\":\"WebPage\",\"@id\":\"https:\/\/www.campinglefouduroi.fr\/de\/campingplatz-aigues-mortes\/\",\"url\":\"https:\/\/www.campinglefouduroi.fr\/de\/campingplatz-aigues-mortes\/\",\"name\":\"Campingplatz bei Aigues-Mortes | Tourismus Aigues-Mortes (30)\",\"isPartOf\":{\"@id\":\"https:\/\/www.campinglefouduroi.fr\/de\/#website\"},\"primaryImageOfPage\":{\"@id\":\"https:\/\/www.campinglefouduroi.fr\/de\/campingplatz-aigues-mortes\/#primaryimage\"},\"image\":{\"@id\":\"https:\/\/www.campinglefouduroi.fr\/de\/campingplatz-aigues-mortes\/#primaryimage\"},\"thumbnailUrl\":\"https:\/\/www.campinglefouduroi.fr\/wp-content\/uploads\/2021\/09\/bg-aigues-mortes-tourisme.jpg\",\"datePublished\":\"2021-09-01T12:13:30+00:00\",\"dateModified\":\"2024-03-15T16:10:22+00:00\",\"description\":\"3-Sterne-Campingplatz in der N\u00e4he von Aigues-Mortes: Le Fou du Roi, Ihr Urlaubsziel im Freien! Kommen Sie und genie\u00dfen Sie die mediterranen Str\u00e4nde.\",\"breadcrumb\":{\"@id\":\"https:\/\/www.campinglefouduroi.fr\/de\/campingplatz-aigues-mortes\/#breadcrumb\"},\"inLanguage\":\"de\",\"potentialAction\":[{\"@type\":\"ReadAction\",\"target\":[\"https:\/\/www.campinglefouduroi.fr\/de\/campingplatz-aigues-mortes\/\"]}]},{\"@type\":\"ImageObject\",\"inLanguage\":\"de\",\"@id\":\"https:\/\/www.campinglefouduroi.fr\/de\/campingplatz-aigues-mortes\/#primaryimage\",\"url\":\"https:\/\/www.campinglefouduroi.fr\/wp-content\/uploads\/2021\/09\/bg-aigues-mortes-tourisme.jpg\",\"contentUrl\":\"https:\/\/www.campinglefouduroi.fr\/wp-content\/uploads\/2021\/09\/bg-aigues-mortes-tourisme.jpg\",\"width\":1900,\"height\":700},{\"@type\":\"BreadcrumbList\",\"@id\":\"https:\/\/www.campinglefouduroi.fr\/de\/campingplatz-aigues-mortes\/#breadcrumb\",\"itemListElement\":[{\"@type\":\"ListItem\",\"position\":1,\"name\":\"Camping H\u00e9rault\",\"item\":\"https:\/\/www.campinglefouduroi.fr\/de\/\"},{\"@type\":\"ListItem\",\"position\":2,\"name\":\"Campingplatz bei Aigues-Mortes\"}]},{\"@type\":\"WebSite\",\"@id\":\"https:\/\/www.campinglefouduroi.fr\/de\/#website\",\"url\":\"https:\/\/www.campinglefouduroi.fr\/de\/\",\"name\":\"Camping Fou du Roi\",\"description\":\"\",\"publisher\":{\"@id\":\"https:\/\/www.campinglefouduroi.fr\/de\/#organization\"},\"potentialAction\":[{\"@type\":\"SearchAction\",\"target\":{\"@type\":\"EntryPoint\",\"urlTemplate\":\"https:\/\/www.campinglefouduroi.fr\/de\/?s={search_term_string}\"},\"query-input\":{\"@type\":\"PropertyValueSpecification\",\"valueRequired\":true,\"valueName\":\"search_term_string\"}}],\"inLanguage\":\"de\"},{\"@type\":\"Organization\",\"@id\":\"https:\/\/www.campinglefouduroi.fr\/de\/#organization\",\"name\":\"Camping Le Fou du Roi\",\"url\":\"https:\/\/www.campinglefouduroi.fr\/de\/\",\"logo\":{\"@type\":\"ImageObject\",\"inLanguage\":\"de\",\"@id\":\"https:\/\/www.campinglefouduroi.fr\/de\/#\/schema\/logo\/image\/\",\"url\":\"https:\/\/www.campinglefouduroi.fr\/wp-content\/uploads\/2021\/10\/logo-fou-du-roi.png\",\"contentUrl\":\"https:\/\/www.campinglefouduroi.fr\/wp-content\/uploads\/2021\/10\/logo-fou-du-roi.png\",\"width\":424,\"height\":424,\"caption\":\"Camping Le Fou du Roi\"},\"image\":{\"@id\":\"https:\/\/www.campinglefouduroi.fr\/de\/#\/schema\/logo\/image\/\"}}]}<\/script>\n<!-- \/ Yoast SEO plugin. -->","yoast_head_json":{"title":"Campingplatz bei Aigues-Mortes | Tourismus Aigues-Mortes (30)","description":"3-Sterne-Campingplatz in der N\u00e4he von Aigues-Mortes: Le Fou du Roi, Ihr Urlaubsziel im Freien! Kommen Sie und genie\u00dfen Sie die mediterranen Str\u00e4nde.","robots":{"index":"index","follow":"follow","max-snippet":"max-snippet:-1","max-image-preview":"max-image-preview:large","max-video-preview":"max-video-preview:-1"},"canonical":"https:\/\/www.campinglefouduroi.fr\/de\/campingplatz-aigues-mortes\/","og_locale":"de_DE","og_type":"article","og_title":"Campingplatz bei Aigues-Mortes | Tourismus Aigues-Mortes (30)","og_description":"3-Sterne-Campingplatz in der N\u00e4he von Aigues-Mortes: Le Fou du Roi, Ihr Urlaubsziel im Freien! Kommen Sie und genie\u00dfen Sie die mediterranen Str\u00e4nde.","og_url":"https:\/\/www.campinglefouduroi.fr\/de\/campingplatz-aigues-mortes\/","og_site_name":"Camping Fou du Roi","article_modified_time":"2024-03-15T16:10:22+00:00","og_image":[{"width":1900,"height":700,"url":"https:\/\/www.campinglefouduroi.fr\/wp-content\/uploads\/2021\/09\/bg-aigues-mortes-tourisme.jpg","type":"image\/jpeg"}],"twitter_card":"summary_large_image","twitter_misc":{"Gesch\u00e4tzte Lesezeit":"1\u00a0Minute"},"schema":{"@context":"https:\/\/schema.org","@graph":[{"@type":"WebPage","@id":"https:\/\/www.campinglefouduroi.fr\/de\/campingplatz-aigues-mortes\/","url":"https:\/\/www.campinglefouduroi.fr\/de\/campingplatz-aigues-mortes\/","name":"Campingplatz bei Aigues-Mortes | Tourismus Aigues-Mortes (30)","isPartOf":{"@id":"https:\/\/www.campinglefouduroi.fr\/de\/#website"},"primaryImageOfPage":{"@id":"https:\/\/www.campinglefouduroi.fr\/de\/campingplatz-aigues-mortes\/#primaryimage"},"image":{"@id":"https:\/\/www.campinglefouduroi.fr\/de\/campingplatz-aigues-mortes\/#primaryimage"},"thumbnailUrl":"https:\/\/www.campinglefouduroi.fr\/wp-content\/uploads\/2021\/09\/bg-aigues-mortes-tourisme.jpg","datePublished":"2021-09-01T12:13:30+00:00","dateModified":"2024-03-15T16:10:22+00:00","description":"3-Sterne-Campingplatz in der N\u00e4he von Aigues-Mortes: Le Fou du Roi, Ihr Urlaubsziel im Freien! Kommen Sie und genie\u00dfen Sie die mediterranen Str\u00e4nde.","breadcrumb":{"@id":"https:\/\/www.campinglefouduroi.fr\/de\/campingplatz-aigues-mortes\/#breadcrumb"},"inLanguage":"de","potentialAction":[{"@type":"ReadAction","target":["https:\/\/www.campinglefouduroi.fr\/de\/campingplatz-aigues-mortes\/"]}]},{"@type":"ImageObject","inLanguage":"de","@id":"https:\/\/www.campinglefouduroi.fr\/de\/campingplatz-aigues-mortes\/#primaryimage","url":"https:\/\/www.campinglefouduroi.fr\/wp-content\/uploads\/2021\/09\/bg-aigues-mortes-tourisme.jpg","contentUrl":"https:\/\/www.campinglefouduroi.fr\/wp-content\/uploads\/2021\/09\/bg-aigues-mortes-tourisme.jpg","width":1900,"height":700},{"@type":"BreadcrumbList","@id":"https:\/\/www.campinglefouduroi.fr\/de\/campingplatz-aigues-mortes\/#breadcrumb","itemListElement":[{"@type":"ListItem","position":1,"name":"Camping H\u00e9rault","item":"https:\/\/www.campinglefouduroi.fr\/de\/"},{"@type":"ListItem","position":2,"name":"Campingplatz bei Aigues-Mortes"}]},{"@type":"WebSite","@id":"https:\/\/www.campinglefouduroi.fr\/de\/#website","url":"https:\/\/www.campinglefouduroi.fr\/de\/","name":"Camping Fou du Roi","description":"","publisher":{"@id":"https:\/\/www.campinglefouduroi.fr\/de\/#organization"},"potentialAction":[{"@type":"SearchAction","target":{"@type":"EntryPoint","urlTemplate":"https:\/\/www.campinglefouduroi.fr\/de\/?s={search_term_string}"},"query-input":{"@type":"PropertyValueSpecification","valueRequired":true,"valueName":"search_term_string"}}],"inLanguage":"de"},{"@type":"Organization","@id":"https:\/\/www.campinglefouduroi.fr\/de\/#organization","name":"Camping Le Fou du Roi","url":"https:\/\/www.campinglefouduroi.fr\/de\/","logo":{"@type":"ImageObject","inLanguage":"de","@id":"https:\/\/www.campinglefouduroi.fr\/de\/#\/schema\/logo\/image\/","url":"https:\/\/www.campinglefouduroi.fr\/wp-content\/uploads\/2021\/10\/logo-fou-du-roi.png","contentUrl":"https:\/\/www.campinglefouduroi.fr\/wp-content\/uploads\/2021\/10\/logo-fou-du-roi.png","width":424,"height":424,"caption":"Camping Le Fou du Roi"},"image":{"@id":"https:\/\/www.campinglefouduroi.fr\/de\/#\/schema\/logo\/image\/"}}]}},"_links":{"self":[{"href":"https:\/\/www.campinglefouduroi.fr\/de\/wp-json\/wp\/v2\/pages\/1883","targetHints":{"allow":["GET"]}}],"collection":[{"href":"https:\/\/www.campinglefouduroi.fr\/de\/wp-json\/wp\/v2\/pages"}],"about":[{"href":"https:\/\/www.campinglefouduroi.fr\/de\/wp-json\/wp\/v2\/types\/page"}],"author":[{"embeddable":true,"href":"https:\/\/www.campinglefouduroi.fr\/de\/wp-json\/wp\/v2\/users\/1"}],"replies":[{"embeddable":true,"href":"https:\/\/www.campinglefouduroi.fr\/de\/wp-json\/wp\/v2\/comments?post=1883"}],"version-history":[{"count":5,"href":"https:\/\/www.campinglefouduroi.fr\/de\/wp-json\/wp\/v2\/pages\/1883\/revisions"}],"predecessor-version":[{"id":4293,"href":"https:\/\/www.campinglefouduroi.fr\/de\/wp-json\/wp\/v2\/pages\/1883\/revisions\/4293"}],"wp:featuredmedia":[{"embeddable":true,"href":"https:\/\/www.campinglefouduroi.fr\/de\/wp-json\/wp\/v2\/media\/1885"}],"wp:attachment":[{"href":"https:\/\/www.campinglefouduroi.fr\/de\/wp-json\/wp\/v2\/media?parent=1883"}],"curies":[{"name":"wp","href":"https:\/\/api.w.org\/{rel}","templated":true}]}}