{"id":1921,"date":"2024-03-15T16:51:14","date_gmt":"2024-03-15T15:51:14","guid":{"rendered":"https:\/\/www.campinglefouduroi.fr\/camping-cevennes\/"},"modified":"2024-03-15T16:51:16","modified_gmt":"2024-03-15T15:51:16","slug":"campingplatz-cevennes","status":"publish","type":"page","link":"https:\/\/www.campinglefouduroi.fr\/de\/campingplatz-cevennes\/","title":{"rendered":"C\u00e9vennes"},"content":{"rendered":"<section id=\"section-612f7b150f476\"\" class=\"section bg-white\" \/><div class=\"container\"><h1 class=\"element section-title center color1\">Campingplatz in der N\u00e4he der Cevennen<\/h1><\/div><\/section>\n\n<section id=\"section-612f7b150fa30\"\" class=\"section home-first bg-white\" \/><div class=\"container extralarge\"><div class=\"colonnes-wrap valign-middle \"><div class=\"element colonne separationphotos\"><div class=\"element images\"><div class=\"image\"><img decoding=\"async\" src=\"https:\/\/www.campinglefouduroi.fr\/wp-content\/uploads\/2021\/09\/camping-fou-du-roi-cevenne-100x50.jpg\" data-src=\"https:\/\/www.campinglefouduroi.fr\/wp-content\/uploads\/2021\/09\/camping-fou-du-roi-cevenne.jpg\" alt=\"tourisme cevennes\" class=\"images_image\" \/><\/div><\/div><div class=\"element images\"><div class=\"image\"><img decoding=\"async\" src=\"https:\/\/www.campinglefouduroi.fr\/wp-content\/uploads\/2021\/09\/camping-cevenne-fou-du-roi-100x50.jpg\" data-src=\"https:\/\/www.campinglefouduroi.fr\/wp-content\/uploads\/2021\/09\/camping-cevenne-fou-du-roi.jpg\" alt=\"visiter cevennes\" class=\"images_image\" \/><\/div><\/div><\/div><div class=\"element colonne \"><h2 class=\"element section-title left color1\">Besuchen Sie die Cevennen<\/h2><div class=\"element bloc-text left \">\n\t<p>Gro\u00dfz\u00fcgiges Gebiet mit starker Identit\u00e4t, <strong class=\"bold color1\">die Cevennen<\/strong> ein reiches und vielf\u00e4ltiges Erbe umfassen. Entdecken Sie Tempel, Kirchen, Kathedralen und Denkm\u00e4ler.<\/p>\n<p>Genie\u00dfen Sie <strong class=\"bold color1\">einer Landschaft der Cevennen<\/strong> Die Region beherbergt auch einige au\u00dfergew\u00f6hnliche M\u00fchlen, die Vase d&#8217;Anduze, die Seidenraupenzucht, den Bergbau, die Eisenbahn, die Kalk\u00f6fen usw. Es gibt auch zahlreiche Schl\u00f6sser zu besichtigen (Soustelle, L\u00e9zan, Anduze usw.).<\/p>\n<p><strong class=\"bold color1\">Spaziergang zwischen Dolmen<\/strong>, R\u00f6mische \u00dcberreste und Kastanienhaine. In den Cevennen gibt es auch einige sehenswerte St\u00e4dte wie Pont-de-Montvert-Sud-Mont-Loz\u00e8re und Florac in <strong class=\"bold color1\">den Nationalpark der Cevennen<\/strong>, V\u00e9z\u00e9nobre und Sauve im Gard, oder Anduze (das &#8222;Tor zu den Cevennen&#8220;) und Saint-Jean-du-Gard.<\/p>\n<\/div><\/div><\/div><\/div><\/section>\n\n<section id=\"section-612f7b150fe60\"\" data-bg-opacite=\"0.2\"data-background=\"https:\/\/www.campinglefouduroi.fr\/wp-content\/uploads\/2021\/09\/bg-tourisme-cevenne.jpg\"data-speed=\"0.8\"class=\"section home-six bg-white section--has-bg-img section_bg-parallax\" \/><div class=\"container full\"><h2 class=\"element section-title left white\">Ausflugsziele in den Cevennen<\/h2><div class=\"element bloc-text left \">\n\t<ul>\n<li style=\"font-weight: 400;\" aria-level=\"1\"><span style=\"font-weight: 400;\">Nationalpark der Cevennen. Die von der Unesco klassifizierten, authentisch erhaltenen Landschaften erstrecken sich \u00fcber einen Teil der Regionen Loz\u00e8re und Gard.<\/span><\/li>\n<li style=\"font-weight: 400;\" aria-level=\"1\"><span style=\"font-weight: 400;\">Pises-Observatorium. In unmittelbarer N\u00e4he des Pises-Sees in 1.300 Metern H\u00f6he k\u00f6nnen Sie mit einem astronomischen Teleskop die Sterne beobachten.<\/span><\/li>\n<li style=\"font-weight: 400;\" aria-level=\"1\"><span style=\"font-weight: 400;\">Mont Aigoual. Der h\u00f6chste Punkt des Gard mit 1.500 Metern bietet eine spektakul\u00e4re Aussicht und beherbergt das Wettermuseum.<\/span><\/li>\n<li style=\"font-weight: 400;\" aria-level=\"1\"><span style=\"font-weight: 400;\">Fahrt mit dem Dampfzug zwischen Saint-Jean-du-Gard und Anduze, um atemberaubende Landschaften zu sehen.<\/span><\/li>\n<li style=\"font-weight: 400;\" aria-level=\"1\"><span style=\"font-weight: 400;\">Causse M\u00e9jean. Dieses Kalksteinplateau geh\u00f6rt zum Unesco-Weltkulturerbe. Sie finden Wildpferde von Przewalski.<\/span><\/li>\n<\/ul>\n<\/div><\/div><\/section>\n\n<section id=\"section-612f7b151035f\"\" class=\"section home-first bg-white\" \/><div class=\"container extralarge\"><div class=\"colonnes-wrap valign-middle \"><div class=\"element colonne \"><h2 class=\"element section-title left color1\">Campingplatz in 51 km Entfernung von den Cevennen<\/h2><div class=\"element bloc-text justify \">\n\t<p><strong class=\"bold color1\">Campingplatz in der N\u00e4he der Cevennen<\/strong>, k\u00f6nnen Sie sich f\u00fcr die Feiertage einrichten bei <strong class=\"bold color1\">Fou du Roi<\/strong>, der Stellpl\u00e4tze, verschiedene Unterkunftsm\u00f6glichkeiten, ein Schwimmbad, aber auch zahlreiche Dienstleistungen und Unterhaltung im Sommer bietet.<\/p>\n<p>In weniger als einer Autostunde erreichen Sie <strong class=\"bold color1\">die Cevennen<\/strong>, etwa f\u00fcnfzig Kilometer von unserem Campingplatz in Lansargues.<\/p>\n<p>Machen Sie es sich in unserem Hotel unter freiem Himmel bequem und entdecken Sie in aller Ruhe die Juwelen des Cevennen-Erbes, von den Natursch\u00e4tzen bis zu den historischen und kulturellen Sch\u00e4tzen.<\/p>\n<p>F\u00fcr einen gelungenen Familienurlaub, besuchen Sie unseren Campingplatz in der N\u00e4he von <strong class=\"bold color1\">der Cevennen<\/strong> die nur darauf warten, dass du kommst !<\/p>\n<\/div><\/div><div class=\"element colonne \"><div class=\"element fancybox-container\"><a class=\"fancybox\" href=\"https:\/\/www.campinglefouduroi.fr\/wp-content\/uploads\/2022\/11\/photo-piscine5.jpg\"><img decoding=\"async\" src=\"https:\/\/www.campinglefouduroi.fr\/wp-content\/uploads\/2022\/11\/photo-piscine5-100x50.jpg\" data-src=\"https:\/\/www.campinglefouduroi.fr\/wp-content\/uploads\/2022\/11\/photo-piscine5.jpg\" alt=\"photo-piscine5\" class=\"images_image\" \/><\/a><\/div><div class=\"element fancybox-container\"><a class=\"fancybox\" href=\"https:\/\/www.campinglefouduroi.fr\/wp-content\/uploads\/2021\/09\/camping-fou-du-roi-alentours-cevennes.jpg\"><img decoding=\"async\" src=\"https:\/\/www.campinglefouduroi.fr\/wp-content\/uploads\/2021\/09\/camping-fou-du-roi-alentours-cevennes-100x50.jpg\" data-src=\"https:\/\/www.campinglefouduroi.fr\/wp-content\/uploads\/2021\/09\/camping-fou-du-roi-alentours-cevennes.jpg\" alt=\"camping hebergement cevennes\" class=\"images_image\" \/><\/a><\/div><\/div><\/div><\/div><\/section>\n\n<section id=\"section-612f7b15106b9\"\" class=\"section bg-color2\" \/><div class=\"container extralarge\"><div class=\"element section-title center titre-cta color1\">AUSFLUGSZIELE IN DER N\u00c4HE DES CAMPINGPLATZES<\/div><ul class=\"liste-de-page\"><li class=\"element call-to-action carre call-to-action--style-1 call-to-action--big\"><a href=\"https:\/\/www.campinglefouduroi.fr\/de\/campingplatz-montpellier\/\"  class=\"call-to-action_link\" title=\"Lesen Sie mehr \u00fcber montpellier\"><div class=\"call-to-action_image\"><img decoding=\"async\" src=\"https:\/\/www.campinglefouduroi.fr\/wp-content\/uploads\/2021\/09\/decouvrir-montpellier-94x100.jpg\" data-src=\"https:\/\/www.campinglefouduroi.fr\/wp-content\/uploads\/2021\/09\/decouvrir-montpellier.jpg\" alt=\"decouvrir montpellier\" class=\"big\" \/><\/div><div class=\"call-to-action_contenu\"><div class=\"call-to-action_titre\">Montpellier<\/div><\/div><\/a><\/li><li class=\"element call-to-action carre call-to-action--style-1 call-to-action--big call-to-action--style-1 call-to-action--big\"><a href=\"https:\/\/www.campinglefouduroi.fr\/de\/campingplatz-nimes\/\"  class=\"call-to-action_link\" title=\"Lesen Sie mehr \u00fcber nimes\"><div class=\"call-to-action_image\"><img decoding=\"async\" src=\"https:\/\/www.campinglefouduroi.fr\/wp-content\/uploads\/2021\/09\/nime-tourisme-94x100.jpg\" data-src=\"https:\/\/www.campinglefouduroi.fr\/wp-content\/uploads\/2021\/09\/nime-tourisme.jpg\" alt=\"nimes tourisme\" class=\"big\" \/><\/div><div class=\"call-to-action_contenu\"><div class=\"call-to-action_titre\">Nimes<\/div><\/div><\/a><\/li><li class=\"element call-to-action carre call-to-action--style-1 call-to-action--big call-to-action--style-1 call-to-action--big call-to-action--style-1 call-to-action--big\"><a href=\"https:\/\/www.campinglefouduroi.fr\/de\/campingplatz-aigues-mortes\/\"  class=\"call-to-action_link\" title=\"Lesen Sie mehr \u00fcber aigues-mortes\"><div class=\"call-to-action_image\"><img decoding=\"async\" src=\"https:\/\/www.campinglefouduroi.fr\/wp-content\/uploads\/2021\/09\/aigues-mortes-tourisme-94x100.jpg\" data-src=\"https:\/\/www.campinglefouduroi.fr\/wp-content\/uploads\/2021\/09\/aigues-mortes-tourisme.jpg\" alt=\"aigues mortes tourisme\" class=\"big\" \/><\/div><div class=\"call-to-action_contenu\"><div class=\"call-to-action_titre\">Aigues-Mortes<\/div><\/div><\/a><\/li><\/ul><\/div><\/section>","protected":false},"excerpt":{"rendered":"","protected":false},"author":1,"featured_media":1923,"parent":0,"menu_order":0,"comment_status":"closed","ping_status":"closed","template":"","meta":{"_acf_changed":false,"footnotes":""},"class_list":["post-1921","page","type-page","status-publish","has-post-thumbnail","hentry"],"acf":[],"yoast_head":"<!-- This site is optimized with the Yoast SEO plugin v25.3 - https:\/\/yoast.com\/wordpress\/plugins\/seo\/ -->\n<title>Fou du Roi 3-Sterne-Campingplatz etablieren.<\/title>\n<meta name=\"description\" content=\"Camping in der N\u00e4he der Cevennen, k\u00f6nnen Sie die Zeit des Urlaubs im Fou du Roi 3-Sterne-Campingplatz etablieren.\" \/>\n<meta name=\"robots\" content=\"index, follow, max-snippet:-1, max-image-preview:large, max-video-preview:-1\" \/>\n<link rel=\"canonical\" href=\"https:\/\/www.campinglefouduroi.fr\/de\/campingplatz-cevennes\/\" \/>\n<meta property=\"og:locale\" content=\"de_DE\" \/>\n<meta property=\"og:type\" content=\"article\" \/>\n<meta property=\"og:title\" content=\"Fou du Roi 3-Sterne-Campingplatz etablieren.\" \/>\n<meta property=\"og:description\" content=\"Camping in der N\u00e4he der Cevennen, k\u00f6nnen Sie die Zeit des Urlaubs im Fou du Roi 3-Sterne-Campingplatz etablieren.\" \/>\n<meta property=\"og:url\" content=\"https:\/\/www.campinglefouduroi.fr\/de\/campingplatz-cevennes\/\" \/>\n<meta property=\"og:site_name\" content=\"Camping Fou du Roi\" \/>\n<meta property=\"article:modified_time\" content=\"2024-03-15T15:51:16+00:00\" \/>\n<meta property=\"og:image\" content=\"https:\/\/www.campinglefouduroi.fr\/wp-content\/uploads\/2021\/09\/bg-cevenne-tourisme.jpg\" \/>\n\t<meta property=\"og:image:width\" content=\"1900\" \/>\n\t<meta property=\"og:image:height\" content=\"700\" \/>\n\t<meta property=\"og:image:type\" content=\"image\/jpeg\" \/>\n<meta name=\"twitter:card\" content=\"summary_large_image\" \/>\n<meta name=\"twitter:label1\" content=\"Gesch\u00e4tzte Lesezeit\" \/>\n\t<meta name=\"twitter:data1\" content=\"1\u00a0Minute\" \/>\n<script type=\"application\/ld+json\" class=\"yoast-schema-graph\">{\"@context\":\"https:\/\/schema.org\",\"@graph\":[{\"@type\":\"WebPage\",\"@id\":\"https:\/\/www.campinglefouduroi.fr\/de\/campingplatz-cevennes\/\",\"url\":\"https:\/\/www.campinglefouduroi.fr\/de\/campingplatz-cevennes\/\",\"name\":\"Fou du Roi 3-Sterne-Campingplatz etablieren.\",\"isPartOf\":{\"@id\":\"https:\/\/www.campinglefouduroi.fr\/de\/#website\"},\"primaryImageOfPage\":{\"@id\":\"https:\/\/www.campinglefouduroi.fr\/de\/campingplatz-cevennes\/#primaryimage\"},\"image\":{\"@id\":\"https:\/\/www.campinglefouduroi.fr\/de\/campingplatz-cevennes\/#primaryimage\"},\"thumbnailUrl\":\"https:\/\/www.campinglefouduroi.fr\/wp-content\/uploads\/2021\/09\/bg-cevenne-tourisme.jpg\",\"datePublished\":\"2024-03-15T15:51:14+00:00\",\"dateModified\":\"2024-03-15T15:51:16+00:00\",\"description\":\"Camping in der N\u00e4he der Cevennen, k\u00f6nnen Sie die Zeit des Urlaubs im Fou du Roi 3-Sterne-Campingplatz etablieren.\",\"breadcrumb\":{\"@id\":\"https:\/\/www.campinglefouduroi.fr\/de\/campingplatz-cevennes\/#breadcrumb\"},\"inLanguage\":\"de\",\"potentialAction\":[{\"@type\":\"ReadAction\",\"target\":[\"https:\/\/www.campinglefouduroi.fr\/de\/campingplatz-cevennes\/\"]}]},{\"@type\":\"ImageObject\",\"inLanguage\":\"de\",\"@id\":\"https:\/\/www.campinglefouduroi.fr\/de\/campingplatz-cevennes\/#primaryimage\",\"url\":\"https:\/\/www.campinglefouduroi.fr\/wp-content\/uploads\/2021\/09\/bg-cevenne-tourisme.jpg\",\"contentUrl\":\"https:\/\/www.campinglefouduroi.fr\/wp-content\/uploads\/2021\/09\/bg-cevenne-tourisme.jpg\",\"width\":1900,\"height\":700},{\"@type\":\"BreadcrumbList\",\"@id\":\"https:\/\/www.campinglefouduroi.fr\/de\/campingplatz-cevennes\/#breadcrumb\",\"itemListElement\":[{\"@type\":\"ListItem\",\"position\":1,\"name\":\"Camping H\u00e9rault\",\"item\":\"https:\/\/www.campinglefouduroi.fr\/de\/\"},{\"@type\":\"ListItem\",\"position\":2,\"name\":\"Campingplatz in der N\u00e4he der Cevennen\"}]},{\"@type\":\"WebSite\",\"@id\":\"https:\/\/www.campinglefouduroi.fr\/de\/#website\",\"url\":\"https:\/\/www.campinglefouduroi.fr\/de\/\",\"name\":\"Camping Fou du Roi\",\"description\":\"\",\"publisher\":{\"@id\":\"https:\/\/www.campinglefouduroi.fr\/de\/#organization\"},\"potentialAction\":[{\"@type\":\"SearchAction\",\"target\":{\"@type\":\"EntryPoint\",\"urlTemplate\":\"https:\/\/www.campinglefouduroi.fr\/de\/?s={search_term_string}\"},\"query-input\":{\"@type\":\"PropertyValueSpecification\",\"valueRequired\":true,\"valueName\":\"search_term_string\"}}],\"inLanguage\":\"de\"},{\"@type\":\"Organization\",\"@id\":\"https:\/\/www.campinglefouduroi.fr\/de\/#organization\",\"name\":\"Camping Le Fou du Roi\",\"url\":\"https:\/\/www.campinglefouduroi.fr\/de\/\",\"logo\":{\"@type\":\"ImageObject\",\"inLanguage\":\"de\",\"@id\":\"https:\/\/www.campinglefouduroi.fr\/de\/#\/schema\/logo\/image\/\",\"url\":\"https:\/\/www.campinglefouduroi.fr\/wp-content\/uploads\/2021\/10\/logo-fou-du-roi.png\",\"contentUrl\":\"https:\/\/www.campinglefouduroi.fr\/wp-content\/uploads\/2021\/10\/logo-fou-du-roi.png\",\"width\":424,\"height\":424,\"caption\":\"Camping Le Fou du Roi\"},\"image\":{\"@id\":\"https:\/\/www.campinglefouduroi.fr\/de\/#\/schema\/logo\/image\/\"}}]}<\/script>\n<!-- \/ Yoast SEO plugin. -->","yoast_head_json":{"title":"Fou du Roi 3-Sterne-Campingplatz etablieren.","description":"Camping in der N\u00e4he der Cevennen, k\u00f6nnen Sie die Zeit des Urlaubs im Fou du Roi 3-Sterne-Campingplatz etablieren.","robots":{"index":"index","follow":"follow","max-snippet":"max-snippet:-1","max-image-preview":"max-image-preview:large","max-video-preview":"max-video-preview:-1"},"canonical":"https:\/\/www.campinglefouduroi.fr\/de\/campingplatz-cevennes\/","og_locale":"de_DE","og_type":"article","og_title":"Fou du Roi 3-Sterne-Campingplatz etablieren.","og_description":"Camping in der N\u00e4he der Cevennen, k\u00f6nnen Sie die Zeit des Urlaubs im Fou du Roi 3-Sterne-Campingplatz etablieren.","og_url":"https:\/\/www.campinglefouduroi.fr\/de\/campingplatz-cevennes\/","og_site_name":"Camping Fou du Roi","article_modified_time":"2024-03-15T15:51:16+00:00","og_image":[{"width":1900,"height":700,"url":"https:\/\/www.campinglefouduroi.fr\/wp-content\/uploads\/2021\/09\/bg-cevenne-tourisme.jpg","type":"image\/jpeg"}],"twitter_card":"summary_large_image","twitter_misc":{"Gesch\u00e4tzte Lesezeit":"1\u00a0Minute"},"schema":{"@context":"https:\/\/schema.org","@graph":[{"@type":"WebPage","@id":"https:\/\/www.campinglefouduroi.fr\/de\/campingplatz-cevennes\/","url":"https:\/\/www.campinglefouduroi.fr\/de\/campingplatz-cevennes\/","name":"Fou du Roi 3-Sterne-Campingplatz etablieren.","isPartOf":{"@id":"https:\/\/www.campinglefouduroi.fr\/de\/#website"},"primaryImageOfPage":{"@id":"https:\/\/www.campinglefouduroi.fr\/de\/campingplatz-cevennes\/#primaryimage"},"image":{"@id":"https:\/\/www.campinglefouduroi.fr\/de\/campingplatz-cevennes\/#primaryimage"},"thumbnailUrl":"https:\/\/www.campinglefouduroi.fr\/wp-content\/uploads\/2021\/09\/bg-cevenne-tourisme.jpg","datePublished":"2024-03-15T15:51:14+00:00","dateModified":"2024-03-15T15:51:16+00:00","description":"Camping in der N\u00e4he der Cevennen, k\u00f6nnen Sie die Zeit des Urlaubs im Fou du Roi 3-Sterne-Campingplatz etablieren.","breadcrumb":{"@id":"https:\/\/www.campinglefouduroi.fr\/de\/campingplatz-cevennes\/#breadcrumb"},"inLanguage":"de","potentialAction":[{"@type":"ReadAction","target":["https:\/\/www.campinglefouduroi.fr\/de\/campingplatz-cevennes\/"]}]},{"@type":"ImageObject","inLanguage":"de","@id":"https:\/\/www.campinglefouduroi.fr\/de\/campingplatz-cevennes\/#primaryimage","url":"https:\/\/www.campinglefouduroi.fr\/wp-content\/uploads\/2021\/09\/bg-cevenne-tourisme.jpg","contentUrl":"https:\/\/www.campinglefouduroi.fr\/wp-content\/uploads\/2021\/09\/bg-cevenne-tourisme.jpg","width":1900,"height":700},{"@type":"BreadcrumbList","@id":"https:\/\/www.campinglefouduroi.fr\/de\/campingplatz-cevennes\/#breadcrumb","itemListElement":[{"@type":"ListItem","position":1,"name":"Camping H\u00e9rault","item":"https:\/\/www.campinglefouduroi.fr\/de\/"},{"@type":"ListItem","position":2,"name":"Campingplatz in der N\u00e4he der Cevennen"}]},{"@type":"WebSite","@id":"https:\/\/www.campinglefouduroi.fr\/de\/#website","url":"https:\/\/www.campinglefouduroi.fr\/de\/","name":"Camping Fou du Roi","description":"","publisher":{"@id":"https:\/\/www.campinglefouduroi.fr\/de\/#organization"},"potentialAction":[{"@type":"SearchAction","target":{"@type":"EntryPoint","urlTemplate":"https:\/\/www.campinglefouduroi.fr\/de\/?s={search_term_string}"},"query-input":{"@type":"PropertyValueSpecification","valueRequired":true,"valueName":"search_term_string"}}],"inLanguage":"de"},{"@type":"Organization","@id":"https:\/\/www.campinglefouduroi.fr\/de\/#organization","name":"Camping Le Fou du Roi","url":"https:\/\/www.campinglefouduroi.fr\/de\/","logo":{"@type":"ImageObject","inLanguage":"de","@id":"https:\/\/www.campinglefouduroi.fr\/de\/#\/schema\/logo\/image\/","url":"https:\/\/www.campinglefouduroi.fr\/wp-content\/uploads\/2021\/10\/logo-fou-du-roi.png","contentUrl":"https:\/\/www.campinglefouduroi.fr\/wp-content\/uploads\/2021\/10\/logo-fou-du-roi.png","width":424,"height":424,"caption":"Camping Le Fou du Roi"},"image":{"@id":"https:\/\/www.campinglefouduroi.fr\/de\/#\/schema\/logo\/image\/"}}]}},"_links":{"self":[{"href":"https:\/\/www.campinglefouduroi.fr\/de\/wp-json\/wp\/v2\/pages\/1921","targetHints":{"allow":["GET"]}}],"collection":[{"href":"https:\/\/www.campinglefouduroi.fr\/de\/wp-json\/wp\/v2\/pages"}],"about":[{"href":"https:\/\/www.campinglefouduroi.fr\/de\/wp-json\/wp\/v2\/types\/page"}],"author":[{"embeddable":true,"href":"https:\/\/www.campinglefouduroi.fr\/de\/wp-json\/wp\/v2\/users\/1"}],"replies":[{"embeddable":true,"href":"https:\/\/www.campinglefouduroi.fr\/de\/wp-json\/wp\/v2\/comments?post=1921"}],"version-history":[{"count":4,"href":"https:\/\/www.campinglefouduroi.fr\/de\/wp-json\/wp\/v2\/pages\/1921\/revisions"}],"predecessor-version":[{"id":3532,"href":"https:\/\/www.campinglefouduroi.fr\/de\/wp-json\/wp\/v2\/pages\/1921\/revisions\/3532"}],"wp:featuredmedia":[{"embeddable":true,"href":"https:\/\/www.campinglefouduroi.fr\/de\/wp-json\/wp\/v2\/media\/1923"}],"wp:attachment":[{"href":"https:\/\/www.campinglefouduroi.fr\/de\/wp-json\/wp\/v2\/media?parent=1921"}],"curies":[{"name":"wp","href":"https:\/\/api.w.org\/{rel}","templated":true}]}}