{"id":1967,"date":"2024-03-15T17:24:00","date_gmt":"2024-03-15T16:24:00","guid":{"rendered":"https:\/\/www.campinglefouduroi.fr\/camping-grau-du-roi\/"},"modified":"2024-03-15T17:24:01","modified_gmt":"2024-03-15T16:24:01","slug":"campingplatz-grau-du-roi","status":"publish","type":"page","link":"https:\/\/www.campinglefouduroi.fr\/de\/campingplatz-grau-du-roi\/","title":{"rendered":"Grau du roi"},"content":{"rendered":"<section id=\"section-612f5545ef653\"\" class=\"section bg-white\" \/><div class=\"container\"><h1 class=\"element section-title center color1\">Campingplatz bei Grau-du-Roi<\/h1><\/div><\/section>\n\n<section id=\"section-612f5545efa5b\"\" class=\"section home-first bg-white\" \/><div class=\"container extralarge\"><div class=\"colonnes-wrap valign-middle \"><div class=\"element colonne separationphotos\"><div class=\"element images\"><div class=\"image\"><img decoding=\"async\" src=\"https:\/\/www.campinglefouduroi.fr\/wp-content\/uploads\/2021\/09\/fou-du-roi-camping-grau-du-roi-100x50.jpg\" data-src=\"https:\/\/www.campinglefouduroi.fr\/wp-content\/uploads\/2021\/09\/fou-du-roi-camping-grau-du-roi.jpg\" alt=\"visiter port grau du roi\" class=\"images_image\" \/><\/div><\/div><div class=\"element images\"><div class=\"image\"><img decoding=\"async\" src=\"https:\/\/www.campinglefouduroi.fr\/wp-content\/uploads\/2021\/09\/fou-du-roi-camping-grau-du-roi-port-100x50.jpg\" data-src=\"https:\/\/www.campinglefouduroi.fr\/wp-content\/uploads\/2021\/09\/fou-du-roi-camping-grau-du-roi-port.jpg\" alt=\"port grau du roi\" class=\"images_image\" \/><\/div><\/div><\/div><div class=\"element colonne \"><h2 class=\"element section-title left color1\">Ferien in Grau-du-Roi<\/h2><div class=\"element bloc-text left \">\n\t<p><strong class=\"bold color1\">An der Pforte zur Camargue<\/strong>, Ausnutzung eines privilegierten Umfelds, <strong class=\"bold color1\">Grau-du-Roi<\/strong> hat sich zu einem bekannten Badeort voller Leben entwickelt. Der Fischereihafen im Herzen der Stadt ist einer der gr\u00f6\u00dften an der franz\u00f6sischen Mittelmeerk\u00fcste, den es zu besuchen gilt.<\/p>\n<p><strong class=\"bold color1\">Port-Camargue<\/strong> ist der gr\u00f6\u00dfte Jachthafen Europas mit etwa 5.000 Booten. <strong class=\"bold color1\">Grau-du-Roi<\/strong> ist eine Stadt zum Spazierengehen, Entspannen und f\u00fcr Wassersportaktivit\u00e4ten, mit dem gro\u00dfen Strand von Espiguette und dem Strand von Boucanet.<\/p>\n<p>Siehe auch <strong class=\"bold color1\">die M\u00e4rkte von Grau-du-Roi<\/strong>, vom traditionellen Markt \u00fcber den Biomarkt bis zum Fischmarkt.<\/p>\n<\/div><\/div><\/div><\/div><\/section>\n\n<section id=\"section-612f5545efcc3\"\" data-bg-opacite=\"0.2\"data-background=\"https:\/\/www.campinglefouduroi.fr\/wp-content\/uploads\/2021\/09\/bg-grau-du-roi-tourisme.jpg\"data-speed=\"0.8\"class=\"section home-six bg-white section--has-bg-img section_bg-parallax\" \/><div class=\"container full\"><h2 class=\"element section-title left white\">Dinge zu tun in Grau-du-Roi<\/h2><div class=\"element bloc-text justify \">\n\t<ul>\n<li style=\"font-weight: 400;\" aria-level=\"1\"><span style=\"font-weight: 400;\">Das Seaquarium: In der Avenue du Palais de la Mer in Le Grau-du-Roi k\u00f6nnen mehr als 200 Fischarten aus den warmen Meeren und dem Mittelmeer sowie Haie, Seel\u00f6wen und Robben bewundert werden..<\/span><\/li>\n<li style=\"font-weight: 400;\" aria-level=\"1\"><span style=\"font-weight: 400;\">Das Flamingo Casino: Es liegt an der Route de l&#8217;Espiguette und ist ein Muss w\u00e4hrend Ihres Urlaubs im Gard.<\/span><\/li>\n<li style=\"font-weight: 400;\" aria-level=\"1\"><span style=\"font-weight: 400;\">La Maison M\u00e9diterran\u00e9enne des Vins: ebenfalls an der Route de l&#8217;Espiguette, entdecken Sie das Terroir und seine lokalen Weine.<\/span><\/li>\n<li style=\"font-weight: 400;\" aria-level=\"1\"><span style=\"font-weight: 400;\">Les Ar\u00e8nes: liegt an der Route d&#8217;Aigues-Mortes. Sie veranstalten Stierk\u00e4mpfe, Reitturniere und Rennen.<\/span><\/li>\n<li style=\"font-weight: 400;\" aria-level=\"1\"><span style=\"font-weight: 400;\">Luna Park Amigoland: der Rummelplatz zwischen Fahrgesch\u00e4ften und Zuckerwatte, route de l&#8217;Espiguette.<\/span><\/li>\n<\/ul>\n<\/div><\/div><\/section>\n\n<section id=\"section-612f5545f0066\"\" class=\"section home-first bg-white\" \/><div class=\"container extralarge\"><div class=\"colonnes-wrap valign-middle \"><div class=\"element colonne \"><h2 class=\"element section-title left color1\">Campingplatz bei 27 km von Grau-du-Roi<\/h2><div class=\"element bloc-text justify \">\n\t<p>Campingplatz le Fou du Roi in der N\u00e4he des <strong class=\"bold color1\">Grau-du-Roi<\/strong>, bietet Stellpl\u00e4tze und Bungalows zur Miete f\u00fcr 2 bis 6 Urlauber und bietet Zugang zu erstklassigen Dienstleistungen, einem Schwimmbad und Unterhaltung.<\/p>\n<p>\u00dcber <strong class=\"bold color1\">27 km von Grau-du-Roi<\/strong> (Die Lage unseres Hotels unter freiem Himmel ist ideal, um das kulturelle Erbe der Stadt zu entdecken und die Freizeit mit Ihren Kindern zu verbringen.<\/p>\n<p>Um zwischen kulturellen Besichtigungen und spielerischen Ausfl\u00fcgen unter strahlender Sonne neue Energie zu tanken, buchen Sie Ihren Familienurlaub im Le Fou du Roi, <strong class=\"bold color1\">Campingplatz bei Le Grau-du-Roi<\/strong>.<\/p>\n<\/div><\/div><div class=\"element colonne \"><div class=\"element fancybox-container\"><a class=\"fancybox\" href=\"https:\/\/www.campinglefouduroi.fr\/wp-content\/uploads\/2021\/09\/camping-fou-du-roi-alentours-grau-du-roi.jpg\"><img decoding=\"async\" src=\"https:\/\/www.campinglefouduroi.fr\/wp-content\/uploads\/2021\/09\/camping-fou-du-roi-alentours-grau-du-roi-100x50.jpg\" data-src=\"https:\/\/www.campinglefouduroi.fr\/wp-content\/uploads\/2021\/09\/camping-fou-du-roi-alentours-grau-du-roi.jpg\" alt=\"tourisme grau du roi\" class=\"images_image\" \/><\/a><\/div><div class=\"element fancybox-container\"><a class=\"fancybox\" href=\"https:\/\/www.campinglefouduroi.fr\/wp-content\/uploads\/2021\/09\/camping-fou-du-roi-alentours-grau-roi.jpg\"><img decoding=\"async\" src=\"https:\/\/www.campinglefouduroi.fr\/wp-content\/uploads\/2021\/09\/camping-fou-du-roi-alentours-grau-roi-100x50.jpg\" data-src=\"https:\/\/www.campinglefouduroi.fr\/wp-content\/uploads\/2021\/09\/camping-fou-du-roi-alentours-grau-roi.jpg\" alt=\"alentours grau du roi\" class=\"images_image\" \/><\/a><\/div><\/div><\/div><\/div><\/section>\n\n<section id=\"section-612f5545f03a9\"\" class=\"section bg-color2\" \/><div class=\"container extralarge\"><div class=\"element section-title center titre-cta color1\">Entdecken Sie die Orte in der N\u00e4he von Fou du roi<\/div><ul class=\"liste-de-page\"><li class=\"element call-to-action carre call-to-action--style-1 call-to-action--big\"><a href=\"https:\/\/www.campinglefouduroi.fr\/de\/campingplatz-montpellier\/\"  class=\"call-to-action_link\" title=\"Lesen Sie mehr \u00fcber montpellier\"><div class=\"call-to-action_image\"><img decoding=\"async\" src=\"https:\/\/www.campinglefouduroi.fr\/wp-content\/uploads\/2021\/09\/decouvrir-montpellier-94x100.jpg\" data-src=\"https:\/\/www.campinglefouduroi.fr\/wp-content\/uploads\/2021\/09\/decouvrir-montpellier.jpg\" alt=\"decouvrir montpellier\" class=\"big\" \/><\/div><div class=\"call-to-action_contenu\"><div class=\"call-to-action_titre\">Montpellier<\/div><\/div><\/a><\/li><li class=\"element call-to-action carre call-to-action--style-1 call-to-action--big call-to-action--style-1 call-to-action--big\"><a href=\"https:\/\/www.campinglefouduroi.fr\/de\/campingplatz-nimes\/\"  class=\"call-to-action_link\" title=\"Lesen Sie mehr \u00fcber nimes\"><div class=\"call-to-action_image\"><img decoding=\"async\" src=\"https:\/\/www.campinglefouduroi.fr\/wp-content\/uploads\/2021\/09\/nime-tourisme-94x100.jpg\" data-src=\"https:\/\/www.campinglefouduroi.fr\/wp-content\/uploads\/2021\/09\/nime-tourisme.jpg\" alt=\"nimes tourisme\" class=\"big\" \/><\/div><div class=\"call-to-action_contenu\"><div class=\"call-to-action_titre\">Nimes<\/div><\/div><\/a><\/li><li class=\"element call-to-action carre call-to-action--style-1 call-to-action--big call-to-action--style-1 call-to-action--big call-to-action--style-1 call-to-action--big\"><a href=\"https:\/\/www.campinglefouduroi.fr\/de\/campingplatz-grande-motte\/\"  class=\"call-to-action_link\" title=\"Lesen Sie mehr \u00fcber la grande motte\"><div class=\"call-to-action_image\"><img decoding=\"async\" src=\"https:\/\/www.campinglefouduroi.fr\/wp-content\/uploads\/2021\/09\/camping-grande-motte-94x100.jpg\" data-src=\"https:\/\/www.campinglefouduroi.fr\/wp-content\/uploads\/2021\/09\/camping-grande-motte.jpg\" alt=\"camping grande motte\" class=\"big\" \/><\/div><div class=\"call-to-action_contenu\"><div class=\"call-to-action_titre\">La grande Motte<\/div><\/div><\/a><\/li><\/ul><\/div><\/section>","protected":false},"excerpt":{"rendered":"","protected":false},"author":1,"featured_media":1969,"parent":0,"menu_order":0,"comment_status":"closed","ping_status":"closed","template":"","meta":{"_acf_changed":false,"footnotes":""},"class_list":["post-1967","page","type-page","status-publish","has-post-thumbnail","hentry"],"acf":[],"yoast_head":"<!-- This site is optimized with the Yoast SEO plugin v25.3 - https:\/\/yoast.com\/wordpress\/plugins\/seo\/ -->\n<title>Campingplatz bei Grau-du-Roi<\/title>\n<meta name=\"description\" content=\"Der Narr des K\u00f6nigs in der N\u00e4he von Grau-du-Roi liegt im Herzen der Stadt, sein Fischerhafen ist einer der gr\u00f6\u00dften an der Mittelmeerk\u00fcste Frankreichs.\" \/>\n<meta name=\"robots\" content=\"index, follow, max-snippet:-1, max-image-preview:large, max-video-preview:-1\" \/>\n<link rel=\"canonical\" href=\"https:\/\/www.campinglefouduroi.fr\/de\/campingplatz-grau-du-roi\/\" \/>\n<meta property=\"og:locale\" content=\"de_DE\" \/>\n<meta property=\"og:type\" content=\"article\" \/>\n<meta property=\"og:title\" content=\"Campingplatz bei Grau-du-Roi\" \/>\n<meta property=\"og:description\" content=\"Der Narr des K\u00f6nigs in der N\u00e4he von Grau-du-Roi liegt im Herzen der Stadt, sein Fischerhafen ist einer der gr\u00f6\u00dften an der Mittelmeerk\u00fcste Frankreichs.\" \/>\n<meta property=\"og:url\" content=\"https:\/\/www.campinglefouduroi.fr\/de\/campingplatz-grau-du-roi\/\" \/>\n<meta property=\"og:site_name\" content=\"Camping Fou du Roi\" \/>\n<meta property=\"article:modified_time\" content=\"2024-03-15T16:24:01+00:00\" \/>\n<meta property=\"og:image\" content=\"https:\/\/www.campinglefouduroi.fr\/wp-content\/uploads\/2021\/09\/bg-nime-tourisme-grau-du-roi.jpg\" \/>\n\t<meta property=\"og:image:width\" content=\"1900\" \/>\n\t<meta property=\"og:image:height\" content=\"700\" \/>\n\t<meta property=\"og:image:type\" content=\"image\/jpeg\" \/>\n<meta name=\"twitter:card\" content=\"summary_large_image\" \/>\n<meta name=\"twitter:label1\" content=\"Gesch\u00e4tzte Lesezeit\" \/>\n\t<meta name=\"twitter:data1\" content=\"1\u00a0Minute\" \/>\n<script type=\"application\/ld+json\" class=\"yoast-schema-graph\">{\"@context\":\"https:\/\/schema.org\",\"@graph\":[{\"@type\":\"WebPage\",\"@id\":\"https:\/\/www.campinglefouduroi.fr\/de\/campingplatz-grau-du-roi\/\",\"url\":\"https:\/\/www.campinglefouduroi.fr\/de\/campingplatz-grau-du-roi\/\",\"name\":\"Campingplatz bei Grau-du-Roi\",\"isPartOf\":{\"@id\":\"https:\/\/www.campinglefouduroi.fr\/de\/#website\"},\"primaryImageOfPage\":{\"@id\":\"https:\/\/www.campinglefouduroi.fr\/de\/campingplatz-grau-du-roi\/#primaryimage\"},\"image\":{\"@id\":\"https:\/\/www.campinglefouduroi.fr\/de\/campingplatz-grau-du-roi\/#primaryimage\"},\"thumbnailUrl\":\"https:\/\/www.campinglefouduroi.fr\/wp-content\/uploads\/2021\/09\/bg-nime-tourisme-grau-du-roi.jpg\",\"datePublished\":\"2024-03-15T16:24:00+00:00\",\"dateModified\":\"2024-03-15T16:24:01+00:00\",\"description\":\"Der Narr des K\u00f6nigs in der N\u00e4he von Grau-du-Roi liegt im Herzen der Stadt, sein Fischerhafen ist einer der gr\u00f6\u00dften an der Mittelmeerk\u00fcste Frankreichs.\",\"breadcrumb\":{\"@id\":\"https:\/\/www.campinglefouduroi.fr\/de\/campingplatz-grau-du-roi\/#breadcrumb\"},\"inLanguage\":\"de\",\"potentialAction\":[{\"@type\":\"ReadAction\",\"target\":[\"https:\/\/www.campinglefouduroi.fr\/de\/campingplatz-grau-du-roi\/\"]}]},{\"@type\":\"ImageObject\",\"inLanguage\":\"de\",\"@id\":\"https:\/\/www.campinglefouduroi.fr\/de\/campingplatz-grau-du-roi\/#primaryimage\",\"url\":\"https:\/\/www.campinglefouduroi.fr\/wp-content\/uploads\/2021\/09\/bg-nime-tourisme-grau-du-roi.jpg\",\"contentUrl\":\"https:\/\/www.campinglefouduroi.fr\/wp-content\/uploads\/2021\/09\/bg-nime-tourisme-grau-du-roi.jpg\",\"width\":1900,\"height\":700},{\"@type\":\"BreadcrumbList\",\"@id\":\"https:\/\/www.campinglefouduroi.fr\/de\/campingplatz-grau-du-roi\/#breadcrumb\",\"itemListElement\":[{\"@type\":\"ListItem\",\"position\":1,\"name\":\"Camping H\u00e9rault\",\"item\":\"https:\/\/www.campinglefouduroi.fr\/de\/\"},{\"@type\":\"ListItem\",\"position\":2,\"name\":\"Campingplatz bei Grau-du-Roi\"}]},{\"@type\":\"WebSite\",\"@id\":\"https:\/\/www.campinglefouduroi.fr\/de\/#website\",\"url\":\"https:\/\/www.campinglefouduroi.fr\/de\/\",\"name\":\"Camping Fou du Roi\",\"description\":\"\",\"publisher\":{\"@id\":\"https:\/\/www.campinglefouduroi.fr\/de\/#organization\"},\"potentialAction\":[{\"@type\":\"SearchAction\",\"target\":{\"@type\":\"EntryPoint\",\"urlTemplate\":\"https:\/\/www.campinglefouduroi.fr\/de\/?s={search_term_string}\"},\"query-input\":{\"@type\":\"PropertyValueSpecification\",\"valueRequired\":true,\"valueName\":\"search_term_string\"}}],\"inLanguage\":\"de\"},{\"@type\":\"Organization\",\"@id\":\"https:\/\/www.campinglefouduroi.fr\/de\/#organization\",\"name\":\"Camping Le Fou du Roi\",\"url\":\"https:\/\/www.campinglefouduroi.fr\/de\/\",\"logo\":{\"@type\":\"ImageObject\",\"inLanguage\":\"de\",\"@id\":\"https:\/\/www.campinglefouduroi.fr\/de\/#\/schema\/logo\/image\/\",\"url\":\"https:\/\/www.campinglefouduroi.fr\/wp-content\/uploads\/2021\/10\/logo-fou-du-roi.png\",\"contentUrl\":\"https:\/\/www.campinglefouduroi.fr\/wp-content\/uploads\/2021\/10\/logo-fou-du-roi.png\",\"width\":424,\"height\":424,\"caption\":\"Camping Le Fou du Roi\"},\"image\":{\"@id\":\"https:\/\/www.campinglefouduroi.fr\/de\/#\/schema\/logo\/image\/\"}}]}<\/script>\n<!-- \/ Yoast SEO plugin. -->","yoast_head_json":{"title":"Campingplatz bei Grau-du-Roi","description":"Der Narr des K\u00f6nigs in der N\u00e4he von Grau-du-Roi liegt im Herzen der Stadt, sein Fischerhafen ist einer der gr\u00f6\u00dften an der Mittelmeerk\u00fcste Frankreichs.","robots":{"index":"index","follow":"follow","max-snippet":"max-snippet:-1","max-image-preview":"max-image-preview:large","max-video-preview":"max-video-preview:-1"},"canonical":"https:\/\/www.campinglefouduroi.fr\/de\/campingplatz-grau-du-roi\/","og_locale":"de_DE","og_type":"article","og_title":"Campingplatz bei Grau-du-Roi","og_description":"Der Narr des K\u00f6nigs in der N\u00e4he von Grau-du-Roi liegt im Herzen der Stadt, sein Fischerhafen ist einer der gr\u00f6\u00dften an der Mittelmeerk\u00fcste Frankreichs.","og_url":"https:\/\/www.campinglefouduroi.fr\/de\/campingplatz-grau-du-roi\/","og_site_name":"Camping Fou du Roi","article_modified_time":"2024-03-15T16:24:01+00:00","og_image":[{"width":1900,"height":700,"url":"https:\/\/www.campinglefouduroi.fr\/wp-content\/uploads\/2021\/09\/bg-nime-tourisme-grau-du-roi.jpg","type":"image\/jpeg"}],"twitter_card":"summary_large_image","twitter_misc":{"Gesch\u00e4tzte Lesezeit":"1\u00a0Minute"},"schema":{"@context":"https:\/\/schema.org","@graph":[{"@type":"WebPage","@id":"https:\/\/www.campinglefouduroi.fr\/de\/campingplatz-grau-du-roi\/","url":"https:\/\/www.campinglefouduroi.fr\/de\/campingplatz-grau-du-roi\/","name":"Campingplatz bei Grau-du-Roi","isPartOf":{"@id":"https:\/\/www.campinglefouduroi.fr\/de\/#website"},"primaryImageOfPage":{"@id":"https:\/\/www.campinglefouduroi.fr\/de\/campingplatz-grau-du-roi\/#primaryimage"},"image":{"@id":"https:\/\/www.campinglefouduroi.fr\/de\/campingplatz-grau-du-roi\/#primaryimage"},"thumbnailUrl":"https:\/\/www.campinglefouduroi.fr\/wp-content\/uploads\/2021\/09\/bg-nime-tourisme-grau-du-roi.jpg","datePublished":"2024-03-15T16:24:00+00:00","dateModified":"2024-03-15T16:24:01+00:00","description":"Der Narr des K\u00f6nigs in der N\u00e4he von Grau-du-Roi liegt im Herzen der Stadt, sein Fischerhafen ist einer der gr\u00f6\u00dften an der Mittelmeerk\u00fcste Frankreichs.","breadcrumb":{"@id":"https:\/\/www.campinglefouduroi.fr\/de\/campingplatz-grau-du-roi\/#breadcrumb"},"inLanguage":"de","potentialAction":[{"@type":"ReadAction","target":["https:\/\/www.campinglefouduroi.fr\/de\/campingplatz-grau-du-roi\/"]}]},{"@type":"ImageObject","inLanguage":"de","@id":"https:\/\/www.campinglefouduroi.fr\/de\/campingplatz-grau-du-roi\/#primaryimage","url":"https:\/\/www.campinglefouduroi.fr\/wp-content\/uploads\/2021\/09\/bg-nime-tourisme-grau-du-roi.jpg","contentUrl":"https:\/\/www.campinglefouduroi.fr\/wp-content\/uploads\/2021\/09\/bg-nime-tourisme-grau-du-roi.jpg","width":1900,"height":700},{"@type":"BreadcrumbList","@id":"https:\/\/www.campinglefouduroi.fr\/de\/campingplatz-grau-du-roi\/#breadcrumb","itemListElement":[{"@type":"ListItem","position":1,"name":"Camping H\u00e9rault","item":"https:\/\/www.campinglefouduroi.fr\/de\/"},{"@type":"ListItem","position":2,"name":"Campingplatz bei Grau-du-Roi"}]},{"@type":"WebSite","@id":"https:\/\/www.campinglefouduroi.fr\/de\/#website","url":"https:\/\/www.campinglefouduroi.fr\/de\/","name":"Camping Fou du Roi","description":"","publisher":{"@id":"https:\/\/www.campinglefouduroi.fr\/de\/#organization"},"potentialAction":[{"@type":"SearchAction","target":{"@type":"EntryPoint","urlTemplate":"https:\/\/www.campinglefouduroi.fr\/de\/?s={search_term_string}"},"query-input":{"@type":"PropertyValueSpecification","valueRequired":true,"valueName":"search_term_string"}}],"inLanguage":"de"},{"@type":"Organization","@id":"https:\/\/www.campinglefouduroi.fr\/de\/#organization","name":"Camping Le Fou du Roi","url":"https:\/\/www.campinglefouduroi.fr\/de\/","logo":{"@type":"ImageObject","inLanguage":"de","@id":"https:\/\/www.campinglefouduroi.fr\/de\/#\/schema\/logo\/image\/","url":"https:\/\/www.campinglefouduroi.fr\/wp-content\/uploads\/2021\/10\/logo-fou-du-roi.png","contentUrl":"https:\/\/www.campinglefouduroi.fr\/wp-content\/uploads\/2021\/10\/logo-fou-du-roi.png","width":424,"height":424,"caption":"Camping Le Fou du Roi"},"image":{"@id":"https:\/\/www.campinglefouduroi.fr\/de\/#\/schema\/logo\/image\/"}}]}},"_links":{"self":[{"href":"https:\/\/www.campinglefouduroi.fr\/de\/wp-json\/wp\/v2\/pages\/1967","targetHints":{"allow":["GET"]}}],"collection":[{"href":"https:\/\/www.campinglefouduroi.fr\/de\/wp-json\/wp\/v2\/pages"}],"about":[{"href":"https:\/\/www.campinglefouduroi.fr\/de\/wp-json\/wp\/v2\/types\/page"}],"author":[{"embeddable":true,"href":"https:\/\/www.campinglefouduroi.fr\/de\/wp-json\/wp\/v2\/users\/1"}],"replies":[{"embeddable":true,"href":"https:\/\/www.campinglefouduroi.fr\/de\/wp-json\/wp\/v2\/comments?post=1967"}],"version-history":[{"count":3,"href":"https:\/\/www.campinglefouduroi.fr\/de\/wp-json\/wp\/v2\/pages\/1967\/revisions"}],"predecessor-version":[{"id":4298,"href":"https:\/\/www.campinglefouduroi.fr\/de\/wp-json\/wp\/v2\/pages\/1967\/revisions\/4298"}],"wp:featuredmedia":[{"embeddable":true,"href":"https:\/\/www.campinglefouduroi.fr\/de\/wp-json\/wp\/v2\/media\/1969"}],"wp:attachment":[{"href":"https:\/\/www.campinglefouduroi.fr\/de\/wp-json\/wp\/v2\/media?parent=1967"}],"curies":[{"name":"wp","href":"https:\/\/api.w.org\/{rel}","templated":true}]}}