{"id":2069,"date":"2024-03-15T17:40:06","date_gmt":"2024-03-15T16:40:06","guid":{"rendered":"https:\/\/www.campinglefouduroi.fr\/camping-montpellier\/"},"modified":"2024-03-15T17:40:09","modified_gmt":"2024-03-15T16:40:09","slug":"campingplatz-montpellier","status":"publish","type":"page","link":"https:\/\/www.campinglefouduroi.fr\/de\/campingplatz-montpellier\/","title":{"rendered":"Montpellier"},"content":{"rendered":"<section id=\"section-6124e22c8d5d2\"\" class=\"section bg-white\" \/><div class=\"container\"><h1 class=\"element section-title center color1\">Campingplatz, 15 Minuten von Montpellier entfernt<\/h1><\/div><\/section>\n\n<section id=\"section-6124e22c8d7f9\"\" class=\"section home-first bg-white\" \/><div class=\"container extralarge\"><div class=\"colonnes-wrap valign-middle \"><div class=\"element colonne separationphotos\"><div class=\"element images\"><div class=\"image\"><img decoding=\"async\" src=\"https:\/\/www.campinglefouduroi.fr\/wp-content\/uploads\/2021\/08\/visitez-montpellier-2-100x50.jpg\" data-src=\"https:\/\/www.campinglefouduroi.fr\/wp-content\/uploads\/2021\/08\/visitez-montpellier-2.jpg\" alt=\"visitez montpellier\" class=\"images_image\" \/><\/div><\/div><div class=\"element images\"><div class=\"image\"><img decoding=\"async\" src=\"https:\/\/www.campinglefouduroi.fr\/wp-content\/uploads\/2021\/08\/tourisme-montpellier-100x50.jpg\" data-src=\"https:\/\/www.campinglefouduroi.fr\/wp-content\/uploads\/2021\/08\/tourisme-montpellier.jpg\" alt=\"tourisme montpellier\" class=\"images_image\" \/><\/div><\/div><\/div><div class=\"element colonne \"><h2 class=\"element section-title left color1\">Montpellier entdecken<\/h2><div class=\"element bloc-text left \">\n\t<p>Entdecken Sie den Ecusson, das historische Herz der Stadt mit seinen charmanten Gassen. Schlendern Sie \u00fcber die sch\u00f6nsten Pl\u00e4tze wie den emblematischen Place de la Com\u00e9die, den Place du Nombre d&#8217;Or mit seinen Wasserfont\u00e4nen, den Place Thessalie mit seinem Springbrunnen oder den Place de l&#8217;Europe mit seiner besonderen Architektur. <\/p>\n<p><strong class=\"bold color1\">Besuchen Sie Montpellier<\/strong>, ist auch, seine mediterrane Gastronomie zu probieren, zwischen Pic Saint-Loup-Weinen, Fischsuppe, Meeresfr\u00fcchten, Tintenfisch, Ratatouille du soleil, w\u00e4hrend man seinen Markt der Hallen mit seinen lokalen Produzenten entdeckt. F\u00fcr Unterhaltung sorgt der Planet Ocean mit seinen Hunderten von Meerestieren aus allen Teilen der Erde.<\/p>\n<\/div><\/div><\/div><\/div><\/section>\n\n<section id=\"section-6124e22c8d934\"\" data-bg-opacite=\"0.2\"data-background=\"https:\/\/www.campinglefouduroi.fr\/wp-content\/uploads\/2021\/08\/tourisme-montpellier-1.jpg\"data-speed=\"0.8\"class=\"section home-six bg-white section--has-bg-img section_bg-parallax\" \/><div class=\"container full\"><h2 class=\"element section-title left white\">Muss man gesehen haben in Montpellier<\/h2><div class=\"element bloc-text justify fouduroi-chevroncercle3\">\n\t<ul>\n<li><span>Place de la Com\u00e9die mit dem 1776 errichteten Drei-Grazien-Brunnen. Es ist das Zentrum der Stadt.<\/span><\/li>\n<li><span>Promenade du Peyrou und das Reiterstandbild von Ludwig XIV. Es handelt sich um den Gipfel von Montpellier, der einen Panoramablick auf die Cevennen und das Mittelmeer bietet.<\/span><\/li>\n<li><span>Der Petersdom. Im 14. Jahrhundert im gotischen Stil erbaut, wurde es im 19. Jahrhundert restauriert.<\/span><\/li>\n<li><span>Mus\u00e9e Fabre. Dieses gro\u00dfe Kunstmuseum am Boulevard Bonne Nouvelle beherbergt wundersch\u00f6ne Sammlungen franz\u00f6sischer Gem\u00e4lde.<\/li>\n<li><span>Jardin des Plantes. Der \u00e4lteste botanische Park Frankreichs, der Ende des 16. Jahrhunderts angelegt wurde, bietet tropische Gew\u00e4chsh\u00e4user und jahrhundertealte B\u00e4ume, den Boulevard Henri-IV.<\/span><\/li>\n<\/ul>\n<\/div><\/div><\/section>\n\n<section id=\"section-6124e22c8db26\"\" class=\"section home-first bg-white\" \/><div class=\"container extralarge\"><div class=\"colonnes-wrap valign-middle \"><div class=\"element colonne \"><h2 class=\"element section-title left color1\">Campingplatz in der N\u00e4he von Montpellier<\/h2><div class=\"element bloc-text left \">\n\t<p>Die <a href=\"\/\">Campingplatz Le Fou du Roi<\/a> bietet Stellpl\u00e4tze, Unterk\u00fcnfte von 25 bis 38 m\u00b2, einen Wasserbereich, Unterhaltung und verschiedene praktische Dienstleistungen. Dieser Campingplatz liegt 22 km von Montpellier entfernt (ca. 35 Autominuten) und in der N\u00e4he von <a href=\"https:\/\/www.montpellier-tourisme.fr\/\" rel=\"noopener\" target=\"_blank\">Montpellier<\/a> ist ideal f\u00fcr einen Familienurlaub am Meer mit Besichtigungen in der Region.<\/p>\n<p>Zwischen der Entdeckung des historischen und kulturellen Erbes von Montpellier, Freizeitausfl\u00fcgen und der Verkostung der mediterranen K\u00fcche k\u00f6nnen Sie im Le Fou du Roi in einer ruhigen Umgebung neue Energie tanken. Z\u00f6gern Sie nicht und reservieren Sie in unserem <strong class=\"bold color1\">Camping in der N\u00e4he Montpellier<\/strong> !<\/p>\n<\/div><\/div><div class=\"element colonne \"><div class=\"element fancybox-container\"><a class=\"fancybox\" href=\"https:\/\/www.campinglefouduroi.fr\/wp-content\/uploads\/2021\/08\/camping-pres-de-montpellier-1.jpg\"><img decoding=\"async\" src=\"https:\/\/www.campinglefouduroi.fr\/wp-content\/uploads\/2021\/08\/camping-pres-de-montpellier-1-100x45.jpg\" data-src=\"https:\/\/www.campinglefouduroi.fr\/wp-content\/uploads\/2021\/08\/camping-pres-de-montpellier-1.jpg\" alt=\"camping pres de montpellier\" class=\"images_image\" \/><\/a><\/div><div class=\"element fancybox-container\"><a class=\"fancybox\" href=\"https:\/\/www.campinglefouduroi.fr\/wp-content\/uploads\/2021\/08\/camping-proche-montpellier-2.jpg\"><img decoding=\"async\" src=\"https:\/\/www.campinglefouduroi.fr\/wp-content\/uploads\/2021\/08\/camping-proche-montpellier-2-100x45.jpg\" data-src=\"https:\/\/www.campinglefouduroi.fr\/wp-content\/uploads\/2021\/08\/camping-proche-montpellier-2.jpg\" alt=\"camping proche montpellier\" class=\"images_image\" \/><\/a><\/div><\/div><\/div><\/div><\/section>\n\n<section id=\"section-6124e22c8dce1\"\" class=\"section bg-color2\" \/><div class=\"container extralarge\"><div class=\"element section-title center titre-cta color1\">ORTE IN DER N\u00c4HE DES CAMPINGPLATZES BESUCHEN<\/div><ul class=\"liste-de-page\"><li class=\"element call-to-action carre call-to-action--style-1 call-to-action--big\"><a href=\"https:\/\/www.campinglefouduroi.fr\/de\/campingplatz-nimes\/\"  class=\"call-to-action_link\" title=\"Lesen Sie mehr \u00fcber nimes\"><div class=\"call-to-action_image\"><img decoding=\"async\" src=\"https:\/\/www.campinglefouduroi.fr\/wp-content\/uploads\/2021\/09\/nime-tourisme-94x100.jpg\" data-src=\"https:\/\/www.campinglefouduroi.fr\/wp-content\/uploads\/2021\/09\/nime-tourisme.jpg\" alt=\"nimes tourisme\" class=\"big\" \/><\/div><div class=\"call-to-action_contenu\"><div class=\"call-to-action_titre\">Nimes<\/div><\/div><\/a><\/li><li class=\"element call-to-action carre call-to-action--style-1 call-to-action--big call-to-action--style-1 call-to-action--big\"><a href=\"https:\/\/www.campinglefouduroi.fr\/de\/campingplatz-grau-du-roi\/\"  class=\"call-to-action_link\" title=\"Lesen Sie mehr \u00fcber grau du roi\"><div class=\"call-to-action_image\"><img decoding=\"async\" src=\"https:\/\/www.campinglefouduroi.fr\/wp-content\/uploads\/2021\/09\/visiter-grau-du-roi-94x100.jpg\" data-src=\"https:\/\/www.campinglefouduroi.fr\/wp-content\/uploads\/2021\/09\/visiter-grau-du-roi.jpg\" alt=\"visiter grau du roi\" class=\"big\" \/><\/div><div class=\"call-to-action_contenu\"><div class=\"call-to-action_titre\">Grau du Roi<\/div><\/div><\/a><\/li><li class=\"element call-to-action carre call-to-action--style-1 call-to-action--big call-to-action--style-1 call-to-action--big call-to-action--style-1 call-to-action--big\"><a href=\"https:\/\/www.campinglefouduroi.fr\/de\/campingplatz-grande-motte\/\"  class=\"call-to-action_link\" title=\"Lesen Sie mehr \u00fcber la grande motte\"><div class=\"call-to-action_image\"><img decoding=\"async\" src=\"https:\/\/www.campinglefouduroi.fr\/wp-content\/uploads\/2021\/09\/camping-grande-motte-94x100.jpg\" data-src=\"https:\/\/www.campinglefouduroi.fr\/wp-content\/uploads\/2021\/09\/camping-grande-motte.jpg\" alt=\"camping grande motte\" class=\"big\" \/><\/div><div class=\"call-to-action_contenu\"><div class=\"call-to-action_titre\">La grande Motte<\/div><\/div><\/a><\/li><\/ul><\/div><\/section>","protected":false},"excerpt":{"rendered":"","protected":false},"author":1,"featured_media":2070,"parent":0,"menu_order":0,"comment_status":"closed","ping_status":"closed","template":"","meta":{"_acf_changed":false,"footnotes":""},"class_list":["post-2069","page","type-page","status-publish","has-post-thumbnail","hentry"],"acf":[],"yoast_head":"<!-- This site is optimized with the Yoast SEO plugin v25.3 - https:\/\/yoast.com\/wordpress\/plugins\/seo\/ -->\n<title>Campingplatz in der N\u00e4he von Montpellier | Besuch Montpellier<\/title>\n<meta name=\"description\" content=\"Der Narr des K\u00f6nigs: Entdecken Sie das historische Herz der Stadt Montpellier mit seinen charmanten Gassen 15 km vom Campingplatz entfernt.\" \/>\n<meta name=\"robots\" content=\"index, follow, max-snippet:-1, max-image-preview:large, max-video-preview:-1\" \/>\n<link rel=\"canonical\" href=\"https:\/\/www.campinglefouduroi.fr\/de\/campingplatz-montpellier\/\" \/>\n<meta property=\"og:locale\" content=\"de_DE\" \/>\n<meta property=\"og:type\" content=\"article\" \/>\n<meta property=\"og:title\" content=\"Campingplatz in der N\u00e4he von Montpellier | Besuch Montpellier\" \/>\n<meta property=\"og:description\" content=\"Der Narr des K\u00f6nigs: Entdecken Sie das historische Herz der Stadt Montpellier mit seinen charmanten Gassen 15 km vom Campingplatz entfernt.\" \/>\n<meta property=\"og:url\" content=\"https:\/\/www.campinglefouduroi.fr\/de\/campingplatz-montpellier\/\" \/>\n<meta property=\"og:site_name\" content=\"Camping Fou du Roi\" \/>\n<meta property=\"article:modified_time\" content=\"2024-03-15T16:40:09+00:00\" \/>\n<meta property=\"og:image\" content=\"https:\/\/www.campinglefouduroi.fr\/wp-content\/uploads\/2021\/08\/camping-montpellier.jpg\" \/>\n\t<meta property=\"og:image:width\" content=\"1900\" \/>\n\t<meta property=\"og:image:height\" content=\"700\" \/>\n\t<meta property=\"og:image:type\" content=\"image\/jpeg\" \/>\n<meta name=\"twitter:card\" content=\"summary_large_image\" \/>\n<meta name=\"twitter:label1\" content=\"Gesch\u00e4tzte Lesezeit\" \/>\n\t<meta name=\"twitter:data1\" content=\"1\u00a0Minute\" \/>\n<script type=\"application\/ld+json\" class=\"yoast-schema-graph\">{\"@context\":\"https:\/\/schema.org\",\"@graph\":[{\"@type\":\"WebPage\",\"@id\":\"https:\/\/www.campinglefouduroi.fr\/de\/campingplatz-montpellier\/\",\"url\":\"https:\/\/www.campinglefouduroi.fr\/de\/campingplatz-montpellier\/\",\"name\":\"Campingplatz in der N\u00e4he von Montpellier | Besuch Montpellier\",\"isPartOf\":{\"@id\":\"https:\/\/www.campinglefouduroi.fr\/de\/#website\"},\"primaryImageOfPage\":{\"@id\":\"https:\/\/www.campinglefouduroi.fr\/de\/campingplatz-montpellier\/#primaryimage\"},\"image\":{\"@id\":\"https:\/\/www.campinglefouduroi.fr\/de\/campingplatz-montpellier\/#primaryimage\"},\"thumbnailUrl\":\"https:\/\/www.campinglefouduroi.fr\/wp-content\/uploads\/2021\/08\/camping-montpellier.jpg\",\"datePublished\":\"2024-03-15T16:40:06+00:00\",\"dateModified\":\"2024-03-15T16:40:09+00:00\",\"description\":\"Der Narr des K\u00f6nigs: Entdecken Sie das historische Herz der Stadt Montpellier mit seinen charmanten Gassen 15 km vom Campingplatz entfernt.\",\"breadcrumb\":{\"@id\":\"https:\/\/www.campinglefouduroi.fr\/de\/campingplatz-montpellier\/#breadcrumb\"},\"inLanguage\":\"de\",\"potentialAction\":[{\"@type\":\"ReadAction\",\"target\":[\"https:\/\/www.campinglefouduroi.fr\/de\/campingplatz-montpellier\/\"]}]},{\"@type\":\"ImageObject\",\"inLanguage\":\"de\",\"@id\":\"https:\/\/www.campinglefouduroi.fr\/de\/campingplatz-montpellier\/#primaryimage\",\"url\":\"https:\/\/www.campinglefouduroi.fr\/wp-content\/uploads\/2021\/08\/camping-montpellier.jpg\",\"contentUrl\":\"https:\/\/www.campinglefouduroi.fr\/wp-content\/uploads\/2021\/08\/camping-montpellier.jpg\",\"width\":1900,\"height\":700},{\"@type\":\"BreadcrumbList\",\"@id\":\"https:\/\/www.campinglefouduroi.fr\/de\/campingplatz-montpellier\/#breadcrumb\",\"itemListElement\":[{\"@type\":\"ListItem\",\"position\":1,\"name\":\"Camping H\u00e9rault\",\"item\":\"https:\/\/www.campinglefouduroi.fr\/de\/\"},{\"@type\":\"ListItem\",\"position\":2,\"name\":\"Campingplatz in der N\u00e4he von Montpellier\"}]},{\"@type\":\"WebSite\",\"@id\":\"https:\/\/www.campinglefouduroi.fr\/de\/#website\",\"url\":\"https:\/\/www.campinglefouduroi.fr\/de\/\",\"name\":\"Camping Fou du Roi\",\"description\":\"\",\"publisher\":{\"@id\":\"https:\/\/www.campinglefouduroi.fr\/de\/#organization\"},\"potentialAction\":[{\"@type\":\"SearchAction\",\"target\":{\"@type\":\"EntryPoint\",\"urlTemplate\":\"https:\/\/www.campinglefouduroi.fr\/de\/?s={search_term_string}\"},\"query-input\":{\"@type\":\"PropertyValueSpecification\",\"valueRequired\":true,\"valueName\":\"search_term_string\"}}],\"inLanguage\":\"de\"},{\"@type\":\"Organization\",\"@id\":\"https:\/\/www.campinglefouduroi.fr\/de\/#organization\",\"name\":\"Camping Le Fou du Roi\",\"url\":\"https:\/\/www.campinglefouduroi.fr\/de\/\",\"logo\":{\"@type\":\"ImageObject\",\"inLanguage\":\"de\",\"@id\":\"https:\/\/www.campinglefouduroi.fr\/de\/#\/schema\/logo\/image\/\",\"url\":\"https:\/\/www.campinglefouduroi.fr\/wp-content\/uploads\/2021\/10\/logo-fou-du-roi.png\",\"contentUrl\":\"https:\/\/www.campinglefouduroi.fr\/wp-content\/uploads\/2021\/10\/logo-fou-du-roi.png\",\"width\":424,\"height\":424,\"caption\":\"Camping Le Fou du Roi\"},\"image\":{\"@id\":\"https:\/\/www.campinglefouduroi.fr\/de\/#\/schema\/logo\/image\/\"}}]}<\/script>\n<!-- \/ Yoast SEO plugin. -->","yoast_head_json":{"title":"Campingplatz in der N\u00e4he von Montpellier | Besuch Montpellier","description":"Der Narr des K\u00f6nigs: Entdecken Sie das historische Herz der Stadt Montpellier mit seinen charmanten Gassen 15 km vom Campingplatz entfernt.","robots":{"index":"index","follow":"follow","max-snippet":"max-snippet:-1","max-image-preview":"max-image-preview:large","max-video-preview":"max-video-preview:-1"},"canonical":"https:\/\/www.campinglefouduroi.fr\/de\/campingplatz-montpellier\/","og_locale":"de_DE","og_type":"article","og_title":"Campingplatz in der N\u00e4he von Montpellier | Besuch Montpellier","og_description":"Der Narr des K\u00f6nigs: Entdecken Sie das historische Herz der Stadt Montpellier mit seinen charmanten Gassen 15 km vom Campingplatz entfernt.","og_url":"https:\/\/www.campinglefouduroi.fr\/de\/campingplatz-montpellier\/","og_site_name":"Camping Fou du Roi","article_modified_time":"2024-03-15T16:40:09+00:00","og_image":[{"width":1900,"height":700,"url":"https:\/\/www.campinglefouduroi.fr\/wp-content\/uploads\/2021\/08\/camping-montpellier.jpg","type":"image\/jpeg"}],"twitter_card":"summary_large_image","twitter_misc":{"Gesch\u00e4tzte Lesezeit":"1\u00a0Minute"},"schema":{"@context":"https:\/\/schema.org","@graph":[{"@type":"WebPage","@id":"https:\/\/www.campinglefouduroi.fr\/de\/campingplatz-montpellier\/","url":"https:\/\/www.campinglefouduroi.fr\/de\/campingplatz-montpellier\/","name":"Campingplatz in der N\u00e4he von Montpellier | Besuch Montpellier","isPartOf":{"@id":"https:\/\/www.campinglefouduroi.fr\/de\/#website"},"primaryImageOfPage":{"@id":"https:\/\/www.campinglefouduroi.fr\/de\/campingplatz-montpellier\/#primaryimage"},"image":{"@id":"https:\/\/www.campinglefouduroi.fr\/de\/campingplatz-montpellier\/#primaryimage"},"thumbnailUrl":"https:\/\/www.campinglefouduroi.fr\/wp-content\/uploads\/2021\/08\/camping-montpellier.jpg","datePublished":"2024-03-15T16:40:06+00:00","dateModified":"2024-03-15T16:40:09+00:00","description":"Der Narr des K\u00f6nigs: Entdecken Sie das historische Herz der Stadt Montpellier mit seinen charmanten Gassen 15 km vom Campingplatz entfernt.","breadcrumb":{"@id":"https:\/\/www.campinglefouduroi.fr\/de\/campingplatz-montpellier\/#breadcrumb"},"inLanguage":"de","potentialAction":[{"@type":"ReadAction","target":["https:\/\/www.campinglefouduroi.fr\/de\/campingplatz-montpellier\/"]}]},{"@type":"ImageObject","inLanguage":"de","@id":"https:\/\/www.campinglefouduroi.fr\/de\/campingplatz-montpellier\/#primaryimage","url":"https:\/\/www.campinglefouduroi.fr\/wp-content\/uploads\/2021\/08\/camping-montpellier.jpg","contentUrl":"https:\/\/www.campinglefouduroi.fr\/wp-content\/uploads\/2021\/08\/camping-montpellier.jpg","width":1900,"height":700},{"@type":"BreadcrumbList","@id":"https:\/\/www.campinglefouduroi.fr\/de\/campingplatz-montpellier\/#breadcrumb","itemListElement":[{"@type":"ListItem","position":1,"name":"Camping H\u00e9rault","item":"https:\/\/www.campinglefouduroi.fr\/de\/"},{"@type":"ListItem","position":2,"name":"Campingplatz in der N\u00e4he von Montpellier"}]},{"@type":"WebSite","@id":"https:\/\/www.campinglefouduroi.fr\/de\/#website","url":"https:\/\/www.campinglefouduroi.fr\/de\/","name":"Camping Fou du Roi","description":"","publisher":{"@id":"https:\/\/www.campinglefouduroi.fr\/de\/#organization"},"potentialAction":[{"@type":"SearchAction","target":{"@type":"EntryPoint","urlTemplate":"https:\/\/www.campinglefouduroi.fr\/de\/?s={search_term_string}"},"query-input":{"@type":"PropertyValueSpecification","valueRequired":true,"valueName":"search_term_string"}}],"inLanguage":"de"},{"@type":"Organization","@id":"https:\/\/www.campinglefouduroi.fr\/de\/#organization","name":"Camping Le Fou du Roi","url":"https:\/\/www.campinglefouduroi.fr\/de\/","logo":{"@type":"ImageObject","inLanguage":"de","@id":"https:\/\/www.campinglefouduroi.fr\/de\/#\/schema\/logo\/image\/","url":"https:\/\/www.campinglefouduroi.fr\/wp-content\/uploads\/2021\/10\/logo-fou-du-roi.png","contentUrl":"https:\/\/www.campinglefouduroi.fr\/wp-content\/uploads\/2021\/10\/logo-fou-du-roi.png","width":424,"height":424,"caption":"Camping Le Fou du Roi"},"image":{"@id":"https:\/\/www.campinglefouduroi.fr\/de\/#\/schema\/logo\/image\/"}}]}},"_links":{"self":[{"href":"https:\/\/www.campinglefouduroi.fr\/de\/wp-json\/wp\/v2\/pages\/2069","targetHints":{"allow":["GET"]}}],"collection":[{"href":"https:\/\/www.campinglefouduroi.fr\/de\/wp-json\/wp\/v2\/pages"}],"about":[{"href":"https:\/\/www.campinglefouduroi.fr\/de\/wp-json\/wp\/v2\/types\/page"}],"author":[{"embeddable":true,"href":"https:\/\/www.campinglefouduroi.fr\/de\/wp-json\/wp\/v2\/users\/1"}],"replies":[{"embeddable":true,"href":"https:\/\/www.campinglefouduroi.fr\/de\/wp-json\/wp\/v2\/comments?post=2069"}],"version-history":[{"count":3,"href":"https:\/\/www.campinglefouduroi.fr\/de\/wp-json\/wp\/v2\/pages\/2069\/revisions"}],"predecessor-version":[{"id":4314,"href":"https:\/\/www.campinglefouduroi.fr\/de\/wp-json\/wp\/v2\/pages\/2069\/revisions\/4314"}],"wp:featuredmedia":[{"embeddable":true,"href":"https:\/\/www.campinglefouduroi.fr\/de\/wp-json\/wp\/v2\/media\/2070"}],"wp:attachment":[{"href":"https:\/\/www.campinglefouduroi.fr\/de\/wp-json\/wp\/v2\/media?parent=2069"}],"curies":[{"name":"wp","href":"https:\/\/api.w.org\/{rel}","templated":true}]}}