{"id":2184,"date":"2021-08-19T10:48:32","date_gmt":"2021-08-19T08:48:32","guid":{"rendered":"https:\/\/www.campinglefouduroi.fr\/camping-pas-cher-lansargues\/"},"modified":"2021-11-18T15:07:45","modified_gmt":"2021-11-18T14:07:45","slug":"billig-campingplatz-lansargues","status":"publish","type":"page","link":"https:\/\/www.campinglefouduroi.fr\/de\/billig-campingplatz-lansargues\/","title":{"rendered":"Tarifs"},"content":{"rendered":"<section id=\"section-61320d321be2f\"\" class=\"section bg-white\" \/><div class=\"container\"><h1 class=\"element section-title center color1\">G\u00fcnstiges Campingplatz in Lansargues<\/h1><div class=\"element bloc-text\">\n\t<script>\r\n    window.ctoutvert = {\r\n\t\tid: 8112, \r\n\t\tlang: 'de', \r\n\t\turl: 'https:\/\/bookingpremium.secureholiday.net\/widgets\/'\r\n    };\r\n\r\n    (function (w, d, s, ctv, r, js, fjs) {\r\n        r=new XMLHttpRequest();r.open('GET',w[ctv].url+'js\/src.json');\r\n        r.responseType='json';r.json=true;r.send();\r\n        r.onload=function(){w[ctv].src=r.responseType=='json'?r.response:JSON.parse(r.response);\r\n        js.src=w[ctv].src[0];fjs.parentNode.insertBefore(js, fjs);}\r\n        js=d.createElement(s),fjs=d.getElementsByTagName(s)[0];\r\n        js.id='ctvwidget';js.async=1;\r\n    }(window, document, 'script', 'ctoutvert'));\r\n<\/script>\r\n<ctv-availability data-background-color='#FFFFFFFF' ><\/ctv-availability><\/div><\/div><\/section>\n\n<section id=\"section-61320d321c215\"\" class=\"section home-first bg-white\" \/><div class=\"container extralarge\"><div class=\"colonnes-wrap valign-middle \"><div class=\"element colonne \"><div class=\"element fancybox-container\"><a class=\"fancybox\" href=\"https:\/\/www.campinglefouduroi.fr\/wp-content\/uploads\/2021\/09\/location-pas-chers-camping-mobil-home.jpg\"><img decoding=\"async\" src=\"https:\/\/www.campinglefouduroi.fr\/wp-content\/uploads\/2021\/09\/location-pas-chers-camping-mobil-home-100x50.jpg\" data-src=\"https:\/\/www.campinglefouduroi.fr\/wp-content\/uploads\/2021\/09\/location-pas-chers-camping-mobil-home.jpg\" alt=\"mobil home petit prix herault\" class=\"images_image\" \/><\/a><\/div><div class=\"element fancybox-container\"><a class=\"fancybox\" href=\"https:\/\/www.campinglefouduroi.fr\/wp-content\/uploads\/2021\/10\/camping-petit-prix-herault.jpg\"><img decoding=\"async\" src=\"https:\/\/www.campinglefouduroi.fr\/wp-content\/uploads\/2021\/10\/camping-petit-prix-herault-100x50.jpg\" data-src=\"https:\/\/www.campinglefouduroi.fr\/wp-content\/uploads\/2021\/10\/camping-petit-prix-herault.jpg\" alt=\"camping petit prix herault\" class=\"images_image\" \/><\/a><\/div><\/div><div class=\"element colonne \"><h2 class=\"element section-title left color1\">Das beste Preis-Leistungs-Verh\u00e4ltnis auf dem Campingplatz H\u00e9rault<\/h2><div class=\"element bloc-text left \">\n\t<p>Um Geld zu sparen und gleichzeitig einen Traumurlaub zu genie\u00dfen, bietet unser Hotel unter freiem Himmel, der Campingplatz le Fou du Roi, eine Unterkunft zum besten Preis. Platz f\u00fcr bis zu 6 Personen, <strong class=\"bold color1\">Mobilheime<\/strong> sind das beste Preis-Leistungs-Verh\u00e4ltnis im H\u00e9rault f\u00fcr einen Aufenthalt auf einem Drei-Sterne-Campingplatz. <\/p>\n<p><strong class=\"bold color1\">Unsere Vermietungen<\/strong> Die Mobilheime verf\u00fcgen \u00fcber eine voll ausgestattete K\u00fcche, gem\u00fctliche Schlafzimmer, eine Toilette, ein Badezimmer und eine einladende Terrasse. Ob Sie nun ein Mobilheim oder einen Stellplatz in Lansargues suchen, Sie werden sicher ein <strong class=\"bold color1\">preisg\u00fcnstige Unterkunft<\/strong>. Buchen Sie Ihren Mietwagen zum besten Preis-Leistungs-Verh\u00e4ltnis in Lansargues in unserem <strong class=\"bold color1\">Billig-Campingplatz<\/strong>. <\/p>\n<\/div><\/div><\/div><\/div><\/section>\n\n<section id=\"section-61320d321c484\"\" data-bg-opacite=\"0.2\"data-background=\"https:\/\/www.campinglefouduroi.fr\/wp-content\/uploads\/2021\/09\/location-pas-chers-camping-accueil.jpg\"data-speed=\"0.8\"class=\"section home-six bg-white section--has-bg-img section_bg-parallax\" \/><div class=\"container full\"><h2 class=\"element section-title left white\">Unsere Sonderangebote und Promotionen in Lansargues<\/h2><div class=\"element bloc-text left \">\n\t<p>M\u00f6chten Sie Ihren Urlaub an der Mittelmeerk\u00fcste in vollen Z\u00fcgen genie\u00dfen? W\u00e4hlen Sie unseren Drei-Sterne-Campingplatz und profitieren Sie von unseren Sonderangeboten zum besten Preis-Leistungs-Verh\u00e4ltnis. Ab 7 N\u00e4chten in der Nebensaison k\u00f6nnen Sie von einer Erm\u00e4\u00dfigung von 25% auf den Preis unserer Mobilheime im H\u00e9rault profitieren. <\/p>\n<p>Profitieren Sie als Paar von unseren Angeboten f\u00fcr Paare in der Nebensaison bei einem Mindestaufenthalt von 7 N\u00e4chten ab 229 \u20ac. Bleiben Sie dran, um den besten Preis f\u00fcr Ihren Aufenthalt zu erhalten. Mieten Sie Ihr bevorzugtes Wohnmobilmodell g\u00fcnstig aus einer breiten Palette von Vermietungen und buchen Sie jetzt, indem Sie die idealen Daten ausw\u00e4hlen, um von interessanten Sonderangeboten zu profitieren.<\/p>\n<\/div><\/div><\/section>\n\n<section id=\"section-61320d321c7f5\"\" class=\"section home-first bg-white\" \/><div class=\"container extralarge\"><div class=\"colonnes-wrap valign-middle \"><div class=\"element colonne \"><h2 class=\"element section-title left color1\">Online buchen<\/h2><div class=\"element bloc-text left \">\n\t<p>Genie\u00dfen Sie einen sonnigen Aufenthalt zum besten Preis in Lansargues in unserem <strong class=\"bold color1\">campingplatz le Fou du Roi<\/strong>. Um in den Genuss der g\u00fcnstigen Preise zu kommen, buchen Sie Ihre Unterkunft direkt bei unserem Campingplatz, z. B. \u00fcber unsere Website oder per Telefon.<\/p>\n<p> Wenn Sie Ihr Wohnmobil oder Ihren Stellplatz auf diese Weise vermieten, profitieren Sie von einem bedeutenden Vorteil: Sie haben die Sicherheit, einen <strong class=\"bold color1\">billige Unterkunft<\/strong>, und dabei einen Vorzugstarif in Anspruch nehmen. Warten Sie nicht l\u00e4nger, buchen Sie jetzt direkt und genie\u00dfen Sie einen Aufenthalt im <strong class=\"bold color1\">Camping zum besten Preis<\/strong> im H\u00e9rault. <\/p>\n<\/div><\/div><div class=\"element colonne \"><div class=\"element fancybox-container\"><a class=\"fancybox\" href=\"https:\/\/www.campinglefouduroi.fr\/wp-content\/uploads\/2021\/09\/location-pas-chers-camping.jpg\"><img decoding=\"async\" src=\"https:\/\/www.campinglefouduroi.fr\/wp-content\/uploads\/2021\/09\/location-pas-chers-camping-100x50.jpg\" data-src=\"https:\/\/www.campinglefouduroi.fr\/wp-content\/uploads\/2021\/09\/location-pas-chers-camping.jpg\" alt=\"camping meilleur prix lansargues\" class=\"images_image\" \/><\/a><\/div><div class=\"element fancybox-container\"><a class=\"fancybox\" href=\"https:\/\/www.campinglefouduroi.fr\/wp-content\/uploads\/2021\/09\/location-pas-chers-camping-tente.jpg\"><img decoding=\"async\" src=\"https:\/\/www.campinglefouduroi.fr\/wp-content\/uploads\/2021\/09\/location-pas-chers-camping-tente-100x50.jpg\" data-src=\"https:\/\/www.campinglefouduroi.fr\/wp-content\/uploads\/2021\/09\/location-pas-chers-camping-tente.jpg\" alt=\"camping petit prix lansargues\" class=\"images_image\" \/><\/a><\/div><\/div><\/div><\/div><\/section>\n\n<section id=\"section-61320d321cb26\"\" class=\"section bg-color2\" \/><div class=\"container extralarge\"><div class=\"element section-title center titre-cta color1\">Entdecken Sie unsere verschiedenen Unterkunftsm\u00f6glichkeiten<\/div><ul class=\"liste-de-page\"><li class=\"element call-to-action carre call-to-action--style-1 call-to-action--big\"><a href=\"https:\/\/www.campinglefouduroi.fr\/de\/standort-lansargues\/\"  class=\"call-to-action_link\" title=\"Lesen Sie mehr \u00fcber unsere standorte\"><div class=\"call-to-action_image\"><img decoding=\"async\" src=\"https:\/\/www.campinglefouduroi.fr\/wp-content\/uploads\/2021\/09\/location-emplacement-herault-94x100.jpg\" data-src=\"https:\/\/www.campinglefouduroi.fr\/wp-content\/uploads\/2021\/09\/location-emplacement-herault.jpg\" alt=\"location emplacement herault\" class=\"big\" \/><\/div><div class=\"call-to-action_contenu\"><div class=\"call-to-action_titre\">Unsere Standorte<\/div><\/div><\/a><\/li><li class=\"element call-to-action carre call-to-action--style-1 call-to-action--big call-to-action--style-1 call-to-action--big\"><a href=\"https:\/\/www.campinglefouduroi.fr\/de\/location-mobil-home-lansargues\/\"  class=\"call-to-action_link\" title=\"Lesen Sie mehr \u00fcber in den wohnmobilen\"><div class=\"call-to-action_image\"><img decoding=\"async\" src=\"https:\/\/www.campinglefouduroi.fr\/wp-content\/uploads\/2021\/10\/mobil-home-vignette-94x100.jpg\" data-src=\"https:\/\/www.campinglefouduroi.fr\/wp-content\/uploads\/2021\/10\/mobil-home-vignette.jpg\" alt=\"louer mobil home herault\" class=\"big\" \/><\/div><div class=\"call-to-action_contenu\"><div class=\"call-to-action_titre\">In den Wohnmobilen<\/div><\/div><\/a><\/li><li class=\"element call-to-action carre call-to-action--style-1 call-to-action--big call-to-action--style-1 call-to-action--big call-to-action--style-1 call-to-action--big\"><a href=\"https:\/\/www.campinglefouduroi.fr\/de\/campingplatz-familien-lansargues\/\"  class=\"call-to-action_link\" title=\"Lesen Sie mehr \u00fcber der campingplatz und seine dienstleistungen\"><div class=\"call-to-action_image\"><img decoding=\"async\" src=\"https:\/\/www.campinglefouduroi.fr\/wp-content\/uploads\/2022\/10\/IMG_20220828_135744-100x75.jpg\" data-src=\"https:\/\/www.campinglefouduroi.fr\/wp-content\/uploads\/2022\/10\/IMG_20220828_135744-scaled.jpg\" alt=\"\" class=\"big\" \/><\/div><div class=\"call-to-action_contenu\"><div class=\"call-to-action_titre\">Der Campingplatz und seine Dienstleistungen<\/div><\/div><\/a><\/li><\/ul><\/div><\/section>","protected":false},"excerpt":{"rendered":"","protected":false},"author":1,"featured_media":2186,"parent":0,"menu_order":0,"comment_status":"closed","ping_status":"closed","template":"","meta":{"_acf_changed":false,"footnotes":""},"class_list":["post-2184","page","type-page","status-publish","has-post-thumbnail","hentry"],"acf":[],"yoast_head":"<!-- This site is optimized with the Yoast SEO plugin v25.3 - https:\/\/yoast.com\/wordpress\/plugins\/seo\/ -->\n<title>G\u00fcnstiger Campingplatz H\u00e9rault | Bester Preis Campingplatz in Lansargues<\/title>\n<meta name=\"robots\" content=\"index, follow, max-snippet:-1, max-image-preview:large, max-video-preview:-1\" \/>\n<link rel=\"canonical\" href=\"https:\/\/www.campinglefouduroi.fr\/de\/billig-campingplatz-lansargues\/\" \/>\n<meta property=\"og:locale\" content=\"de_DE\" \/>\n<meta property=\"og:type\" content=\"article\" \/>\n<meta property=\"og:title\" content=\"G\u00fcnstiger Campingplatz H\u00e9rault | Bester Preis Campingplatz in Lansargues\" \/>\n<meta property=\"og:url\" content=\"https:\/\/www.campinglefouduroi.fr\/de\/billig-campingplatz-lansargues\/\" \/>\n<meta property=\"og:site_name\" content=\"Camping Fou du Roi\" \/>\n<meta property=\"article:modified_time\" content=\"2021-11-18T14:07:45+00:00\" \/>\n<meta property=\"og:image\" content=\"https:\/\/www.campinglefouduroi.fr\/wp-content\/uploads\/2021\/09\/camping-petit-prix-lansargues.jpg\" \/>\n\t<meta property=\"og:image:width\" content=\"1899\" \/>\n\t<meta property=\"og:image:height\" content=\"700\" \/>\n\t<meta property=\"og:image:type\" content=\"image\/jpeg\" \/>\n<meta name=\"twitter:card\" content=\"summary_large_image\" \/>\n<script type=\"application\/ld+json\" class=\"yoast-schema-graph\">{\"@context\":\"https:\/\/schema.org\",\"@graph\":[{\"@type\":\"WebPage\",\"@id\":\"https:\/\/www.campinglefouduroi.fr\/de\/billig-campingplatz-lansargues\/\",\"url\":\"https:\/\/www.campinglefouduroi.fr\/de\/billig-campingplatz-lansargues\/\",\"name\":\"G\u00fcnstiger Campingplatz H\u00e9rault | Bester Preis Campingplatz in Lansargues\",\"isPartOf\":{\"@id\":\"https:\/\/www.campinglefouduroi.fr\/de\/#website\"},\"primaryImageOfPage\":{\"@id\":\"https:\/\/www.campinglefouduroi.fr\/de\/billig-campingplatz-lansargues\/#primaryimage\"},\"image\":{\"@id\":\"https:\/\/www.campinglefouduroi.fr\/de\/billig-campingplatz-lansargues\/#primaryimage\"},\"thumbnailUrl\":\"https:\/\/www.campinglefouduroi.fr\/wp-content\/uploads\/2021\/09\/camping-petit-prix-lansargues.jpg\",\"datePublished\":\"2021-08-19T08:48:32+00:00\",\"dateModified\":\"2021-11-18T14:07:45+00:00\",\"breadcrumb\":{\"@id\":\"https:\/\/www.campinglefouduroi.fr\/de\/billig-campingplatz-lansargues\/#breadcrumb\"},\"inLanguage\":\"de\",\"potentialAction\":[{\"@type\":\"ReadAction\",\"target\":[\"https:\/\/www.campinglefouduroi.fr\/de\/billig-campingplatz-lansargues\/\"]}]},{\"@type\":\"ImageObject\",\"inLanguage\":\"de\",\"@id\":\"https:\/\/www.campinglefouduroi.fr\/de\/billig-campingplatz-lansargues\/#primaryimage\",\"url\":\"https:\/\/www.campinglefouduroi.fr\/wp-content\/uploads\/2021\/09\/camping-petit-prix-lansargues.jpg\",\"contentUrl\":\"https:\/\/www.campinglefouduroi.fr\/wp-content\/uploads\/2021\/09\/camping-petit-prix-lansargues.jpg\",\"width\":1899,\"height\":700},{\"@type\":\"BreadcrumbList\",\"@id\":\"https:\/\/www.campinglefouduroi.fr\/de\/billig-campingplatz-lansargues\/#breadcrumb\",\"itemListElement\":[{\"@type\":\"ListItem\",\"position\":1,\"name\":\"Camping H\u00e9rault\",\"item\":\"https:\/\/www.campinglefouduroi.fr\/de\/\"},{\"@type\":\"ListItem\",\"position\":2,\"name\":\"G\u00fcnstige Campingpl\u00e4tze im H\u00e9rault\"}]},{\"@type\":\"WebSite\",\"@id\":\"https:\/\/www.campinglefouduroi.fr\/de\/#website\",\"url\":\"https:\/\/www.campinglefouduroi.fr\/de\/\",\"name\":\"Camping Fou du Roi\",\"description\":\"\",\"publisher\":{\"@id\":\"https:\/\/www.campinglefouduroi.fr\/de\/#organization\"},\"potentialAction\":[{\"@type\":\"SearchAction\",\"target\":{\"@type\":\"EntryPoint\",\"urlTemplate\":\"https:\/\/www.campinglefouduroi.fr\/de\/?s={search_term_string}\"},\"query-input\":{\"@type\":\"PropertyValueSpecification\",\"valueRequired\":true,\"valueName\":\"search_term_string\"}}],\"inLanguage\":\"de\"},{\"@type\":\"Organization\",\"@id\":\"https:\/\/www.campinglefouduroi.fr\/de\/#organization\",\"name\":\"Camping Le Fou du Roi\",\"url\":\"https:\/\/www.campinglefouduroi.fr\/de\/\",\"logo\":{\"@type\":\"ImageObject\",\"inLanguage\":\"de\",\"@id\":\"https:\/\/www.campinglefouduroi.fr\/de\/#\/schema\/logo\/image\/\",\"url\":\"https:\/\/www.campinglefouduroi.fr\/wp-content\/uploads\/2021\/10\/logo-fou-du-roi.png\",\"contentUrl\":\"https:\/\/www.campinglefouduroi.fr\/wp-content\/uploads\/2021\/10\/logo-fou-du-roi.png\",\"width\":424,\"height\":424,\"caption\":\"Camping Le Fou du Roi\"},\"image\":{\"@id\":\"https:\/\/www.campinglefouduroi.fr\/de\/#\/schema\/logo\/image\/\"}}]}<\/script>\n<!-- \/ Yoast SEO plugin. -->","yoast_head_json":{"title":"G\u00fcnstiger Campingplatz H\u00e9rault | Bester Preis Campingplatz in Lansargues","robots":{"index":"index","follow":"follow","max-snippet":"max-snippet:-1","max-image-preview":"max-image-preview:large","max-video-preview":"max-video-preview:-1"},"canonical":"https:\/\/www.campinglefouduroi.fr\/de\/billig-campingplatz-lansargues\/","og_locale":"de_DE","og_type":"article","og_title":"G\u00fcnstiger Campingplatz H\u00e9rault | Bester Preis Campingplatz in Lansargues","og_url":"https:\/\/www.campinglefouduroi.fr\/de\/billig-campingplatz-lansargues\/","og_site_name":"Camping Fou du Roi","article_modified_time":"2021-11-18T14:07:45+00:00","og_image":[{"width":1899,"height":700,"url":"https:\/\/www.campinglefouduroi.fr\/wp-content\/uploads\/2021\/09\/camping-petit-prix-lansargues.jpg","type":"image\/jpeg"}],"twitter_card":"summary_large_image","schema":{"@context":"https:\/\/schema.org","@graph":[{"@type":"WebPage","@id":"https:\/\/www.campinglefouduroi.fr\/de\/billig-campingplatz-lansargues\/","url":"https:\/\/www.campinglefouduroi.fr\/de\/billig-campingplatz-lansargues\/","name":"G\u00fcnstiger Campingplatz H\u00e9rault | Bester Preis Campingplatz in Lansargues","isPartOf":{"@id":"https:\/\/www.campinglefouduroi.fr\/de\/#website"},"primaryImageOfPage":{"@id":"https:\/\/www.campinglefouduroi.fr\/de\/billig-campingplatz-lansargues\/#primaryimage"},"image":{"@id":"https:\/\/www.campinglefouduroi.fr\/de\/billig-campingplatz-lansargues\/#primaryimage"},"thumbnailUrl":"https:\/\/www.campinglefouduroi.fr\/wp-content\/uploads\/2021\/09\/camping-petit-prix-lansargues.jpg","datePublished":"2021-08-19T08:48:32+00:00","dateModified":"2021-11-18T14:07:45+00:00","breadcrumb":{"@id":"https:\/\/www.campinglefouduroi.fr\/de\/billig-campingplatz-lansargues\/#breadcrumb"},"inLanguage":"de","potentialAction":[{"@type":"ReadAction","target":["https:\/\/www.campinglefouduroi.fr\/de\/billig-campingplatz-lansargues\/"]}]},{"@type":"ImageObject","inLanguage":"de","@id":"https:\/\/www.campinglefouduroi.fr\/de\/billig-campingplatz-lansargues\/#primaryimage","url":"https:\/\/www.campinglefouduroi.fr\/wp-content\/uploads\/2021\/09\/camping-petit-prix-lansargues.jpg","contentUrl":"https:\/\/www.campinglefouduroi.fr\/wp-content\/uploads\/2021\/09\/camping-petit-prix-lansargues.jpg","width":1899,"height":700},{"@type":"BreadcrumbList","@id":"https:\/\/www.campinglefouduroi.fr\/de\/billig-campingplatz-lansargues\/#breadcrumb","itemListElement":[{"@type":"ListItem","position":1,"name":"Camping H\u00e9rault","item":"https:\/\/www.campinglefouduroi.fr\/de\/"},{"@type":"ListItem","position":2,"name":"G\u00fcnstige Campingpl\u00e4tze im H\u00e9rault"}]},{"@type":"WebSite","@id":"https:\/\/www.campinglefouduroi.fr\/de\/#website","url":"https:\/\/www.campinglefouduroi.fr\/de\/","name":"Camping Fou du Roi","description":"","publisher":{"@id":"https:\/\/www.campinglefouduroi.fr\/de\/#organization"},"potentialAction":[{"@type":"SearchAction","target":{"@type":"EntryPoint","urlTemplate":"https:\/\/www.campinglefouduroi.fr\/de\/?s={search_term_string}"},"query-input":{"@type":"PropertyValueSpecification","valueRequired":true,"valueName":"search_term_string"}}],"inLanguage":"de"},{"@type":"Organization","@id":"https:\/\/www.campinglefouduroi.fr\/de\/#organization","name":"Camping Le Fou du Roi","url":"https:\/\/www.campinglefouduroi.fr\/de\/","logo":{"@type":"ImageObject","inLanguage":"de","@id":"https:\/\/www.campinglefouduroi.fr\/de\/#\/schema\/logo\/image\/","url":"https:\/\/www.campinglefouduroi.fr\/wp-content\/uploads\/2021\/10\/logo-fou-du-roi.png","contentUrl":"https:\/\/www.campinglefouduroi.fr\/wp-content\/uploads\/2021\/10\/logo-fou-du-roi.png","width":424,"height":424,"caption":"Camping Le Fou du Roi"},"image":{"@id":"https:\/\/www.campinglefouduroi.fr\/de\/#\/schema\/logo\/image\/"}}]}},"_links":{"self":[{"href":"https:\/\/www.campinglefouduroi.fr\/de\/wp-json\/wp\/v2\/pages\/2184","targetHints":{"allow":["GET"]}}],"collection":[{"href":"https:\/\/www.campinglefouduroi.fr\/de\/wp-json\/wp\/v2\/pages"}],"about":[{"href":"https:\/\/www.campinglefouduroi.fr\/de\/wp-json\/wp\/v2\/types\/page"}],"author":[{"embeddable":true,"href":"https:\/\/www.campinglefouduroi.fr\/de\/wp-json\/wp\/v2\/users\/1"}],"replies":[{"embeddable":true,"href":"https:\/\/www.campinglefouduroi.fr\/de\/wp-json\/wp\/v2\/comments?post=2184"}],"version-history":[{"count":4,"href":"https:\/\/www.campinglefouduroi.fr\/de\/wp-json\/wp\/v2\/pages\/2184\/revisions"}],"predecessor-version":[{"id":2570,"href":"https:\/\/www.campinglefouduroi.fr\/de\/wp-json\/wp\/v2\/pages\/2184\/revisions\/2570"}],"wp:featuredmedia":[{"embeddable":true,"href":"https:\/\/www.campinglefouduroi.fr\/de\/wp-json\/wp\/v2\/media\/2186"}],"wp:attachment":[{"href":"https:\/\/www.campinglefouduroi.fr\/de\/wp-json\/wp\/v2\/media?parent=2184"}],"curies":[{"name":"wp","href":"https:\/\/api.w.org\/{rel}","templated":true}]}}