{"id":3769,"date":"2023-05-02T10:33:13","date_gmt":"2023-05-02T08:33:13","guid":{"rendered":"https:\/\/www.campinglefouduroi.fr\/faq\/"},"modified":"2024-03-15T17:20:56","modified_gmt":"2024-03-15T16:20:56","slug":"faq","status":"publish","type":"page","link":"https:\/\/www.campinglefouduroi.fr\/de\/faq\/","title":{"rendered":"FAQ"},"content":{"rendered":"<section id=\"section-6450cac9cb5d5\"\" class=\"section bg-white\" \/><div class=\"container\"><h1 class=\"element section-title center\">FAQ CAMPING LE FOU DU ROI<\/h1><\/div><\/section>\n\n<section id=\"section-6450cf990318a\"\" class=\"section bg-white\" \/><div class=\"container\"><h2 class=\"element section-title left\">Zugang<\/h2><div class=\"faq-container\">\n\n        <details class=\"faq\">\n        <summary class=\"faq-question\">An welchen Tagen ist der Campingplatz ge\u00f6ffnet?<span class=\"faq-opener\"><\/span><\/summary>\n\t\t\t<div class=\"content\"><p>Der Campingplatz ist vom 5. April bis zum 6. Oktober 2024 ge\u00f6ffnet. Den Rest des Jahres ist er komplett geschlossen.<\/p>\n<\/div>\n\t<\/details>\n        <details class=\"faq\">\n        <summary class=\"faq-question\">Wie sind die \u00d6ffnungszeiten der Rezeption?<span class=\"faq-opener\"><\/span><\/summary>\n\t\t\t<div class=\"content\"><p>Von Oktober bis April steht Ihnen die Rezeption montags bis freitags von 9:00 bis 12:00 Uhr und von 14:00 bis 18:00 Uhr zur Verf\u00fcgung. In der Nebensaison sind wir 7 Tage die Woche von 9:00 bis 12:00 Uhr und von 14:00 bis 19:00 Uhr ge\u00f6ffnet. Im Juli\/August 7 Tage die Woche und von 8:30 bis 12:30 Uhr und von 14:00 bis 20:00 Uhr.<\/p>\n<\/div>\n\t<\/details>\n        <details class=\"faq\">\n        <summary class=\"faq-question\">Wie gelangt man auf den Campingplatz?<span class=\"faq-opener\"><\/span><\/summary>\n\t\t\t<div class=\"content\"><p>Der Campingplatz befindet sich in Lansargues. Sie brauchen nur die Autobahn A9, Ausfahrt Lunel, zu verlassen und dann Richtung Saint Just\/ Lansargues zu fahren. Oder Sie fahren in Baillargues ab und folgen der Landstra\u00dfe Richtung Mauguio und dann Lansargues.<\/p>\n<\/div>\n\t<\/details>\n        <details class=\"faq\">\n        <summary class=\"faq-question\">Gibt es Shuttles?<span class=\"faq-opener\"><\/span><\/summary>\n\t\t\t<div class=\"content\"><p>Nein, es gibt keinen Shuttle-Service &#8230; wir empfehlen Ihnen dringend, mit dem Auto anzureisen oder eines zu mieten.<\/p>\n<\/div>\n\t<\/details>\n        <details class=\"faq\">\n        <summary class=\"faq-question\">Gibt es einen direkten Zugang zum Meer?<span class=\"faq-opener\"><\/span><\/summary>\n\t\t\t<div class=\"content\"><p>Nein, es gibt keinen direkten Zugang zum Meer. Die Str\u00e4nde sind jedoch innerhalb von 20 Minuten mit dem Auto erreichbar.<\/p>\n<\/div>\n\t<\/details>\n    <\/div>\n<\/div><\/section>\n\n<section id=\"section-6450cf990324d\"\" class=\"section bg-white\" \/><div class=\"container\"><h2 class=\"element section-title left\">Reservierung<\/h2><div class=\"faq-container\">\n\n        <details class=\"faq\">\n        <summary class=\"faq-question\">Wann muss ich den gesamten Betrag f\u00fcr meinen Aufenthalt bezahlen?<span class=\"faq-opener\"><\/span><\/summary>\n\t\t\t<div class=\"content\"><p>Bei der Buchung wird eine Anzahlung von 30% verlangt. Der Gesamtbetrag f\u00fcr Ihren Aufenthalt muss unbedingt einen Monat vor Ihrer Ankunft bezahlt werden.<\/p>\n<\/div>\n\t<\/details>\n        <details class=\"faq\">\n        <summary class=\"faq-question\">Habe ich die M\u00f6glichkeit, meinen Aufenthalt zu stornieren?<span class=\"faq-opener\"><\/span><\/summary>\n\t\t\t<div class=\"content\"><p>Wenn Sie die Reiser\u00fccktrittsversicherung Campez Couvert abgeschlossen haben, lesen Sie bitte die Allgemeinen Gesch\u00e4ftsbedingungen, die Sie auf der Startseite unserer Website finden.<\/p>\n<\/div>\n\t<\/details>\n        <details class=\"faq\">\n        <summary class=\"faq-question\">Gibt es ein Mobilheim, das f\u00fcr Menschen mit Behinderungen zug\u00e4nglich ist?<span class=\"faq-opener\"><\/span><\/summary>\n\t\t\t<div class=\"content\"><p>Wir haben keine Mobilheime PMR<\/p>\n<\/div>\n\t<\/details>\n    <\/div>\n<\/div><\/section>\n\n<section id=\"section-6450cf990330a\"\" class=\"section bg-white\" \/><div class=\"container\"><h2 class=\"element section-title left\">Ankunft<\/h2><div class=\"faq-container\">\n\n        <details class=\"faq\">\n        <summary class=\"faq-question\">Wie sind die Ankunftszeiten?<span class=\"faq-opener\"><\/span><\/summary>\n\t\t\t<div class=\"content\"><p>Die Ankunft f\u00fcr die Miete eines Mobilheims ist ab 16 Uhr bis 19 Uhr.<\/p>\n<\/div>\n\t<\/details>\n        <details class=\"faq\">\n        <summary class=\"faq-question\">Muss ich eine Kaution hinterlegen?<span class=\"faq-opener\"><\/span><\/summary>\n\t\t\t<div class=\"content\"><p>Ja. 300 \u20ac Kaution f\u00fcr die Mobilheime sowie 80 \u20ac oder 95 \u20ac f\u00fcr die 3-Zimmer-Wohnung als Kaution f\u00fcr die Reinigung.<\/p>\n<\/div>\n\t<\/details>\n        <details class=\"faq\">\n        <summary class=\"faq-question\">Ist eine Haushaltsoption verf\u00fcgbar?<span class=\"faq-opener\"><\/span><\/summary>\n\t\t\t<div class=\"content\"><p>Ja, vorausgesetzt, Sie informieren die Rezeption im Voraus und zahlen den Zuschlag f\u00fcr die Reinigungskaution des betreffenden Mobilheims.<\/p>\n<\/div>\n\t<\/details>\n    <\/div>\n<\/div><\/section>\n\n<section id=\"section-6450cf9903438\"\" class=\"section bg-white\" \/><div class=\"container\"><h2 class=\"element section-title left\">Aufenthalt<\/h2><div class=\"faq-container\">\n\n        <details class=\"faq\">\n        <summary class=\"faq-question\">K\u00f6nnen wir mit 2 Autos kommen?<span class=\"faq-opener\"><\/span><\/summary>\n\t\t\t<div class=\"content\"><p>Auf dem Gel\u00e4nde des Campingplatzes darf nur ein Fahrzeug pro Mobilheim geparkt werden.<\/p>\n<\/div>\n\t<\/details>\n        <details class=\"faq\">\n        <summary class=\"faq-question\">Ist das Tragen des Armbands obligatorisch?<span class=\"faq-opener\"><\/span><\/summary>\n\t\t\t<div class=\"content\"><p>Ja, das Tragen des Armbands ist f\u00fcr alle G\u00e4ste, die sich auf unserem Campingplatz aufhalten, w\u00e4hrend der gesamten Dauer ihres Aufenthalts absolut obligatorisch.<\/p>\n<\/div>\n\t<\/details>\n        <details class=\"faq\">\n        <summary class=\"faq-question\">Sind Badeshorts oder Neoprenanz\u00fcge am Pool erlaubt?<span class=\"faq-opener\"><\/span><\/summary>\n\t\t\t<div class=\"content\"><p>Aus hygienischen Gr\u00fcnden sind Badeshorts oder Neoprenanz\u00fcge in den Becken unseres Poolbereichs strengstens untersagt.<\/p>\n<\/div>\n\t<\/details>\n        <details class=\"faq\">\n        <summary class=\"faq-question\">Z\u00e4hlen Kinder und Babys zur Kapazit\u00e4t des Mobilheims?<span class=\"faq-opener\"><\/span><\/summary>\n\t\t\t<div class=\"content\"><p>Ja, Kinder und Babys werden als Personen gez\u00e4hlt und nehmen daher an der Kapazit\u00e4t des Mobilheims teil.<\/p>\n<\/div>\n\t<\/details>\n        <details class=\"faq\">\n        <summary class=\"faq-question\">M\u00fcssen wir Bettw\u00e4sche, Handt\u00fccher, Kissen und Decken mitbringen?<span class=\"faq-opener\"><\/span><\/summary>\n\t\t\t<div class=\"content\"><p>Decken und Kopfkissen werden bereitgestellt. Sie m\u00fcssen Ihre eigene Bettw\u00e4sche und Ihr eigenes Handtuch mitbringen.<\/p>\n<\/div>\n\t<\/details>\n        <details class=\"faq\">\n        <summary class=\"faq-question\">Werden Besuche akzeptiert?<span class=\"faq-opener\"><\/span><\/summary>\n\t\t\t<div class=\"content\"><p>Besucher sind nur in der Nebensaison erlaubt und m\u00fcssen bei der Ankunft ein Ausweisdokument vorlegen und 4 \u20ac bezahlen. Der Zugang zum Wasserbereich ist ihnen strengstens untersagt.<\/p>\n<\/div>\n\t<\/details>\n        <details class=\"faq\">\n        <summary class=\"faq-question\">Wie viel Ampere gibt es an den Klemmen f\u00fcr Stellpl\u00e4tze?<span class=\"faq-opener\"><\/span><\/summary>\n\t\t\t<div class=\"content\"><p>10 A<\/p>\n<\/div>\n\t<\/details>\n        <details class=\"faq\">\n        <summary class=\"faq-question\">Gibt es Ladestationen f\u00fcr Elektrofahrzeuge?<span class=\"faq-opener\"><\/span><\/summary>\n\t\t\t<div class=\"content\"><p>Nein, Sie k\u00f6nnen im Dorfzentrum aufladen, das etwa 10 Minuten zu Fu\u00df vom Campingplatz entfernt liegt. Es ist nicht erlaubt, sich an eine Ladestation oder ein Mobilheim anzuschlie\u00dfen, um keine elektrischen Sch\u00e4den zu verursachen.<\/p>\n<\/div>\n\t<\/details>\n        <details class=\"faq\">\n        <summary class=\"faq-question\">Sind Haustiere erlaubt?<span class=\"faq-opener\"><\/span><\/summary>\n\t\t\t<div class=\"content\"><p>In einigen Mobilheimen sind auf Anfrage nur Hunde mit einem Gewicht von weniger als 8 kg erlaubt, ebenso auf den Campingpl\u00e4tzen. Ausgenommen sind Hunde der Kategorie 1 und 2 und gegen einen Aufpreis von 35\u20ac\/Woche. Der Impfpass muss auf dem neuesten Stand sein und bei der Ankunft vorgelegt werden.<br \/>\nPro Mietunterkunft oder Stellplatz ist nur ein Tier erlaubt.<\/p>\n<\/div>\n\t<\/details>\n        <details class=\"faq\">\n        <summary class=\"faq-question\">Sind Grillen und Barbecues erlaubt?<span class=\"faq-opener\"><\/span><\/summary>\n\t\t\t<div class=\"content\"><p>Ja, aber nur Gasgrills. Kohlegrills sind strengstens verboten, um Brandgefahr zu vermeiden.<\/p>\n<\/div>\n\t<\/details>\n        <details class=\"faq\">\n        <summary class=\"faq-question\">Welche Dienstleistungen kann ich mieten?<span class=\"faq-opener\"><\/span><\/summary>\n\t\t\t<div class=\"content\"><p>Alle verf\u00fcgbaren Dienstleistungen finden Sie auf der Seite &#8222;Dienstleistungen&#8220; des Campingplatzes.<\/p>\n<\/div>\n\t<\/details>\n        <details class=\"faq\">\n        <summary class=\"faq-question\">Ist es m\u00f6glich, eine Zeltplane vor meinem Mobilheim aufzustellen?<span class=\"faq-opener\"><\/span><\/summary>\n\t\t\t<div class=\"content\"><p>Nein, es ist strengstens verboten, eine Zeltplane auf den Parzellen der Mobilheime aufzustellen.<\/p>\n<\/div>\n\t<\/details>\n        <details class=\"faq\">\n        <summary class=\"faq-question\">Gibt es Wifi auf dem Campingplatz?<span class=\"faq-opener\"><\/span><\/summary>\n\t\t\t<div class=\"content\"><p>Ja. Wir haben einen kostenlosen WLAN-Zugang f\u00fcr 30 aufeinanderfolgende Minuten auf der Terrasse des Snackbar und kostenpflichtig auf dem Campingplatz. Die Preise k\u00f6nnen Sie w\u00e4hrend Ihres Aufenthalts an der Rezeption einsehen.<br \/>\nw\u00e4hrend Ihres Aufenthalts oder auf unserer Website in der Rubrik &#8222;Dienstleistungen&#8220;.<\/p>\n<\/div>\n\t<\/details>\n    <\/div>\n<\/div><\/section>\n\n<section id=\"section-6450cf99034f3\"\" class=\"section bg-white\" \/><div class=\"container\"><h2 class=\"element section-title left\">Abreise<\/h2><div class=\"faq-container\">\n\n        <details class=\"faq\">\n        <summary class=\"faq-question\">Um wie viel Uhr muss ich mein Mobilheim oder meinen Stellplatz r\u00e4umen?<span class=\"faq-opener\"><\/span><\/summary>\n\t\t\t<div class=\"content\"><p>Das Mobilheim muss zwischen 8:00 und 10:00 Uhr ger\u00e4umt werden. Die Stellpl\u00e4tze m\u00fcssen bis 12:00 Uhr ger\u00e4umt sein. Jede Abreise au\u00dferhalb dieser Zeiten muss unbedingt an der Rezeption gemeldet werden.<\/p>\n<\/div>\n\t<\/details>\n        <details class=\"faq\">\n        <summary class=\"faq-question\">Muss ich vor der Abreise eine Bestandsaufnahme meines Mobilheims machen?<span class=\"faq-opener\"><\/span><\/summary>\n\t\t\t<div class=\"content\"><p>Ja, wenn Sie abreisebereit sind, melden Sie sich bitte bei uns oder kommen Sie zur Rezeption, damit ein Teammitglied kommt, um den Zustand der Wohnung zu \u00fcberpr\u00fcfen.<\/p>\n<\/div>\n\t<\/details>\n    <\/div>\n<\/div><\/section>","protected":false},"excerpt":{"rendered":"","protected":false},"author":1,"featured_media":0,"parent":0,"menu_order":0,"comment_status":"closed","ping_status":"closed","template":"","meta":{"_acf_changed":false,"footnotes":""},"class_list":["post-3769","page","type-page","status-publish","hentry"],"acf":[],"yoast_head":"<!-- This site is optimized with the Yoast SEO plugin v25.3 - https:\/\/yoast.com\/wordpress\/plugins\/seo\/ -->\n<title>FAQ - Camping Fou du Roi<\/title>\n<meta name=\"description\" content=\"Nat\u00fcrlich haben unsere Kunden hier einige h\u00e4ufig gestellte Fragen,bevor sie eine Buchung vornehmen:\" \/>\n<meta name=\"robots\" content=\"index, follow, max-snippet:-1, max-image-preview:large, max-video-preview:-1\" \/>\n<link rel=\"canonical\" href=\"https:\/\/www.campinglefouduroi.fr\/de\/faq\/\" \/>\n<meta property=\"og:locale\" content=\"de_DE\" \/>\n<meta property=\"og:type\" content=\"article\" \/>\n<meta property=\"og:title\" content=\"FAQ - Camping Fou du Roi\" \/>\n<meta property=\"og:description\" content=\"Nat\u00fcrlich haben unsere Kunden hier einige h\u00e4ufig gestellte Fragen,bevor sie eine Buchung vornehmen:\" \/>\n<meta property=\"og:url\" content=\"https:\/\/www.campinglefouduroi.fr\/de\/faq\/\" \/>\n<meta property=\"og:site_name\" content=\"Camping Fou du Roi\" \/>\n<meta property=\"article:modified_time\" content=\"2024-03-15T16:20:56+00:00\" \/>\n<meta name=\"twitter:card\" content=\"summary_large_image\" \/>\n<script type=\"application\/ld+json\" class=\"yoast-schema-graph\">{\"@context\":\"https:\/\/schema.org\",\"@graph\":[{\"@type\":\"WebPage\",\"@id\":\"https:\/\/www.campinglefouduroi.fr\/de\/faq\/\",\"url\":\"https:\/\/www.campinglefouduroi.fr\/de\/faq\/\",\"name\":\"FAQ - Camping Fou du Roi\",\"isPartOf\":{\"@id\":\"https:\/\/www.campinglefouduroi.fr\/de\/#website\"},\"datePublished\":\"2023-05-02T08:33:13+00:00\",\"dateModified\":\"2024-03-15T16:20:56+00:00\",\"description\":\"Nat\u00fcrlich haben unsere Kunden hier einige h\u00e4ufig gestellte Fragen,bevor sie eine Buchung vornehmen:\",\"breadcrumb\":{\"@id\":\"https:\/\/www.campinglefouduroi.fr\/de\/faq\/#breadcrumb\"},\"inLanguage\":\"de\",\"potentialAction\":[{\"@type\":\"ReadAction\",\"target\":[\"https:\/\/www.campinglefouduroi.fr\/de\/faq\/\"]}]},{\"@type\":\"BreadcrumbList\",\"@id\":\"https:\/\/www.campinglefouduroi.fr\/de\/faq\/#breadcrumb\",\"itemListElement\":[{\"@type\":\"ListItem\",\"position\":1,\"name\":\"Camping H\u00e9rault\",\"item\":\"https:\/\/www.campinglefouduroi.fr\/de\/\"},{\"@type\":\"ListItem\",\"position\":2,\"name\":\"FAQ\"}]},{\"@type\":\"WebSite\",\"@id\":\"https:\/\/www.campinglefouduroi.fr\/de\/#website\",\"url\":\"https:\/\/www.campinglefouduroi.fr\/de\/\",\"name\":\"Camping Fou du Roi\",\"description\":\"\",\"publisher\":{\"@id\":\"https:\/\/www.campinglefouduroi.fr\/de\/#organization\"},\"potentialAction\":[{\"@type\":\"SearchAction\",\"target\":{\"@type\":\"EntryPoint\",\"urlTemplate\":\"https:\/\/www.campinglefouduroi.fr\/de\/?s={search_term_string}\"},\"query-input\":{\"@type\":\"PropertyValueSpecification\",\"valueRequired\":true,\"valueName\":\"search_term_string\"}}],\"inLanguage\":\"de\"},{\"@type\":\"Organization\",\"@id\":\"https:\/\/www.campinglefouduroi.fr\/de\/#organization\",\"name\":\"Camping Le Fou du Roi\",\"url\":\"https:\/\/www.campinglefouduroi.fr\/de\/\",\"logo\":{\"@type\":\"ImageObject\",\"inLanguage\":\"de\",\"@id\":\"https:\/\/www.campinglefouduroi.fr\/de\/#\/schema\/logo\/image\/\",\"url\":\"https:\/\/www.campinglefouduroi.fr\/wp-content\/uploads\/2021\/10\/logo-fou-du-roi.png\",\"contentUrl\":\"https:\/\/www.campinglefouduroi.fr\/wp-content\/uploads\/2021\/10\/logo-fou-du-roi.png\",\"width\":424,\"height\":424,\"caption\":\"Camping Le Fou du Roi\"},\"image\":{\"@id\":\"https:\/\/www.campinglefouduroi.fr\/de\/#\/schema\/logo\/image\/\"}}]}<\/script>\n<!-- \/ Yoast SEO plugin. -->","yoast_head_json":{"title":"FAQ - Camping Fou du Roi","description":"Nat\u00fcrlich haben unsere Kunden hier einige h\u00e4ufig gestellte Fragen,bevor sie eine Buchung vornehmen:","robots":{"index":"index","follow":"follow","max-snippet":"max-snippet:-1","max-image-preview":"max-image-preview:large","max-video-preview":"max-video-preview:-1"},"canonical":"https:\/\/www.campinglefouduroi.fr\/de\/faq\/","og_locale":"de_DE","og_type":"article","og_title":"FAQ - Camping Fou du Roi","og_description":"Nat\u00fcrlich haben unsere Kunden hier einige h\u00e4ufig gestellte Fragen,bevor sie eine Buchung vornehmen:","og_url":"https:\/\/www.campinglefouduroi.fr\/de\/faq\/","og_site_name":"Camping Fou du Roi","article_modified_time":"2024-03-15T16:20:56+00:00","twitter_card":"summary_large_image","schema":{"@context":"https:\/\/schema.org","@graph":[{"@type":"WebPage","@id":"https:\/\/www.campinglefouduroi.fr\/de\/faq\/","url":"https:\/\/www.campinglefouduroi.fr\/de\/faq\/","name":"FAQ - Camping Fou du Roi","isPartOf":{"@id":"https:\/\/www.campinglefouduroi.fr\/de\/#website"},"datePublished":"2023-05-02T08:33:13+00:00","dateModified":"2024-03-15T16:20:56+00:00","description":"Nat\u00fcrlich haben unsere Kunden hier einige h\u00e4ufig gestellte Fragen,bevor sie eine Buchung vornehmen:","breadcrumb":{"@id":"https:\/\/www.campinglefouduroi.fr\/de\/faq\/#breadcrumb"},"inLanguage":"de","potentialAction":[{"@type":"ReadAction","target":["https:\/\/www.campinglefouduroi.fr\/de\/faq\/"]}]},{"@type":"BreadcrumbList","@id":"https:\/\/www.campinglefouduroi.fr\/de\/faq\/#breadcrumb","itemListElement":[{"@type":"ListItem","position":1,"name":"Camping H\u00e9rault","item":"https:\/\/www.campinglefouduroi.fr\/de\/"},{"@type":"ListItem","position":2,"name":"FAQ"}]},{"@type":"WebSite","@id":"https:\/\/www.campinglefouduroi.fr\/de\/#website","url":"https:\/\/www.campinglefouduroi.fr\/de\/","name":"Camping Fou du Roi","description":"","publisher":{"@id":"https:\/\/www.campinglefouduroi.fr\/de\/#organization"},"potentialAction":[{"@type":"SearchAction","target":{"@type":"EntryPoint","urlTemplate":"https:\/\/www.campinglefouduroi.fr\/de\/?s={search_term_string}"},"query-input":{"@type":"PropertyValueSpecification","valueRequired":true,"valueName":"search_term_string"}}],"inLanguage":"de"},{"@type":"Organization","@id":"https:\/\/www.campinglefouduroi.fr\/de\/#organization","name":"Camping Le Fou du Roi","url":"https:\/\/www.campinglefouduroi.fr\/de\/","logo":{"@type":"ImageObject","inLanguage":"de","@id":"https:\/\/www.campinglefouduroi.fr\/de\/#\/schema\/logo\/image\/","url":"https:\/\/www.campinglefouduroi.fr\/wp-content\/uploads\/2021\/10\/logo-fou-du-roi.png","contentUrl":"https:\/\/www.campinglefouduroi.fr\/wp-content\/uploads\/2021\/10\/logo-fou-du-roi.png","width":424,"height":424,"caption":"Camping Le Fou du Roi"},"image":{"@id":"https:\/\/www.campinglefouduroi.fr\/de\/#\/schema\/logo\/image\/"}}]}},"_links":{"self":[{"href":"https:\/\/www.campinglefouduroi.fr\/de\/wp-json\/wp\/v2\/pages\/3769","targetHints":{"allow":["GET"]}}],"collection":[{"href":"https:\/\/www.campinglefouduroi.fr\/de\/wp-json\/wp\/v2\/pages"}],"about":[{"href":"https:\/\/www.campinglefouduroi.fr\/de\/wp-json\/wp\/v2\/types\/page"}],"author":[{"embeddable":true,"href":"https:\/\/www.campinglefouduroi.fr\/de\/wp-json\/wp\/v2\/users\/1"}],"replies":[{"embeddable":true,"href":"https:\/\/www.campinglefouduroi.fr\/de\/wp-json\/wp\/v2\/comments?post=3769"}],"version-history":[{"count":4,"href":"https:\/\/www.campinglefouduroi.fr\/de\/wp-json\/wp\/v2\/pages\/3769\/revisions"}],"predecessor-version":[{"id":3960,"href":"https:\/\/www.campinglefouduroi.fr\/de\/wp-json\/wp\/v2\/pages\/3769\/revisions\/3960"}],"wp:attachment":[{"href":"https:\/\/www.campinglefouduroi.fr\/de\/wp-json\/wp\/v2\/media?parent=3769"}],"curies":[{"name":"wp","href":"https:\/\/api.w.org\/{rel}","templated":true}]}}