{"id":1848,"date":"2024-06-07T10:45:46","date_gmt":"2024-06-07T08:45:46","guid":{"rendered":"https:\/\/www.campinglefouduroi.fr\/accueil\/"},"modified":"2026-03-25T11:13:24","modified_gmt":"2026-03-25T10:13:24","slug":"home","status":"publish","type":"page","link":"https:\/\/www.campinglefouduroi.fr\/en\/","title":{"rendered":"Accueil"},"content":{"rendered":"<section id=\"section-611cd32983078\"\" class=\"section home-first bg-white\" \/><div class=\"container extralarge\"><div class=\"colonnes-wrap valign-middle \"><div class=\"element colonne \"><div class=\"element call-to-action  call-to-action--style-1 call-to-action--have-description call-to-action--big\"><a href=\"\"  class=\"call-to-action_link\" title=\"Read more about early booking and low season deals\"><div class=\"call-to-action_image\"><img decoding=\"async\" src=\"https:\/\/www.campinglefouduroi.fr\/wp-content\/uploads\/2021\/08\/cta-promo-100x75.jpg\" data-src=\"https:\/\/www.campinglefouduroi.fr\/wp-content\/uploads\/2021\/08\/cta-promo.jpg\" alt=\"cta-promo\" class=\"big\" \/><\/div><div class=\"call-to-action_contenu\"><div class=\"call-to-action_titre\">Early booking and Low season deals<\/div><div class=\"call-to-action_description\">Browse our deals ><\/div><div class=\"call-to-action_sous-titre\">Seize the opportunity<\/div><\/div><\/a><\/div><div class=\"element call-to-action  call-to-action--style-1 call-to-action--have-description call-to-action--big call-to-action--style-1 call-to-action--have-description call-to-action--big\"><a href=\"https:\/\/www.campinglefouduroi.fr\/en\/latest-news\/campsite-news\/\"  class=\"call-to-action_link\" title=\"Read more about latest news from the campsite\"><div class=\"call-to-action_image\"><img decoding=\"async\" src=\"https:\/\/www.campinglefouduroi.fr\/wp-content\/uploads\/2021\/08\/Cta-fou-du-roi-promo-100x75.jpg\" data-src=\"https:\/\/www.campinglefouduroi.fr\/wp-content\/uploads\/2021\/08\/Cta-fou-du-roi-promo.jpg\" alt=\"Cta-fou-du-roi-promo\" class=\"big\" \/><\/div><div class=\"call-to-action_contenu\"><div class=\"call-to-action_titre\">Latest news from the campsite<\/div><div class=\"call-to-action_description\">Read more ><\/div><div class=\"call-to-action_sous-titre\">Latest News <\/div><\/div><\/a><\/div><\/div><div class=\"element colonne \"><h1 class=\"element section-title justify fouduroi-parasol\">Campsite M\u00e9diterran\u00e9e Camargue in the H\u00e9rault<\/h1><h2 class=\"element section-title left color1 m-t-2 m-b-2\">Campsite H\u00e9rault<\/h2><div class=\"element bloc-text left \">\n\t<p>The<strong class=\"bold color1\"> 4-star M\u00e9diterran\u00e9e Camargue family campsite<\/strong> . Ideally located near a pretty southern village and surrounded by vineyards, this charming 2 hectare campsite invites you to rest and relax.<\/p>\n<p>Come and enjoy a shady setting in all seasons for a wonderful stay in the Petite Camargue. During your holidays, discover the region through cultural visits and fun family outings.<\/p>\n<\/div><\/div><\/div><\/div><\/section>\n\n<section id=\"section-611b712ebff0f\"\" class=\"section home-second bg-white\" \/><div class=\"container full\"><div class=\"colonnes-wrap valign-top \"><div class=\"element colonne bg-color4\"><h2 class=\"element section-title justify color1\">The services of the campsite<\/h2><div class=\"element bloc-text\">\n\t<div class=\"services\">\r\n\t<div class=\"service fouduroi-volley\">The field<\/div>\r\n\t<div class=\"service fouduroi-sanitaires\">The sanitary facilities<\/div>\r\n\t<div class=\"service fouduroi-SNACK\">Snack bar<\/div>\r\n\t<div class=\"service fouduroi-wifi\">Wifi<\/div>\r\n\t<div class=\"service fouduroi-airevidange\">Drainage area<\/div>\r\n\t<div class=\"service fouduroi-location\">Various rentals<\/div>\r\n\t<div class=\"service fouduroi-reception-bell_1\">The reception<\/div>\r\n\t<div class=\"service fouduroi-pain\">Bread depot<\/div>\r\n<\/div><\/div><\/div><div class=\"element colonne bg-color2\"><h2 class=\"element section-title justify color1\">Activities at the campsite<\/h2><div class=\"element bloc-text\">\n\t<div class=\"activite\">\r\n\t\t\t\t<img decoding=\"async\" class=\"img-activite\" src=\"\/wp-content\/uploads\/2021\/09\/camping-activites-herault.jpg\" alt=\"camping activites herault\">\r\n\t\t\t\t<div class=\"text-activite\">\r\n\t\t\t\t<div class=\"activite\">SPORTS ACTIVITIES AND ENTERTAINMENT<\/div>\r\n\t\t\t\t\t\t\t\t<p>Participate in our many <a href=\"\/camping-familial-lansargues\/\" class=\"color3\">entertainment at the campsite<\/a> organised throughout your stay in July\/August and challenge yourselves at the various p\u00e9tanque tournaments and competitions.\r\n<\/p><\/div>\r\n<\/div>\r\n<div class=\"activite\">\r\n\t\t\t\t<img decoding=\"async\" class=\"img-soiree\" src=\"\/wp-content\/uploads\/2021\/09\/camping-soirees-herault.jpg\" alt=\"camping soirees herault\">\r\n\t\t\t\t<div class=\"text-activite\">\r\n\t\t\t\t<div class=\"activite\">EVENINGS AT THE CAMPSITE<\/div>\r\n\t\t\t\t\t\t\t\t<p>Animated meals, dance evenings, quizzes or karaoke will punctuate your evenings during your stay in Petite Camargue.<\/p><\/div>\r\n<\/div>\r\n<div class=\"activite\">\r\n\t\t\t\t<img decoding=\"async\" class=\"img-enfant\" src=\"\/wp-content\/uploads\/2021\/09\/camping-loisirs-enfants-herault.jpg\" alt=\"camping loisirs enfants herault\">\r\n\t\t\t\t<div class=\"text-activite\">\r\n\t\t\t\t<div class=\"activite\">CHILDREN&#8217;S GAMES<\/div>\r\n\t\t\t\t\t\t\t\t<p>Your little ones will be delighted to make new friends in the playground or during the various activities planned by our activity leaders.<\/p><\/div>\r\n<\/div><\/div><\/div><\/div><\/div><\/section>\n\n<section id=\"section-611a7f7492415\"\" data-bg-opacite=\"0.2\"data-background=\"https:\/\/www.campinglefouduroi.fr\/wp-content\/uploads\/2021\/10\/fou-du-roi-piscine.jpg\"data-speed=\"0.8\"class=\"section  home-third bg-white section--has-bg-img section_bg-parallax\" \/><div class=\"container full\"><h2 class=\"element section-title left white\">OUR POOL AREA IN THE PETITE CAMARGUE<\/h2><div class=\"element bloc-text left \">\n\t<p>The campsite&#8217;s swimming pool is 12 metres long and 6 metres wide, ideal for your family holiday. There is a paddling pool for the little ones. The pool is open from 15 May to 15 September.<\/p>\n<p>For reasons of hygiene, swimming trunks or boxer shorts are compulsory, Bermuda shorts, t-shirts, wetsuits or any other loose clothing are forbidden.<br \/>\nWearing a wristband during the season is compulsory.<\/p>\n<\/div><div class=\"element bloc-text\">\n\t<a class=\"fouduroi-chevroncercle3\" href=\"\/camping-familial-lansargues\/#section-piscine\"><\/a><\/div><\/div><\/section>\n\n<section id=\"section-611a7f7492993\"\" class=\"section home-fourth bg-black\" \/><div class=\"container extralarge\"><h2 class=\"element section-title center color1 m-t-5 m-b-3\">Our accommodation in the Petite Camargue<\/h2><div class=\"element bloc-text left white\">\n\t<p>Our different mobile home rentals are waiting for you for a weekend or more. From 25 to 38 m\u00b2 and able to accommodate 2 to 6 holidaymakers, our comfortable rentals include a fully equipped kitchen, sanitary facilities, 2 or 3 bedrooms, and even air conditioning and TV for certain models. For campers with caravans, motorhomes or tents, we offer fully shaded pitches for rent.<\/p>\n<p>Come and discover our &#8220;special offers&#8221; for rentals and pitches for the season and enjoy a low-priced stay.<\/p>\n<\/div><div class=\"colonnes-wrap valign-top \"><div class=\"element colonne \"><div class=\"element call-to-action  call-to-action--style-1 call-to-action--big\"><a href=\"https:\/\/www.campinglefouduroi.fr\/en\/rent-mobile-home-lansargues\/\"  class=\"call-to-action_link\" title=\"Read more about discover our rentals\"><div class=\"call-to-action_image\"><img decoding=\"async\" src=\"https:\/\/www.campinglefouduroi.fr\/wp-content\/uploads\/2021\/08\/cta-fou-du-roi-camping-80x100.jpg\" data-src=\"https:\/\/www.campinglefouduroi.fr\/wp-content\/uploads\/2021\/08\/cta-fou-du-roi-camping.jpg\" alt=\"cta-fou-du-roi-camping\" class=\"big\" \/><\/div><div class=\"call-to-action_contenu\"><div class=\"call-to-action_titre\">Discover our rentals<\/div><\/div><\/a><\/div><\/div><div class=\"element colonne \"><div class=\"element call-to-action  call-to-action--style-1 call-to-action--big\"><a href=\"https:\/\/www.campinglefouduroi.fr\/en\/rent-pitch-lansargues\/\"  class=\"call-to-action_link\" title=\"Read more about discover our locations\"><div class=\"call-to-action_image\"><img decoding=\"async\" src=\"https:\/\/www.campinglefouduroi.fr\/wp-content\/uploads\/2021\/08\/cta-mobil-home-emplacement-80x100.jpg\" data-src=\"https:\/\/www.campinglefouduroi.fr\/wp-content\/uploads\/2021\/08\/cta-mobil-home-emplacement.jpg\" alt=\"cta-mobil-home-emplacement\" class=\"big\" \/><\/div><div class=\"call-to-action_contenu\"><div class=\"call-to-action_titre\">Discover our locations<\/div><\/div><\/a><\/div><\/div><div class=\"element colonne \"><div class=\"element call-to-action  call-to-action--style-1 call-to-action--big\"><a href=\"https:\/\/www.campinglefouduroi.fr\/en\/cheap-campsite-lansargues\/\"  class=\"call-to-action_link\" title=\"Read more about discover our rates\"><div class=\"call-to-action_image\"><img decoding=\"async\" src=\"https:\/\/www.campinglefouduroi.fr\/wp-content\/uploads\/2022\/11\/Exterieur-mh-tarifs-80x100.jpg\" data-src=\"https:\/\/www.campinglefouduroi.fr\/wp-content\/uploads\/2022\/11\/Exterieur-mh-tarifs.jpg\" alt=\"Exterieur-mh-tarifs\" class=\"big\" \/><\/div><div class=\"call-to-action_contenu\"><div class=\"call-to-action_titre\">Discover our rates<\/div><\/div><\/a><\/div><\/div><\/div><\/div><\/section>\n\n<section id=\"section-61168654d3f86\"\" class=\"section home-fifth bg-white\" \/><div class=\"container extralarge\"><h2 class=\"element section-title center color1 m-t-5 m-b-3\">The surroundings of the campsite in Occitania<\/h2><div class=\"colonnes-wrap valign-top \"><div class=\"element colonne w-40\"><div class=\"element bloc-text left \">\n\t<p>Languedoc-Roussillon Camargue and C\u00e9vennes: a holiday region!<\/p>\n<p>20 km from the campsite you will find the most famous beaches and seaside resorts of the region: Palavas, Carnon, la <a href=\"https:\/\/www.campinglefouduroi.fr\/en\/campsite-grande-motte\/\">Grande Motte<\/a> and le <a href=\"https:\/\/www.campinglefouduroi.fr\/en\/campsite-grau-du-roi\/\">Grau-du-Roi<\/a>. A colourful holiday between the Mediterranean Sea, nature and culture. Let yourself be enchanted by the natural setting of the H\u00e9rault gorges and the <a href=\"https:\/\/www.campinglefouduroi.fr\/en\/campsite-cevennes\/\">C\u00e9vennes<\/a> and discover the cultural attractions of <a href=\"https:\/\/www.campinglefouduroi.fr\/en\/campsite-aigues-mortes\/\">Aigues-Mortes<\/a>, <a href=\"https:\/\/www.campinglefouduroi.fr\/en\/campsite-montpellier\/\">Montpellier<\/a> in the H\u00e9rault and <a href=\"https:\/\/www.campinglefouduroi.fr\/en\/campsite-nimes\/\">N\u00eemes<\/a> in the Gard.<\/p>\n<p>Cultural excursions, family outings, entertainment: the countless points of interest around the campsite will punctuate your stay with new discoveries.<\/p>\n<\/div><\/div><div class=\"element colonne w-60\"><div class=\"element call-to-action  call-to-action--style-1 call-to-action--big\"><a href=\"https:\/\/www.campinglefouduroi.fr\/en\/campsite-nimes\/\"  class=\"call-to-action_link\" title=\"Read more about nimes\"><div class=\"call-to-action_image\"><img decoding=\"async\" src=\"https:\/\/www.campinglefouduroi.fr\/wp-content\/uploads\/2021\/08\/cta-fou-du-roi-100x68.jpg\" data-src=\"https:\/\/www.campinglefouduroi.fr\/wp-content\/uploads\/2021\/08\/cta-fou-du-roi.jpg\" alt=\"cta-fou-du-roi\" class=\"big\" \/><\/div><div class=\"call-to-action_contenu\"><div class=\"call-to-action_titre\">Nimes<\/div><\/div><\/a><\/div><div class=\"element call-to-action  call-to-action--style-1 call-to-action--big call-to-action--style-1 call-to-action--big\"><a href=\"https:\/\/www.campinglefouduroi.fr\/en\/campsite-montpellier\/\"  class=\"call-to-action_link\" title=\"Read more about montpellier\"><div class=\"call-to-action_image\"><img decoding=\"async\" src=\"https:\/\/www.campinglefouduroi.fr\/wp-content\/uploads\/2021\/08\/cta-ville-montpellier-100x68.jpg\" data-src=\"https:\/\/www.campinglefouduroi.fr\/wp-content\/uploads\/2021\/08\/cta-ville-montpellier.jpg\" alt=\"cta-ville-montpellier\" class=\"big\" \/><\/div><div class=\"call-to-action_contenu\"><div class=\"call-to-action_titre\">Montpellier<\/div><\/div><\/a><\/div><div class=\"element call-to-action  call-to-action--style-1 call-to-action--big call-to-action--style-1 call-to-action--big call-to-action--style-1 call-to-action--big\"><a href=\"https:\/\/www.campinglefouduroi.fr\/en\/campsite-grande-motte\/\"  class=\"call-to-action_link\" title=\"Read more about la grande motte\"><div class=\"call-to-action_image\"><img decoding=\"async\" src=\"https:\/\/www.campinglefouduroi.fr\/wp-content\/uploads\/2021\/08\/cta-ville-grande-motte-100x68.jpg\" data-src=\"https:\/\/www.campinglefouduroi.fr\/wp-content\/uploads\/2021\/08\/cta-ville-grande-motte.jpg\" alt=\"cta-ville-grande-motte\" class=\"big\" \/><\/div><div class=\"call-to-action_contenu\"><div class=\"call-to-action_titre\">La grande Motte<\/div><\/div><\/a><\/div><div class=\"element call-to-action  call-to-action--style-1 call-to-action--big call-to-action--style-1 call-to-action--big call-to-action--style-1 call-to-action--big call-to-action--style-1 call-to-action--big\"><a href=\"https:\/\/www.campinglefouduroi.fr\/en\/campsite-grau-du-roi\/\"  class=\"call-to-action_link\" title=\"Read more about grau du roi\"><div class=\"call-to-action_image\"><img decoding=\"async\" src=\"https:\/\/www.campinglefouduroi.fr\/wp-content\/uploads\/2021\/08\/cta-ville-grau-roi-100x68.jpg\" data-src=\"https:\/\/www.campinglefouduroi.fr\/wp-content\/uploads\/2021\/08\/cta-ville-grau-roi.jpg\" alt=\"cta-ville-grau-roi\" class=\"big\" \/><\/div><div class=\"call-to-action_contenu\"><div class=\"call-to-action_titre\">Grau du roi<\/div><\/div><\/a><\/div><\/div><\/div><\/div><\/section>","protected":false},"excerpt":{"rendered":"","protected":false},"author":1,"featured_media":0,"parent":0,"menu_order":0,"comment_status":"closed","ping_status":"closed","template":"","meta":{"_acf_changed":false,"footnotes":""},"class_list":["post-1848","page","type-page","status-publish","hentry"],"acf":[],"yoast_head":"<!-- This site is optimized with the Yoast SEO plugin v25.3 - https:\/\/yoast.com\/wordpress\/plugins\/seo\/ -->\n<title>3 star campsite Camargue | Campsite Le Fou du Roi in Lansargues<\/title>\n<meta name=\"description\" content=\"welcomes you in an oasis of relaxation in the Little Camargue, 20 minutes from the sunny beaches of the Mediterranean.\" \/>\n<meta name=\"robots\" content=\"index, follow, max-snippet:-1, max-image-preview:large, max-video-preview:-1\" \/>\n<link rel=\"canonical\" href=\"https:\/\/www.campinglefouduroi.fr\/en\/\" \/>\n<meta property=\"og:locale\" content=\"en_US\" \/>\n<meta property=\"og:type\" content=\"article\" \/>\n<meta property=\"og:title\" content=\"3 star campsite Camargue | Campsite Le Fou du Roi in Lansargues\" \/>\n<meta property=\"og:description\" content=\"welcomes you in an oasis of relaxation in the Little Camargue, 20 minutes from the sunny beaches of the Mediterranean.\" \/>\n<meta property=\"og:url\" content=\"https:\/\/www.campinglefouduroi.fr\/en\/\" \/>\n<meta property=\"og:site_name\" content=\"Camping Fou du Roi\" \/>\n<meta property=\"article:modified_time\" content=\"2026-03-25T10:13:24+00:00\" \/>\n<meta name=\"twitter:card\" content=\"summary_large_image\" \/>\n<script type=\"application\/ld+json\" class=\"yoast-schema-graph\">{\"@context\":\"https:\/\/schema.org\",\"@graph\":[{\"@type\":\"WebPage\",\"@id\":\"https:\/\/www.campinglefouduroi.fr\/en\/\",\"url\":\"https:\/\/www.campinglefouduroi.fr\/en\/\",\"name\":\"3 star campsite Camargue | Campsite Le Fou du Roi in Lansargues\",\"isPartOf\":{\"@id\":\"https:\/\/www.campinglefouduroi.fr\/en\/#website\"},\"datePublished\":\"2024-06-07T08:45:46+00:00\",\"dateModified\":\"2026-03-25T10:13:24+00:00\",\"description\":\"welcomes you in an oasis of relaxation in the Little Camargue, 20 minutes from the sunny beaches of the Mediterranean.\",\"breadcrumb\":{\"@id\":\"https:\/\/www.campinglefouduroi.fr\/en\/#breadcrumb\"},\"inLanguage\":\"en-US\",\"potentialAction\":[{\"@type\":\"ReadAction\",\"target\":[\"https:\/\/www.campinglefouduroi.fr\/en\/\"]}]},{\"@type\":\"BreadcrumbList\",\"@id\":\"https:\/\/www.campinglefouduroi.fr\/en\/#breadcrumb\",\"itemListElement\":[{\"@type\":\"ListItem\",\"position\":1,\"name\":\"Camping H\u00e9rault\",\"item\":\"https:\/\/www.campinglefouduroi.fr\/en\/\"},{\"@type\":\"ListItem\",\"position\":2,\"name\":\"Accueil\"}]},{\"@type\":\"WebSite\",\"@id\":\"https:\/\/www.campinglefouduroi.fr\/en\/#website\",\"url\":\"https:\/\/www.campinglefouduroi.fr\/en\/\",\"name\":\"Camping Fou du Roi\",\"description\":\"\",\"publisher\":{\"@id\":\"https:\/\/www.campinglefouduroi.fr\/en\/#organization\"},\"potentialAction\":[{\"@type\":\"SearchAction\",\"target\":{\"@type\":\"EntryPoint\",\"urlTemplate\":\"https:\/\/www.campinglefouduroi.fr\/en\/?s={search_term_string}\"},\"query-input\":{\"@type\":\"PropertyValueSpecification\",\"valueRequired\":true,\"valueName\":\"search_term_string\"}}],\"inLanguage\":\"en-US\"},{\"@type\":\"Organization\",\"@id\":\"https:\/\/www.campinglefouduroi.fr\/en\/#organization\",\"name\":\"Camping Le Fou du Roi\",\"url\":\"https:\/\/www.campinglefouduroi.fr\/en\/\",\"logo\":{\"@type\":\"ImageObject\",\"inLanguage\":\"en-US\",\"@id\":\"https:\/\/www.campinglefouduroi.fr\/en\/#\/schema\/logo\/image\/\",\"url\":\"https:\/\/www.campinglefouduroi.fr\/wp-content\/uploads\/2021\/10\/logo-fou-du-roi.png\",\"contentUrl\":\"https:\/\/www.campinglefouduroi.fr\/wp-content\/uploads\/2021\/10\/logo-fou-du-roi.png\",\"width\":424,\"height\":424,\"caption\":\"Camping Le Fou du Roi\"},\"image\":{\"@id\":\"https:\/\/www.campinglefouduroi.fr\/en\/#\/schema\/logo\/image\/\"}}]}<\/script>\n<!-- \/ Yoast SEO plugin. -->","yoast_head_json":{"title":"3 star campsite Camargue | Campsite Le Fou du Roi in Lansargues","description":"welcomes you in an oasis of relaxation in the Little Camargue, 20 minutes from the sunny beaches of the Mediterranean.","robots":{"index":"index","follow":"follow","max-snippet":"max-snippet:-1","max-image-preview":"max-image-preview:large","max-video-preview":"max-video-preview:-1"},"canonical":"https:\/\/www.campinglefouduroi.fr\/en\/","og_locale":"en_US","og_type":"article","og_title":"3 star campsite Camargue | Campsite Le Fou du Roi in Lansargues","og_description":"welcomes you in an oasis of relaxation in the Little Camargue, 20 minutes from the sunny beaches of the Mediterranean.","og_url":"https:\/\/www.campinglefouduroi.fr\/en\/","og_site_name":"Camping Fou du Roi","article_modified_time":"2026-03-25T10:13:24+00:00","twitter_card":"summary_large_image","schema":{"@context":"https:\/\/schema.org","@graph":[{"@type":"WebPage","@id":"https:\/\/www.campinglefouduroi.fr\/en\/","url":"https:\/\/www.campinglefouduroi.fr\/en\/","name":"3 star campsite Camargue | Campsite Le Fou du Roi in Lansargues","isPartOf":{"@id":"https:\/\/www.campinglefouduroi.fr\/en\/#website"},"datePublished":"2024-06-07T08:45:46+00:00","dateModified":"2026-03-25T10:13:24+00:00","description":"welcomes you in an oasis of relaxation in the Little Camargue, 20 minutes from the sunny beaches of the Mediterranean.","breadcrumb":{"@id":"https:\/\/www.campinglefouduroi.fr\/en\/#breadcrumb"},"inLanguage":"en-US","potentialAction":[{"@type":"ReadAction","target":["https:\/\/www.campinglefouduroi.fr\/en\/"]}]},{"@type":"BreadcrumbList","@id":"https:\/\/www.campinglefouduroi.fr\/en\/#breadcrumb","itemListElement":[{"@type":"ListItem","position":1,"name":"Camping H\u00e9rault","item":"https:\/\/www.campinglefouduroi.fr\/en\/"},{"@type":"ListItem","position":2,"name":"Accueil"}]},{"@type":"WebSite","@id":"https:\/\/www.campinglefouduroi.fr\/en\/#website","url":"https:\/\/www.campinglefouduroi.fr\/en\/","name":"Camping Fou du Roi","description":"","publisher":{"@id":"https:\/\/www.campinglefouduroi.fr\/en\/#organization"},"potentialAction":[{"@type":"SearchAction","target":{"@type":"EntryPoint","urlTemplate":"https:\/\/www.campinglefouduroi.fr\/en\/?s={search_term_string}"},"query-input":{"@type":"PropertyValueSpecification","valueRequired":true,"valueName":"search_term_string"}}],"inLanguage":"en-US"},{"@type":"Organization","@id":"https:\/\/www.campinglefouduroi.fr\/en\/#organization","name":"Camping Le Fou du Roi","url":"https:\/\/www.campinglefouduroi.fr\/en\/","logo":{"@type":"ImageObject","inLanguage":"en-US","@id":"https:\/\/www.campinglefouduroi.fr\/en\/#\/schema\/logo\/image\/","url":"https:\/\/www.campinglefouduroi.fr\/wp-content\/uploads\/2021\/10\/logo-fou-du-roi.png","contentUrl":"https:\/\/www.campinglefouduroi.fr\/wp-content\/uploads\/2021\/10\/logo-fou-du-roi.png","width":424,"height":424,"caption":"Camping Le Fou du Roi"},"image":{"@id":"https:\/\/www.campinglefouduroi.fr\/en\/#\/schema\/logo\/image\/"}}]}},"_links":{"self":[{"href":"https:\/\/www.campinglefouduroi.fr\/en\/wp-json\/wp\/v2\/pages\/1848","targetHints":{"allow":["GET"]}}],"collection":[{"href":"https:\/\/www.campinglefouduroi.fr\/en\/wp-json\/wp\/v2\/pages"}],"about":[{"href":"https:\/\/www.campinglefouduroi.fr\/en\/wp-json\/wp\/v2\/types\/page"}],"author":[{"embeddable":true,"href":"https:\/\/www.campinglefouduroi.fr\/en\/wp-json\/wp\/v2\/users\/1"}],"replies":[{"embeddable":true,"href":"https:\/\/www.campinglefouduroi.fr\/en\/wp-json\/wp\/v2\/comments?post=1848"}],"version-history":[{"count":39,"href":"https:\/\/www.campinglefouduroi.fr\/en\/wp-json\/wp\/v2\/pages\/1848\/revisions"}],"predecessor-version":[{"id":4684,"href":"https:\/\/www.campinglefouduroi.fr\/en\/wp-json\/wp\/v2\/pages\/1848\/revisions\/4684"}],"wp:attachment":[{"href":"https:\/\/www.campinglefouduroi.fr\/en\/wp-json\/wp\/v2\/media?parent=1848"}],"curies":[{"name":"wp","href":"https:\/\/api.w.org\/{rel}","templated":true}]}}