{"id":1924,"date":"2021-09-01T14:52:22","date_gmt":"2021-09-01T12:52:22","guid":{"rendered":"https:\/\/www.campinglefouduroi.fr\/camping-cevennes\/"},"modified":"2024-03-15T16:49:38","modified_gmt":"2024-03-15T15:49:38","slug":"campsite-cevennes","status":"publish","type":"page","link":"https:\/\/www.campinglefouduroi.fr\/en\/campsite-cevennes\/","title":{"rendered":"C\u00e9vennes"},"content":{"rendered":"<section id=\"section-612f7b150f476\"\" class=\"section bg-white\" \/><div class=\"container\"><h1 class=\"element section-title center color1\">Campsite near the C\u00e9vennes<\/h1><\/div><\/section>\n\n<section id=\"section-612f7b150fa30\"\" class=\"section home-first bg-white\" \/><div class=\"container extralarge\"><div class=\"colonnes-wrap valign-middle \"><div class=\"element colonne separationphotos\"><div class=\"element images\"><div class=\"image\"><img decoding=\"async\" src=\"https:\/\/www.campinglefouduroi.fr\/wp-content\/uploads\/2021\/09\/camping-fou-du-roi-cevenne-100x50.jpg\" data-src=\"https:\/\/www.campinglefouduroi.fr\/wp-content\/uploads\/2021\/09\/camping-fou-du-roi-cevenne.jpg\" alt=\"tourisme cevennes\" class=\"images_image\" \/><\/div><\/div><div class=\"element images\"><div class=\"image\"><img decoding=\"async\" src=\"https:\/\/www.campinglefouduroi.fr\/wp-content\/uploads\/2021\/09\/camping-cevenne-fou-du-roi-100x50.jpg\" data-src=\"https:\/\/www.campinglefouduroi.fr\/wp-content\/uploads\/2021\/09\/camping-cevenne-fou-du-roi.jpg\" alt=\"visiter cevennes\" class=\"images_image\" \/><\/div><\/div><\/div><div class=\"element colonne \"><h2 class=\"element section-title left color1\">Visit the Cevennes<\/h2><div class=\"element bloc-text left \">\n\t<p>Spacious territory with a strong identity, <strong class=\"bold color1\">the C\u00e9vennes<\/strong> include a rich and diverse heritage. Discover temples, churches, cathedrals and memorials.<\/p>\n<p>Enjoy <strong class=\"bold color1\">of a C\u00e9vennes landscape<\/strong> There are many castles to visit (Soustelle, L\u00e9zan, Anduze&#8230;).<\/p>\n<p><strong class=\"bold color1\">Walk between dolmens<\/strong>, Roman remains and chestnut groves. The C\u00e9vennes also have some unmissable towns to visit, such as Pont-de-Montvert-Sud-Mont-Loz\u00e8re and Florac in <strong class=\"bold color1\">the C\u00e9vennes National Park<\/strong>, V\u00e9z\u00e9nobre and Sauve in the Gard, or Anduze (the &#8220;gateway to the C\u00e9vennes&#8221;) and Saint-Jean-du-Gard.<\/p>\n<\/div><\/div><\/div><\/div><\/section>\n\n<section id=\"section-612f7b150fe60\"\" data-bg-opacite=\"0.2\"data-background=\"https:\/\/www.campinglefouduroi.fr\/wp-content\/uploads\/2021\/09\/bg-tourisme-cevenne.jpg\"data-speed=\"0.8\"class=\"section home-six bg-white section--has-bg-img section_bg-parallax\" \/><div class=\"container full\"><h2 class=\"element section-title left white\">Places to visit in the Cevennes<\/h2><div class=\"element bloc-text left \">\n\t<ul>\n<li style=\"font-weight: 400;\" aria-level=\"1\"><span style=\"font-weight: 400;\">C\u00e9vennes National Park. Classified by Unesco, its authentic preserved landscapes extend over part of the Loz\u00e8re and Gard regions.<\/span><\/li>\n<li style=\"font-weight: 400;\" aria-level=\"1\"><span style=\"font-weight: 400;\">Pises Observatory. In the immediate vicinity of the Pises lake at an altitude of 1,300 metres, observe the stars with an astronomical telescope.<\/span><\/li>\n<li style=\"font-weight: 400;\" aria-level=\"1\"><span style=\"font-weight: 400;\">Mont Aigoual. The highest point in the Gard region at 1,500 metres, it offers spectacular views and includes the weather museum.<\/span><\/li>\n<li style=\"font-weight: 400;\" aria-level=\"1\"><span style=\"font-weight: 400;\">A steam train journey between Saint-Jean-du-Gard and Anduze, to see breathtaking landscapes.<\/span><\/li>\n<li style=\"font-weight: 400;\" aria-level=\"1\"><span style=\"font-weight: 400;\">Causse M\u00e9jean. This limestone plateau is a Unesco World Heritage Site. You will find wild horses of Przewalski.<\/span><\/li>\n<\/ul>\n<\/div><\/div><\/section>\n\n<section id=\"section-612f7b151035f\"\" class=\"section home-first bg-white\" \/><div class=\"container extralarge\"><div class=\"colonnes-wrap valign-middle \"><div class=\"element colonne \"><h2 class=\"element section-title left color1\">Campsite at 51 km from the Cevennes<\/h2><div class=\"element bloc-text justify \">\n\t<p><strong class=\"bold color1\">Campsite near the Cevennes<\/strong>, you can settle down for the holidays at <strong class=\"bold color1\">Fou du Roi<\/strong>, which offers pitches, a variety of accommodation, a swimming pool, but also numerous services and entertainment in summer.<\/p>\n<p>In less than an hour&#8217;s drive, get to <strong class=\"bold color1\">the C\u00e9vennes<\/strong>, about fifty kilometres from our campsite in Lansargues.<\/p>\n<p>Make yourself comfortable in our open-air hotel and set off with peace of mind to discover the jewels of the Cevennes heritage, from its natural riches to its historical and cultural treasures.<\/p>\n<p>For a successful family holiday, join our campsite near <strong class=\"bold color1\">the C\u00e9vennes<\/strong> just waiting for you to come!<\/p>\n<\/div><\/div><div class=\"element colonne \"><div class=\"element fancybox-container\"><a class=\"fancybox\" href=\"https:\/\/www.campinglefouduroi.fr\/wp-content\/uploads\/2022\/11\/photo-piscine5.jpg\"><img decoding=\"async\" src=\"https:\/\/www.campinglefouduroi.fr\/wp-content\/uploads\/2022\/11\/photo-piscine5-100x50.jpg\" data-src=\"https:\/\/www.campinglefouduroi.fr\/wp-content\/uploads\/2022\/11\/photo-piscine5.jpg\" alt=\"photo-piscine5\" class=\"images_image\" \/><\/a><\/div><div class=\"element fancybox-container\"><a class=\"fancybox\" href=\"https:\/\/www.campinglefouduroi.fr\/wp-content\/uploads\/2021\/09\/camping-fou-du-roi-alentours-cevennes.jpg\"><img decoding=\"async\" src=\"https:\/\/www.campinglefouduroi.fr\/wp-content\/uploads\/2021\/09\/camping-fou-du-roi-alentours-cevennes-100x50.jpg\" data-src=\"https:\/\/www.campinglefouduroi.fr\/wp-content\/uploads\/2021\/09\/camping-fou-du-roi-alentours-cevennes.jpg\" alt=\"camping hebergement cevennes\" class=\"images_image\" \/><\/a><\/div><\/div><\/div><\/div><\/section>\n\n<section id=\"section-612f7b15106b9\"\" class=\"section bg-color2\" \/><div class=\"container extralarge\"><div class=\"element section-title center titre-cta color1\">places to visit near the campsite<\/div><ul class=\"liste-de-page\"><li class=\"element call-to-action carre call-to-action--style-1 call-to-action--big\"><a href=\"https:\/\/www.campinglefouduroi.fr\/en\/campsite-montpellier\/\"  class=\"call-to-action_link\" title=\"Read more about montpellier\"><div class=\"call-to-action_image\"><img decoding=\"async\" src=\"https:\/\/www.campinglefouduroi.fr\/wp-content\/uploads\/2021\/09\/decouvrir-montpellier-94x100.jpg\" data-src=\"https:\/\/www.campinglefouduroi.fr\/wp-content\/uploads\/2021\/09\/decouvrir-montpellier.jpg\" alt=\"decouvrir montpellier\" class=\"big\" \/><\/div><div class=\"call-to-action_contenu\"><div class=\"call-to-action_titre\">Montpellier<\/div><\/div><\/a><\/li><li class=\"element call-to-action carre call-to-action--style-1 call-to-action--big call-to-action--style-1 call-to-action--big\"><a href=\"https:\/\/www.campinglefouduroi.fr\/en\/campsite-nimes\/\"  class=\"call-to-action_link\" title=\"Read more about nimes\"><div class=\"call-to-action_image\"><img decoding=\"async\" src=\"https:\/\/www.campinglefouduroi.fr\/wp-content\/uploads\/2021\/09\/nime-tourisme-94x100.jpg\" data-src=\"https:\/\/www.campinglefouduroi.fr\/wp-content\/uploads\/2021\/09\/nime-tourisme.jpg\" alt=\"nimes tourisme\" class=\"big\" \/><\/div><div class=\"call-to-action_contenu\"><div class=\"call-to-action_titre\">Nimes<\/div><\/div><\/a><\/li><li class=\"element call-to-action carre call-to-action--style-1 call-to-action--big call-to-action--style-1 call-to-action--big call-to-action--style-1 call-to-action--big\"><a href=\"https:\/\/www.campinglefouduroi.fr\/en\/campsite-aigues-mortes\/\"  class=\"call-to-action_link\" title=\"Read more about aigues-mortes\"><div class=\"call-to-action_image\"><img decoding=\"async\" src=\"https:\/\/www.campinglefouduroi.fr\/wp-content\/uploads\/2021\/09\/aigues-mortes-tourisme-94x100.jpg\" data-src=\"https:\/\/www.campinglefouduroi.fr\/wp-content\/uploads\/2021\/09\/aigues-mortes-tourisme.jpg\" alt=\"aigues mortes tourisme\" class=\"big\" \/><\/div><div class=\"call-to-action_contenu\"><div class=\"call-to-action_titre\">Aigues-Mortes<\/div><\/div><\/a><\/li><\/ul><\/div><\/section>","protected":false},"excerpt":{"rendered":"","protected":false},"author":1,"featured_media":1926,"parent":0,"menu_order":0,"comment_status":"closed","ping_status":"closed","template":"","meta":{"_acf_changed":false,"footnotes":""},"class_list":["post-1924","page","type-page","status-publish","has-post-thumbnail","hentry"],"acf":[],"yoast_head":"<!-- This site is optimized with the Yoast SEO plugin v25.3 - https:\/\/yoast.com\/wordpress\/plugins\/seo\/ -->\n<title>Camping C\u00e9vennes Tourism C\u00e9vennes To see in the C\u00e9vennes<\/title>\n<meta name=\"description\" content=\"Campsite near the C\u00e9vennes, you can establish yourself the holiday time at the Fou du Roi 3-star campsite.\" \/>\n<meta name=\"robots\" content=\"index, follow, max-snippet:-1, max-image-preview:large, max-video-preview:-1\" \/>\n<link rel=\"canonical\" href=\"https:\/\/www.campinglefouduroi.fr\/en\/campsite-cevennes\/\" \/>\n<meta property=\"og:locale\" content=\"en_US\" \/>\n<meta property=\"og:type\" content=\"article\" \/>\n<meta property=\"og:title\" content=\"Camping C\u00e9vennes Tourism C\u00e9vennes To see in the C\u00e9vennes\" \/>\n<meta property=\"og:description\" content=\"Campsite near the C\u00e9vennes, you can establish yourself the holiday time at the Fou du Roi 3-star campsite.\" \/>\n<meta property=\"og:url\" content=\"https:\/\/www.campinglefouduroi.fr\/en\/campsite-cevennes\/\" \/>\n<meta property=\"og:site_name\" content=\"Camping Fou du Roi\" \/>\n<meta property=\"article:modified_time\" content=\"2024-03-15T15:49:38+00:00\" \/>\n<meta property=\"og:image\" content=\"https:\/\/www.campinglefouduroi.fr\/wp-content\/uploads\/2021\/09\/bg-cevenne-tourisme.jpg\" \/>\n\t<meta property=\"og:image:width\" content=\"1900\" \/>\n\t<meta property=\"og:image:height\" content=\"700\" \/>\n\t<meta property=\"og:image:type\" content=\"image\/jpeg\" \/>\n<meta name=\"twitter:card\" content=\"summary_large_image\" \/>\n<meta name=\"twitter:label1\" content=\"Est. reading time\" \/>\n\t<meta name=\"twitter:data1\" content=\"1 minute\" \/>\n<script type=\"application\/ld+json\" class=\"yoast-schema-graph\">{\"@context\":\"https:\/\/schema.org\",\"@graph\":[{\"@type\":\"WebPage\",\"@id\":\"https:\/\/www.campinglefouduroi.fr\/en\/campsite-cevennes\/\",\"url\":\"https:\/\/www.campinglefouduroi.fr\/en\/campsite-cevennes\/\",\"name\":\"Camping C\u00e9vennes Tourism C\u00e9vennes To see in the C\u00e9vennes\",\"isPartOf\":{\"@id\":\"https:\/\/www.campinglefouduroi.fr\/en\/#website\"},\"primaryImageOfPage\":{\"@id\":\"https:\/\/www.campinglefouduroi.fr\/en\/campsite-cevennes\/#primaryimage\"},\"image\":{\"@id\":\"https:\/\/www.campinglefouduroi.fr\/en\/campsite-cevennes\/#primaryimage\"},\"thumbnailUrl\":\"https:\/\/www.campinglefouduroi.fr\/wp-content\/uploads\/2021\/09\/bg-cevenne-tourisme.jpg\",\"datePublished\":\"2021-09-01T12:52:22+00:00\",\"dateModified\":\"2024-03-15T15:49:38+00:00\",\"description\":\"Campsite near the C\u00e9vennes, you can establish yourself the holiday time at the Fou du Roi 3-star campsite.\",\"breadcrumb\":{\"@id\":\"https:\/\/www.campinglefouduroi.fr\/en\/campsite-cevennes\/#breadcrumb\"},\"inLanguage\":\"en-US\",\"potentialAction\":[{\"@type\":\"ReadAction\",\"target\":[\"https:\/\/www.campinglefouduroi.fr\/en\/campsite-cevennes\/\"]}]},{\"@type\":\"ImageObject\",\"inLanguage\":\"en-US\",\"@id\":\"https:\/\/www.campinglefouduroi.fr\/en\/campsite-cevennes\/#primaryimage\",\"url\":\"https:\/\/www.campinglefouduroi.fr\/wp-content\/uploads\/2021\/09\/bg-cevenne-tourisme.jpg\",\"contentUrl\":\"https:\/\/www.campinglefouduroi.fr\/wp-content\/uploads\/2021\/09\/bg-cevenne-tourisme.jpg\",\"width\":1900,\"height\":700},{\"@type\":\"BreadcrumbList\",\"@id\":\"https:\/\/www.campinglefouduroi.fr\/en\/campsite-cevennes\/#breadcrumb\",\"itemListElement\":[{\"@type\":\"ListItem\",\"position\":1,\"name\":\"Camping H\u00e9rault\",\"item\":\"https:\/\/www.campinglefouduroi.fr\/en\/\"},{\"@type\":\"ListItem\",\"position\":2,\"name\":\"Campsite near the Cevennes\"}]},{\"@type\":\"WebSite\",\"@id\":\"https:\/\/www.campinglefouduroi.fr\/en\/#website\",\"url\":\"https:\/\/www.campinglefouduroi.fr\/en\/\",\"name\":\"Camping Fou du Roi\",\"description\":\"\",\"publisher\":{\"@id\":\"https:\/\/www.campinglefouduroi.fr\/en\/#organization\"},\"potentialAction\":[{\"@type\":\"SearchAction\",\"target\":{\"@type\":\"EntryPoint\",\"urlTemplate\":\"https:\/\/www.campinglefouduroi.fr\/en\/?s={search_term_string}\"},\"query-input\":{\"@type\":\"PropertyValueSpecification\",\"valueRequired\":true,\"valueName\":\"search_term_string\"}}],\"inLanguage\":\"en-US\"},{\"@type\":\"Organization\",\"@id\":\"https:\/\/www.campinglefouduroi.fr\/en\/#organization\",\"name\":\"Camping Le Fou du Roi\",\"url\":\"https:\/\/www.campinglefouduroi.fr\/en\/\",\"logo\":{\"@type\":\"ImageObject\",\"inLanguage\":\"en-US\",\"@id\":\"https:\/\/www.campinglefouduroi.fr\/en\/#\/schema\/logo\/image\/\",\"url\":\"https:\/\/www.campinglefouduroi.fr\/wp-content\/uploads\/2021\/10\/logo-fou-du-roi.png\",\"contentUrl\":\"https:\/\/www.campinglefouduroi.fr\/wp-content\/uploads\/2021\/10\/logo-fou-du-roi.png\",\"width\":424,\"height\":424,\"caption\":\"Camping Le Fou du Roi\"},\"image\":{\"@id\":\"https:\/\/www.campinglefouduroi.fr\/en\/#\/schema\/logo\/image\/\"}}]}<\/script>\n<!-- \/ Yoast SEO plugin. -->","yoast_head_json":{"title":"Camping C\u00e9vennes Tourism C\u00e9vennes To see in the C\u00e9vennes","description":"Campsite near the C\u00e9vennes, you can establish yourself the holiday time at the Fou du Roi 3-star campsite.","robots":{"index":"index","follow":"follow","max-snippet":"max-snippet:-1","max-image-preview":"max-image-preview:large","max-video-preview":"max-video-preview:-1"},"canonical":"https:\/\/www.campinglefouduroi.fr\/en\/campsite-cevennes\/","og_locale":"en_US","og_type":"article","og_title":"Camping C\u00e9vennes Tourism C\u00e9vennes To see in the C\u00e9vennes","og_description":"Campsite near the C\u00e9vennes, you can establish yourself the holiday time at the Fou du Roi 3-star campsite.","og_url":"https:\/\/www.campinglefouduroi.fr\/en\/campsite-cevennes\/","og_site_name":"Camping Fou du Roi","article_modified_time":"2024-03-15T15:49:38+00:00","og_image":[{"width":1900,"height":700,"url":"https:\/\/www.campinglefouduroi.fr\/wp-content\/uploads\/2021\/09\/bg-cevenne-tourisme.jpg","type":"image\/jpeg"}],"twitter_card":"summary_large_image","twitter_misc":{"Est. reading time":"1 minute"},"schema":{"@context":"https:\/\/schema.org","@graph":[{"@type":"WebPage","@id":"https:\/\/www.campinglefouduroi.fr\/en\/campsite-cevennes\/","url":"https:\/\/www.campinglefouduroi.fr\/en\/campsite-cevennes\/","name":"Camping C\u00e9vennes Tourism C\u00e9vennes To see in the C\u00e9vennes","isPartOf":{"@id":"https:\/\/www.campinglefouduroi.fr\/en\/#website"},"primaryImageOfPage":{"@id":"https:\/\/www.campinglefouduroi.fr\/en\/campsite-cevennes\/#primaryimage"},"image":{"@id":"https:\/\/www.campinglefouduroi.fr\/en\/campsite-cevennes\/#primaryimage"},"thumbnailUrl":"https:\/\/www.campinglefouduroi.fr\/wp-content\/uploads\/2021\/09\/bg-cevenne-tourisme.jpg","datePublished":"2021-09-01T12:52:22+00:00","dateModified":"2024-03-15T15:49:38+00:00","description":"Campsite near the C\u00e9vennes, you can establish yourself the holiday time at the Fou du Roi 3-star campsite.","breadcrumb":{"@id":"https:\/\/www.campinglefouduroi.fr\/en\/campsite-cevennes\/#breadcrumb"},"inLanguage":"en-US","potentialAction":[{"@type":"ReadAction","target":["https:\/\/www.campinglefouduroi.fr\/en\/campsite-cevennes\/"]}]},{"@type":"ImageObject","inLanguage":"en-US","@id":"https:\/\/www.campinglefouduroi.fr\/en\/campsite-cevennes\/#primaryimage","url":"https:\/\/www.campinglefouduroi.fr\/wp-content\/uploads\/2021\/09\/bg-cevenne-tourisme.jpg","contentUrl":"https:\/\/www.campinglefouduroi.fr\/wp-content\/uploads\/2021\/09\/bg-cevenne-tourisme.jpg","width":1900,"height":700},{"@type":"BreadcrumbList","@id":"https:\/\/www.campinglefouduroi.fr\/en\/campsite-cevennes\/#breadcrumb","itemListElement":[{"@type":"ListItem","position":1,"name":"Camping H\u00e9rault","item":"https:\/\/www.campinglefouduroi.fr\/en\/"},{"@type":"ListItem","position":2,"name":"Campsite near the Cevennes"}]},{"@type":"WebSite","@id":"https:\/\/www.campinglefouduroi.fr\/en\/#website","url":"https:\/\/www.campinglefouduroi.fr\/en\/","name":"Camping Fou du Roi","description":"","publisher":{"@id":"https:\/\/www.campinglefouduroi.fr\/en\/#organization"},"potentialAction":[{"@type":"SearchAction","target":{"@type":"EntryPoint","urlTemplate":"https:\/\/www.campinglefouduroi.fr\/en\/?s={search_term_string}"},"query-input":{"@type":"PropertyValueSpecification","valueRequired":true,"valueName":"search_term_string"}}],"inLanguage":"en-US"},{"@type":"Organization","@id":"https:\/\/www.campinglefouduroi.fr\/en\/#organization","name":"Camping Le Fou du Roi","url":"https:\/\/www.campinglefouduroi.fr\/en\/","logo":{"@type":"ImageObject","inLanguage":"en-US","@id":"https:\/\/www.campinglefouduroi.fr\/en\/#\/schema\/logo\/image\/","url":"https:\/\/www.campinglefouduroi.fr\/wp-content\/uploads\/2021\/10\/logo-fou-du-roi.png","contentUrl":"https:\/\/www.campinglefouduroi.fr\/wp-content\/uploads\/2021\/10\/logo-fou-du-roi.png","width":424,"height":424,"caption":"Camping Le Fou du Roi"},"image":{"@id":"https:\/\/www.campinglefouduroi.fr\/en\/#\/schema\/logo\/image\/"}}]}},"_links":{"self":[{"href":"https:\/\/www.campinglefouduroi.fr\/en\/wp-json\/wp\/v2\/pages\/1924","targetHints":{"allow":["GET"]}}],"collection":[{"href":"https:\/\/www.campinglefouduroi.fr\/en\/wp-json\/wp\/v2\/pages"}],"about":[{"href":"https:\/\/www.campinglefouduroi.fr\/en\/wp-json\/wp\/v2\/types\/page"}],"author":[{"embeddable":true,"href":"https:\/\/www.campinglefouduroi.fr\/en\/wp-json\/wp\/v2\/users\/1"}],"replies":[{"embeddable":true,"href":"https:\/\/www.campinglefouduroi.fr\/en\/wp-json\/wp\/v2\/comments?post=1924"}],"version-history":[{"count":6,"href":"https:\/\/www.campinglefouduroi.fr\/en\/wp-json\/wp\/v2\/pages\/1924\/revisions"}],"predecessor-version":[{"id":3530,"href":"https:\/\/www.campinglefouduroi.fr\/en\/wp-json\/wp\/v2\/pages\/1924\/revisions\/3530"}],"wp:featuredmedia":[{"embeddable":true,"href":"https:\/\/www.campinglefouduroi.fr\/en\/wp-json\/wp\/v2\/media\/1926"}],"wp:attachment":[{"href":"https:\/\/www.campinglefouduroi.fr\/en\/wp-json\/wp\/v2\/media?parent=1924"}],"curies":[{"name":"wp","href":"https:\/\/api.w.org\/{rel}","templated":true}]}}