{"id":1850,"date":"2024-03-15T16:24:51","date_gmt":"2024-03-15T15:24:51","guid":{"rendered":"https:\/\/www.campinglefouduroi.fr\/accueil\/"},"modified":"2026-03-25T11:12:20","modified_gmt":"2026-03-25T10:12:20","slug":"home","status":"publish","type":"page","link":"https:\/\/www.campinglefouduroi.fr\/nl\/","title":{"rendered":"Accueil"},"content":{"rendered":"<section id=\"section-611cd32983078\"\" class=\"section home-first bg-white\" \/><div class=\"container extralarge\"><div class=\"colonnes-wrap valign-middle \"><div class=\"element colonne \"><div class=\"element call-to-action  call-to-action--style-1 call-to-action--have-description call-to-action--big\"><a href=\"\"  class=\"call-to-action_link\" title=\"Lees meer over vroegboekkorting &#038; laagseizoen 2022\"><div class=\"call-to-action_image\"><img decoding=\"async\" src=\"https:\/\/www.campinglefouduroi.fr\/wp-content\/uploads\/2021\/08\/cta-promo-100x75.jpg\" data-src=\"https:\/\/www.campinglefouduroi.fr\/wp-content\/uploads\/2021\/08\/cta-promo.jpg\" alt=\"cta-promo\" class=\"big\" \/><\/div><div class=\"call-to-action_contenu\"><div class=\"call-to-action_titre\">Vroegboekkorting &#038; laagseizoen 2022<\/div><div class=\"call-to-action_description\">Ontdek al onze aanbiedingen ><\/div><div class=\"call-to-action_sous-titre\">Geniet ervan!<\/div><\/div><\/a><\/div><div class=\"element call-to-action  call-to-action--style-1 call-to-action--have-description call-to-action--big call-to-action--style-1 call-to-action--have-description call-to-action--big\"><a href=\"https:\/\/www.campinglefouduroi.fr\/nl\/nieuws\/camping-nieuws\/\"  class=\"call-to-action_link\" title=\"Lees meer over laatste nieuws van de camping\"><div class=\"call-to-action_image\"><img decoding=\"async\" src=\"https:\/\/www.campinglefouduroi.fr\/wp-content\/uploads\/2021\/08\/Cta-fou-du-roi-promo-100x75.jpg\" data-src=\"https:\/\/www.campinglefouduroi.fr\/wp-content\/uploads\/2021\/08\/Cta-fou-du-roi-promo.jpg\" alt=\"Cta-fou-du-roi-promo\" class=\"big\" \/><\/div><div class=\"call-to-action_contenu\"><div class=\"call-to-action_titre\">Laatste nieuws van de camping<\/div><div class=\"call-to-action_description\">Lees het nieuws ><\/div><div class=\"call-to-action_sous-titre\">Ons Nieuws <\/div><\/div><\/a><\/div><\/div><div class=\"element colonne \"><h1 class=\"element section-title justify fouduroi-parasol\">Kamperen M\u00e9diterran\u00e9e Camargue in H\u00e9rault<\/h1><h2 class=\"element section-title left color1 m-t-2 m-b-2\">Kamperen H\u00e9rault<\/h2><div class=\"element bloc-text left \">\n\t<p>De<strong class=\"bold color1\"> 4-sterren familiecamping M\u00e9diterran\u00e9e Camargue<\/strong> . Ideaal gelegen bij een mooi zuidelijk dorpje en omgeven door wijngaarden, nodigt deze charmante camping van 2 hectare u uit om uit te rusten en te ontspannen.<\/p>\n<p>Kom genieten van een schaduwrijke omgeving in alle seizoenen voor een heerlijk verblijf in de Petite Camargue. Ontdek tijdens uw vakantie de regio via culturele bezoeken en leuke gezinsuitstapjes.<\/p>\n<\/div><\/div><\/div><\/div><\/section>\n\n<section id=\"section-611b712ebff0f\"\" class=\"section home-second bg-white\" \/><div class=\"container full\"><div class=\"colonnes-wrap valign-top \"><div class=\"element colonne bg-color4\"><h2 class=\"element section-title justify color1\">De diensten van de camping<\/h2><div class=\"element bloc-text\">\n\t<div class=\"services\">\r\n\t<div class=\"service fouduroi-volley\">Het veld<\/div>\r\n\t<div class=\"service fouduroi-sanitaires\">De sanitaire voorzieningen<\/div>\r\n\t<div class=\"service fouduroi-SNACK\">Snackbar<\/div>\r\n\t<div class=\"service fouduroi-wifi\">Wifi<\/div>\r\n\t<div class=\"service fouduroi-airevidange\">Afwateringsgebied<\/div>\r\n\t<div class=\"service fouduroi-location\">Diverse verhuur<\/div>\r\n\t<div class=\"service fouduroi-reception-bell_1\">De receptie<\/div>\r\n\t<div class=\"service fouduroi-pain\">Brooddepot<\/div>\r\n<\/div><\/div><\/div><div class=\"element colonne bg-color2\"><h2 class=\"element section-title justify color1\">Activiteiten op de kamperen<\/h2><div class=\"element bloc-text\">\n\t<div class=\"activite\">\r\n\t\t\t\t<img decoding=\"async\" class=\"img-activite\" src=\"\/wp-content\/uploads\/2021\/09\/camping-activites-herault.jpg\" alt=\"camping activites herault\">\r\n\t\t\t\t<div class=\"text-activite\">\r\n\t\t\t\t<div class=\"activite\">SPORTACTIVITEITEN EN AMUSEMENT<\/div>\r\n\t\t\t\t\t\t\t\t<p>Neem deel aan onze vele animatie op de camping georganiseerd tijdens uw verblijf in juli\/augustus en daag uzelf uit voor de verschillende jeu de boules toernooien en competities.\r\n<\/p><\/div>\r\n<\/div>\r\n<div class=\"activite\">\r\n\t\t\t\t<img decoding=\"async\" class=\"img-soiree\" src=\"\/wp-content\/uploads\/2021\/09\/camping-soirees-herault.jpg\" alt=\"camping soirees herault\">\r\n\t\t\t\t<div class=\"text-activite\">\r\n\t\t\t\t<div class=\"activite\">AVONDEN OP DE CAMPING<\/div>\r\n\t\t\t\t\t\t\t\t<p>Geanimeerde maaltijden, dansavonden, quiz of karaoke zullen uw avonden opluisteren tijdens uw verblijf in Petite Camargue.<\/p><\/div>\r\n<\/div>\r\n<div class=\"activite\">\r\n\t\t\t\t<img decoding=\"async\" class=\"img-enfant\" src=\"\/wp-content\/uploads\/2021\/09\/camping-loisirs-enfants-herault.jpg\" alt=\"camping loisirs enfants herault\">\r\n\t\t\t\t<div class=\"text-activite\">\r\n\t\t\t\t<div class=\"activite\">KINDERSPELLETJES<\/div>\r\n\t\t\t\t\t\t\t\t<p>Uw kleintjes zullen het geweldig vinden om nieuwe vriendjes te maken in de speeltuin of tijdens de verschillende activiteiten die door onze animatoren worden georganiseerd.<\/p><\/div>\r\n<\/div><\/div><\/div><\/div><\/div><\/section>\n\n<section id=\"section-611a7f7492415\"\" data-bg-opacite=\"0.2\"data-background=\"https:\/\/www.campinglefouduroi.fr\/wp-content\/uploads\/2022\/10\/IMG_20220828_132512-scaled.jpg\"data-speed=\"0.8\"class=\"section  home-third bg-white section--has-bg-img section_bg-parallax\" \/><div class=\"container full\"><h2 class=\"element section-title left white\">ONS ZWEMBAD IN DE PETITE CAMARGUE<\/h2><div class=\"element bloc-text left \">\n\t<p>Het zwembad van de camping is 12 meter lang en 6 meter breed, ideaal voor uw gezinsvakantie. Er is een pierenbadje voor de kleintjes. Het zwembad is geopend van 15 mei tot 15 september.<\/p>\n<p>Om hygi\u00ebnische redenen is een zwembroek of boxershort verplicht, Bermuda&#8217;s, T-shirts, wetsuits of andere losse kleding zijn verboden.<br \/>\nHet dragen van een polsbandje tijdens het seizoen is verplicht.<\/p>\n<\/div><div class=\"element bloc-text\">\n\t<a class=\"fouduroi-chevroncercle3\" href=\"\/camping-familial-lansargues\/#section-piscine\"><\/a><\/div><\/div><\/section>\n\n<section id=\"section-611a7f7492993\"\" class=\"section home-fourth bg-color2\" \/><div class=\"container extralarge\"><h2 class=\"element section-title center color1 m-t-5 m-b-3\">Nos h\u00e9bergements en petite Camargue<\/h2><div class=\"element bloc-text left white\">\n\t<p>Onze verschillende stacaravans staan voor een weekend of langer op u te wachten. Van 25 tot 38 m\u00b2 en geschikt voor 2 tot 6 vakantiegangers, onze comfortabele huuraccommodaties zijn voorzien van een volledig uitgeruste keuken, sanitaire voorzieningen, 2 of 3 slaapkamers, en zelfs airconditioning en TV voor bepaalde modellen. Voor kampeerders met caravans, campers of tenten bieden wij volledig schaduwrijke plaatsen te huur aan.<\/p>\n<p>Kom en ontdek onze &#8220;speciale aanbiedingen&#8221; voor verhuur en standplaatsen voor het seizoen en geniet van een voordelig verblijf.<\/p>\n<\/div><div class=\"colonnes-wrap valign-top \"><div class=\"element colonne \"><div class=\"element call-to-action  call-to-action--style-1 call-to-action--big\"><a href=\"https:\/\/www.campinglefouduroi.fr\/nl\/locatie-mobil-huis-lansargues\/\"  class=\"call-to-action_link\" title=\"Lees meer over ontdek onze huuraccommodaties\"><div class=\"call-to-action_image\"><img decoding=\"async\" src=\"https:\/\/www.campinglefouduroi.fr\/wp-content\/uploads\/2021\/08\/cta-fou-du-roi-camping-80x100.jpg\" data-src=\"https:\/\/www.campinglefouduroi.fr\/wp-content\/uploads\/2021\/08\/cta-fou-du-roi-camping.jpg\" alt=\"cta-fou-du-roi-camping\" class=\"big\" \/><\/div><div class=\"call-to-action_contenu\"><div class=\"call-to-action_titre\">Ontdek onze huuraccommodaties<\/div><\/div><\/a><\/div><\/div><div class=\"element colonne \"><div class=\"element call-to-action  call-to-action--style-1 call-to-action--big\"><a href=\"https:\/\/www.campinglefouduroi.fr\/nl\/plaats-vervanging-lansargues\/\"  class=\"call-to-action_link\" title=\"Lees meer over ontdek onze locaties\"><div class=\"call-to-action_image\"><img decoding=\"async\" src=\"https:\/\/www.campinglefouduroi.fr\/wp-content\/uploads\/2021\/08\/cta-mobil-home-emplacement-80x100.jpg\" data-src=\"https:\/\/www.campinglefouduroi.fr\/wp-content\/uploads\/2021\/08\/cta-mobil-home-emplacement.jpg\" alt=\"cta-mobil-home-emplacement\" class=\"big\" \/><\/div><div class=\"call-to-action_contenu\"><div class=\"call-to-action_titre\">Ontdek onze locaties<\/div><\/div><\/a><\/div><\/div><div class=\"element colonne \"><div class=\"element call-to-action  call-to-action--style-1 call-to-action--big\"><a href=\"https:\/\/www.campinglefouduroi.fr\/nl\/goedkoop-kamperen-lansargues\/\"  class=\"call-to-action_link\" title=\"Lees meer over ontdek onze tarieven\"><div class=\"call-to-action_image\"><img decoding=\"async\" src=\"https:\/\/www.campinglefouduroi.fr\/wp-content\/uploads\/2022\/11\/Exterieur-mh-tarifs-80x100.jpg\" data-src=\"https:\/\/www.campinglefouduroi.fr\/wp-content\/uploads\/2022\/11\/Exterieur-mh-tarifs.jpg\" alt=\"Exterieur-mh-tarifs\" class=\"big\" \/><\/div><div class=\"call-to-action_contenu\"><div class=\"call-to-action_titre\">Ontdek onze tarieven<\/div><\/div><\/a><\/div><\/div><\/div><\/div><\/section>\n\n<section id=\"section-61168654d3f86\"\" class=\"section home-fifth bg-white\" \/><div class=\"container extralarge\"><h2 class=\"element section-title center color1 m-t-5 m-b-3\">De omgeving van de camping in Occitani\u00eb<\/h2><div class=\"colonnes-wrap valign-top \"><div class=\"element colonne w-40\"><div class=\"element bloc-text left \">\n\t<p>Languedoc-Roussillon Camargue en C\u00e9vennes: een vakantiestreek!<\/p>\n<p>Op 20 km van de camping vindt u de bekendste stranden en badplaatsen van de streek: Palavas, Carnon, la <a href=\"https:\/\/www.campinglefouduroi.fr\/nl\/kamperen-grande-motte\/\">Grande Motte<\/a> en le <a href=\"https:\/\/www.campinglefouduroi.fr\/nl\/kamperen-grau-du-roi\/\">Grau-du-Roi<\/a>. Een kleurrijke vakantie tussen de Middellandse Zee, natuur en cultuur. Laat u betoveren door de natuurlijke omgeving van de kloven van de H\u00e9rault en de <a href=\"https:\/\/www.campinglefouduroi.fr\/nl\/kamperen-cevennes\/\">Cevennen<\/a> en ontdek de culturele bezienswaardigheden van <a href=\"https:\/\/www.campinglefouduroi.fr\/nl\/kamperen-aigues-mortes\/\">Aigues-Mortes<\/a>, <a href=\"https:\/\/www.campinglefouduroi.fr\/nl\/kamperen-montpellier\/\">Montpellier<\/a> in de H\u00e9rault en <a href=\"https:\/\/www.campinglefouduroi.fr\/nl\/kamperen-nimes\/\">N\u00eemes<\/a> in de Gard.<\/p>\n<p>Culturele uitstapjes, gezinsuitstapjes, vermaak: de talloze bezienswaardigheden rond de camping zullen uw verblijf opluisteren met nieuwe ontdekkingen.<\/p>\n<\/div><\/div><div class=\"element colonne w-60\"><div class=\"element call-to-action  call-to-action--style-1 call-to-action--big\"><a href=\"https:\/\/www.campinglefouduroi.fr\/nl\/kamperen-nimes\/\"  class=\"call-to-action_link\" title=\"Lees meer over nimes\"><div class=\"call-to-action_image\"><img decoding=\"async\" src=\"https:\/\/www.campinglefouduroi.fr\/wp-content\/uploads\/2021\/08\/cta-fou-du-roi-100x68.jpg\" data-src=\"https:\/\/www.campinglefouduroi.fr\/wp-content\/uploads\/2021\/08\/cta-fou-du-roi.jpg\" alt=\"cta-fou-du-roi\" class=\"big\" \/><\/div><div class=\"call-to-action_contenu\"><div class=\"call-to-action_titre\">Nimes<\/div><\/div><\/a><\/div><div class=\"element call-to-action  call-to-action--style-1 call-to-action--big call-to-action--style-1 call-to-action--big\"><a href=\"https:\/\/www.campinglefouduroi.fr\/nl\/kamperen-montpellier\/\"  class=\"call-to-action_link\" title=\"Lees meer over montpelier\"><div class=\"call-to-action_image\"><img decoding=\"async\" src=\"https:\/\/www.campinglefouduroi.fr\/wp-content\/uploads\/2021\/08\/cta-ville-montpellier-100x68.jpg\" data-src=\"https:\/\/www.campinglefouduroi.fr\/wp-content\/uploads\/2021\/08\/cta-ville-montpellier.jpg\" alt=\"cta-ville-montpellier\" class=\"big\" \/><\/div><div class=\"call-to-action_contenu\"><div class=\"call-to-action_titre\">Montpelier<\/div><\/div><\/a><\/div><div class=\"element call-to-action  call-to-action--style-1 call-to-action--big call-to-action--style-1 call-to-action--big call-to-action--style-1 call-to-action--big\"><a href=\"https:\/\/www.campinglefouduroi.fr\/nl\/kamperen-grande-motte\/\"  class=\"call-to-action_link\" title=\"Lees meer over de grote heuvel\"><div class=\"call-to-action_image\"><img decoding=\"async\" src=\"https:\/\/www.campinglefouduroi.fr\/wp-content\/uploads\/2021\/08\/cta-ville-grande-motte-100x68.jpg\" data-src=\"https:\/\/www.campinglefouduroi.fr\/wp-content\/uploads\/2021\/08\/cta-ville-grande-motte.jpg\" alt=\"cta-ville-grande-motte\" class=\"big\" \/><\/div><div class=\"call-to-action_contenu\"><div class=\"call-to-action_titre\">De grote heuvel<\/div><\/div><\/a><\/div><div class=\"element call-to-action  call-to-action--style-1 call-to-action--big call-to-action--style-1 call-to-action--big call-to-action--style-1 call-to-action--big call-to-action--style-1 call-to-action--big\"><a href=\"https:\/\/www.campinglefouduroi.fr\/nl\/kamperen-grau-du-roi\/\"  class=\"call-to-action_link\" title=\"Lees meer over grau du roi\"><div class=\"call-to-action_image\"><img decoding=\"async\" src=\"https:\/\/www.campinglefouduroi.fr\/wp-content\/uploads\/2021\/08\/cta-ville-grau-roi-100x68.jpg\" data-src=\"https:\/\/www.campinglefouduroi.fr\/wp-content\/uploads\/2021\/08\/cta-ville-grau-roi.jpg\" alt=\"cta-ville-grau-roi\" class=\"big\" \/><\/div><div class=\"call-to-action_contenu\"><div class=\"call-to-action_titre\">Grau du roi<\/div><\/div><\/a><\/div><\/div><\/div><\/div><\/section>","protected":false},"excerpt":{"rendered":"","protected":false},"author":1,"featured_media":0,"parent":0,"menu_order":0,"comment_status":"closed","ping_status":"closed","template":"","meta":{"_acf_changed":false,"footnotes":""},"class_list":["post-1850","page","type-page","status-publish","hentry"],"acf":[],"yoast_head":"<!-- This site is optimized with the Yoast SEO plugin v25.3 - https:\/\/yoast.com\/wordpress\/plugins\/seo\/ -->\n<title>3-sterren camping in de Camargue-regio.<\/title>\n<meta name=\"description\" content=\"verwelkomt u in een oase van ontspanning in de Kleine Camargue, op 20 minuten van de zonnige stranden van de Middellandse Zee.\" \/>\n<meta name=\"robots\" content=\"index, follow, max-snippet:-1, max-image-preview:large, max-video-preview:-1\" \/>\n<link rel=\"canonical\" href=\"https:\/\/www.campinglefouduroi.fr\/nl\/\" \/>\n<meta property=\"og:locale\" content=\"nl_NL\" \/>\n<meta property=\"og:type\" content=\"article\" \/>\n<meta property=\"og:title\" content=\"3-sterren camping in de Camargue-regio.\" \/>\n<meta property=\"og:description\" content=\"verwelkomt u in een oase van ontspanning in de Kleine Camargue, op 20 minuten van de zonnige stranden van de Middellandse Zee.\" \/>\n<meta property=\"og:url\" content=\"https:\/\/www.campinglefouduroi.fr\/nl\/\" \/>\n<meta property=\"og:site_name\" content=\"Camping Fou du Roi\" \/>\n<meta property=\"article:modified_time\" content=\"2026-03-25T10:12:20+00:00\" \/>\n<meta name=\"twitter:card\" content=\"summary_large_image\" \/>\n<script type=\"application\/ld+json\" class=\"yoast-schema-graph\">{\"@context\":\"https:\/\/schema.org\",\"@graph\":[{\"@type\":\"WebPage\",\"@id\":\"https:\/\/www.campinglefouduroi.fr\/nl\/\",\"url\":\"https:\/\/www.campinglefouduroi.fr\/nl\/\",\"name\":\"3-sterren camping in de Camargue-regio.\",\"isPartOf\":{\"@id\":\"https:\/\/www.campinglefouduroi.fr\/nl\/#website\"},\"datePublished\":\"2024-03-15T15:24:51+00:00\",\"dateModified\":\"2026-03-25T10:12:20+00:00\",\"description\":\"verwelkomt u in een oase van ontspanning in de Kleine Camargue, op 20 minuten van de zonnige stranden van de Middellandse Zee.\",\"breadcrumb\":{\"@id\":\"https:\/\/www.campinglefouduroi.fr\/nl\/#breadcrumb\"},\"inLanguage\":\"nl-NL\",\"potentialAction\":[{\"@type\":\"ReadAction\",\"target\":[\"https:\/\/www.campinglefouduroi.fr\/nl\/\"]}]},{\"@type\":\"BreadcrumbList\",\"@id\":\"https:\/\/www.campinglefouduroi.fr\/nl\/#breadcrumb\",\"itemListElement\":[{\"@type\":\"ListItem\",\"position\":1,\"name\":\"Camping H\u00e9rault\",\"item\":\"https:\/\/www.campinglefouduroi.fr\/nl\/\"},{\"@type\":\"ListItem\",\"position\":2,\"name\":\"Accueil\"}]},{\"@type\":\"WebSite\",\"@id\":\"https:\/\/www.campinglefouduroi.fr\/nl\/#website\",\"url\":\"https:\/\/www.campinglefouduroi.fr\/nl\/\",\"name\":\"Camping Fou du Roi\",\"description\":\"\",\"publisher\":{\"@id\":\"https:\/\/www.campinglefouduroi.fr\/nl\/#organization\"},\"potentialAction\":[{\"@type\":\"SearchAction\",\"target\":{\"@type\":\"EntryPoint\",\"urlTemplate\":\"https:\/\/www.campinglefouduroi.fr\/nl\/?s={search_term_string}\"},\"query-input\":{\"@type\":\"PropertyValueSpecification\",\"valueRequired\":true,\"valueName\":\"search_term_string\"}}],\"inLanguage\":\"nl-NL\"},{\"@type\":\"Organization\",\"@id\":\"https:\/\/www.campinglefouduroi.fr\/nl\/#organization\",\"name\":\"Camping Le Fou du Roi\",\"url\":\"https:\/\/www.campinglefouduroi.fr\/nl\/\",\"logo\":{\"@type\":\"ImageObject\",\"inLanguage\":\"nl-NL\",\"@id\":\"https:\/\/www.campinglefouduroi.fr\/nl\/#\/schema\/logo\/image\/\",\"url\":\"https:\/\/www.campinglefouduroi.fr\/wp-content\/uploads\/2021\/10\/logo-fou-du-roi.png\",\"contentUrl\":\"https:\/\/www.campinglefouduroi.fr\/wp-content\/uploads\/2021\/10\/logo-fou-du-roi.png\",\"width\":424,\"height\":424,\"caption\":\"Camping Le Fou du Roi\"},\"image\":{\"@id\":\"https:\/\/www.campinglefouduroi.fr\/nl\/#\/schema\/logo\/image\/\"}}]}<\/script>\n<!-- \/ Yoast SEO plugin. -->","yoast_head_json":{"title":"3-sterren camping in de Camargue-regio.","description":"verwelkomt u in een oase van ontspanning in de Kleine Camargue, op 20 minuten van de zonnige stranden van de Middellandse Zee.","robots":{"index":"index","follow":"follow","max-snippet":"max-snippet:-1","max-image-preview":"max-image-preview:large","max-video-preview":"max-video-preview:-1"},"canonical":"https:\/\/www.campinglefouduroi.fr\/nl\/","og_locale":"nl_NL","og_type":"article","og_title":"3-sterren camping in de Camargue-regio.","og_description":"verwelkomt u in een oase van ontspanning in de Kleine Camargue, op 20 minuten van de zonnige stranden van de Middellandse Zee.","og_url":"https:\/\/www.campinglefouduroi.fr\/nl\/","og_site_name":"Camping Fou du Roi","article_modified_time":"2026-03-25T10:12:20+00:00","twitter_card":"summary_large_image","schema":{"@context":"https:\/\/schema.org","@graph":[{"@type":"WebPage","@id":"https:\/\/www.campinglefouduroi.fr\/nl\/","url":"https:\/\/www.campinglefouduroi.fr\/nl\/","name":"3-sterren camping in de Camargue-regio.","isPartOf":{"@id":"https:\/\/www.campinglefouduroi.fr\/nl\/#website"},"datePublished":"2024-03-15T15:24:51+00:00","dateModified":"2026-03-25T10:12:20+00:00","description":"verwelkomt u in een oase van ontspanning in de Kleine Camargue, op 20 minuten van de zonnige stranden van de Middellandse Zee.","breadcrumb":{"@id":"https:\/\/www.campinglefouduroi.fr\/nl\/#breadcrumb"},"inLanguage":"nl-NL","potentialAction":[{"@type":"ReadAction","target":["https:\/\/www.campinglefouduroi.fr\/nl\/"]}]},{"@type":"BreadcrumbList","@id":"https:\/\/www.campinglefouduroi.fr\/nl\/#breadcrumb","itemListElement":[{"@type":"ListItem","position":1,"name":"Camping H\u00e9rault","item":"https:\/\/www.campinglefouduroi.fr\/nl\/"},{"@type":"ListItem","position":2,"name":"Accueil"}]},{"@type":"WebSite","@id":"https:\/\/www.campinglefouduroi.fr\/nl\/#website","url":"https:\/\/www.campinglefouduroi.fr\/nl\/","name":"Camping Fou du Roi","description":"","publisher":{"@id":"https:\/\/www.campinglefouduroi.fr\/nl\/#organization"},"potentialAction":[{"@type":"SearchAction","target":{"@type":"EntryPoint","urlTemplate":"https:\/\/www.campinglefouduroi.fr\/nl\/?s={search_term_string}"},"query-input":{"@type":"PropertyValueSpecification","valueRequired":true,"valueName":"search_term_string"}}],"inLanguage":"nl-NL"},{"@type":"Organization","@id":"https:\/\/www.campinglefouduroi.fr\/nl\/#organization","name":"Camping Le Fou du Roi","url":"https:\/\/www.campinglefouduroi.fr\/nl\/","logo":{"@type":"ImageObject","inLanguage":"nl-NL","@id":"https:\/\/www.campinglefouduroi.fr\/nl\/#\/schema\/logo\/image\/","url":"https:\/\/www.campinglefouduroi.fr\/wp-content\/uploads\/2021\/10\/logo-fou-du-roi.png","contentUrl":"https:\/\/www.campinglefouduroi.fr\/wp-content\/uploads\/2021\/10\/logo-fou-du-roi.png","width":424,"height":424,"caption":"Camping Le Fou du Roi"},"image":{"@id":"https:\/\/www.campinglefouduroi.fr\/nl\/#\/schema\/logo\/image\/"}}]}},"_links":{"self":[{"href":"https:\/\/www.campinglefouduroi.fr\/nl\/wp-json\/wp\/v2\/pages\/1850","targetHints":{"allow":["GET"]}}],"collection":[{"href":"https:\/\/www.campinglefouduroi.fr\/nl\/wp-json\/wp\/v2\/pages"}],"about":[{"href":"https:\/\/www.campinglefouduroi.fr\/nl\/wp-json\/wp\/v2\/types\/page"}],"author":[{"embeddable":true,"href":"https:\/\/www.campinglefouduroi.fr\/nl\/wp-json\/wp\/v2\/users\/1"}],"replies":[{"embeddable":true,"href":"https:\/\/www.campinglefouduroi.fr\/nl\/wp-json\/wp\/v2\/comments?post=1850"}],"version-history":[{"count":35,"href":"https:\/\/www.campinglefouduroi.fr\/nl\/wp-json\/wp\/v2\/pages\/1850\/revisions"}],"predecessor-version":[{"id":4683,"href":"https:\/\/www.campinglefouduroi.fr\/nl\/wp-json\/wp\/v2\/pages\/1850\/revisions\/4683"}],"wp:attachment":[{"href":"https:\/\/www.campinglefouduroi.fr\/nl\/wp-json\/wp\/v2\/media?parent=1850"}],"curies":[{"name":"wp","href":"https:\/\/api.w.org\/{rel}","templated":true}]}}