{"id":1927,"date":"2021-09-01T14:52:22","date_gmt":"2021-09-01T12:52:22","guid":{"rendered":"https:\/\/www.campinglefouduroi.fr\/camping-cevennes\/"},"modified":"2024-03-15T16:50:04","modified_gmt":"2024-03-15T15:50:04","slug":"kamperen-cevennes","status":"publish","type":"page","link":"https:\/\/www.campinglefouduroi.fr\/nl\/kamperen-cevennes\/","title":{"rendered":"C\u00e9vennes"},"content":{"rendered":"<section id=\"section-612f7b150f476\"\" class=\"section bg-white\" \/><div class=\"container\"><h1 class=\"element section-title center color1\">Kamperen bij de Cevennen<\/h1><\/div><\/section>\n\n<section id=\"section-612f7b150fa30\"\" class=\"section home-first bg-white\" \/><div class=\"container extralarge\"><div class=\"colonnes-wrap valign-middle \"><div class=\"element colonne separationphotos\"><div class=\"element images\"><div class=\"image\"><img decoding=\"async\" src=\"https:\/\/www.campinglefouduroi.fr\/wp-content\/uploads\/2021\/09\/camping-fou-du-roi-cevenne-100x50.jpg\" data-src=\"https:\/\/www.campinglefouduroi.fr\/wp-content\/uploads\/2021\/09\/camping-fou-du-roi-cevenne.jpg\" alt=\"tourisme cevennes\" class=\"images_image\" \/><\/div><\/div><div class=\"element images\"><div class=\"image\"><img decoding=\"async\" src=\"https:\/\/www.campinglefouduroi.fr\/wp-content\/uploads\/2021\/09\/camping-cevenne-fou-du-roi-100x50.jpg\" data-src=\"https:\/\/www.campinglefouduroi.fr\/wp-content\/uploads\/2021\/09\/camping-cevenne-fou-du-roi.jpg\" alt=\"visiter cevennes\" class=\"images_image\" \/><\/div><\/div><\/div><div class=\"element colonne \"><h2 class=\"element section-title left color1\">Bezoek de Cevennen<\/h2><div class=\"element bloc-text left \">\n\t<p>Ruim grondgebied met een sterke identiteit, <strong class=\"bold color1\">de Cevennen<\/strong> een rijk en gevarieerd erfgoed. Verken tempels, kerken, kathedralen en gedenktekens.<\/p>\n<p>Geniet van <strong class=\"bold color1\">van een Cevennes landschap<\/strong> In de streek bevinden zich ook een aantal uitzonderlijke molens, Vase d&#8217;Anduze, zijderupskwekerij, mijnbouw, spoorwegen, kalkovens, enz. Er zijn ook talrijke kastelen te bezoeken (Soustelle, L\u00e9zan, Anduze, enz.).<\/p>\n<p><strong class=\"bold color1\">Wandeling tussen dolmens<\/strong>, Romeinse overblijfselen en kastanjebossen. De Cevennen hebben ook een aantal niet te missen steden om te bezoeken, zoals Pont-de-Montvert-Sud-Mont-Loz\u00e8re en Florac in <strong class=\"bold color1\">het nationaal park van de Cevennen<\/strong>, V\u00e9z\u00e9nobre en Sauve in de Gard, of Anduze (de &#8220;toegangspoort tot de C\u00e9vennes&#8221;) en Saint-Jean-du-Gard.<\/p>\n<\/div><\/div><\/div><\/div><\/section>\n\n<section id=\"section-612f7b150fe60\"\" data-bg-opacite=\"0.2\"data-background=\"https:\/\/www.campinglefouduroi.fr\/wp-content\/uploads\/2021\/09\/bg-tourisme-cevenne.jpg\"data-speed=\"0.8\"class=\"section home-six bg-white section--has-bg-img section_bg-parallax\" \/><div class=\"container full\"><h2 class=\"element section-title left white\">Bezienswaardigheden in de Cevennen<\/h2><div class=\"element bloc-text left \">\n\t<ul>\n<li style=\"font-weight: 400;\" aria-level=\"1\"><span style=\"font-weight: 400;\">C\u00e9vennes Nationaal Park. Het door de Unesco geklasseerde authentieke landschap strekt zich uit over een deel van de regio&#8217;s Loz\u00e8re en Gard..<\/span><\/li>\n<li style=\"font-weight: 400;\" aria-level=\"1\"><span style=\"font-weight: 400;\">Pises Observatorium. In de onmiddellijke nabijheid van het meer van Pises, op een hoogte van 1.300 meter, kunt u de sterren observeren met een astronomische telescoop.<\/span><\/li>\n<li style=\"font-weight: 400;\" aria-level=\"1\"><span style=\"font-weight: 400;\">Mont Aigoual. Het hoogste punt van de Gard op 1.500 meter, biedt een spectaculair uitzicht en omvat het weermuseum.<\/span><\/li>\n<li style=\"font-weight: 400;\" aria-level=\"1\"><span style=\"font-weight: 400;\">Stoomtreinrit tussen Saint-Jean-du-Gard en Anduze, om adembenemende landschappen te zien.<\/span><\/li>\n<li style=\"font-weight: 400;\" aria-level=\"1\"><span style=\"font-weight: 400;\">Causse M\u00e9jean. Dit kalksteenplateau staat op de Werelderfgoedlijst van Unesco. U zult wilde paarden van Przewalski vinden.<\/span><\/li>\n<\/ul>\n<\/div><\/div><\/section>\n\n<section id=\"section-612f7b151035f\"\" class=\"section home-first bg-white\" \/><div class=\"container extralarge\"><div class=\"colonnes-wrap valign-middle \"><div class=\"element colonne \"><h2 class=\"element section-title left color1\">Kamperen op 51 km van de Cevennen<\/h2><div class=\"element bloc-text justify \">\n\t<p><strong class=\"bold color1\">Camping bij de Cevennen<\/strong>, kunt u zich installeren voor de feestdagen bij <strong class=\"bold color1\">Fou du Roi<\/strong>, die kampeerplaatsen, een verscheidenheid aan accommodatie, een zwembad, maar ook talrijke diensten en entertainment in de zomer biedt.<\/p>\n<p>In minder dan een uur rijden, kunt u bereiken <strong class=\"bold color1\">de Cevennen<\/strong>, ongeveer vijftig kilometer van onze camping in Lansargues.<\/p>\n<p>Maak het u gemakkelijk in ons hotel in de open lucht en ga met een gerust hart op ontdekkingstocht naar de juweeltjes van het Cevennen-erfgoed, van de natuurlijke rijkdommen tot de historische en culturele schatten.<\/p>\n<p>Voor een geslaagde gezinsvakantie, kom naar onze camping in de buurt <strong class=\"bold color1\">van de Cevennen<\/strong> wachtend tot jij komt !<\/p>\n<\/div><\/div><div class=\"element colonne \"><div class=\"element fancybox-container\"><a class=\"fancybox\" href=\"https:\/\/www.campinglefouduroi.fr\/wp-content\/uploads\/2022\/11\/photo-piscine5.jpg\"><img decoding=\"async\" src=\"https:\/\/www.campinglefouduroi.fr\/wp-content\/uploads\/2022\/11\/photo-piscine5-100x50.jpg\" data-src=\"https:\/\/www.campinglefouduroi.fr\/wp-content\/uploads\/2022\/11\/photo-piscine5.jpg\" alt=\"photo-piscine5\" class=\"images_image\" \/><\/a><\/div><div class=\"element fancybox-container\"><a class=\"fancybox\" href=\"https:\/\/www.campinglefouduroi.fr\/wp-content\/uploads\/2021\/09\/camping-fou-du-roi-alentours-cevennes.jpg\"><img decoding=\"async\" src=\"https:\/\/www.campinglefouduroi.fr\/wp-content\/uploads\/2021\/09\/camping-fou-du-roi-alentours-cevennes-100x50.jpg\" data-src=\"https:\/\/www.campinglefouduroi.fr\/wp-content\/uploads\/2021\/09\/camping-fou-du-roi-alentours-cevennes.jpg\" alt=\"camping hebergement cevennes\" class=\"images_image\" \/><\/a><\/div><\/div><\/div><\/div><\/section>\n\n<section id=\"section-612f7b15106b9\"\" class=\"section bg-color2\" \/><div class=\"container extralarge\"><div class=\"element section-title center titre-cta color1\">BEZIENSWAARDIGHEDEN IN DE BUURT VAN DE KAMPEREN<\/div><ul class=\"liste-de-page\"><li class=\"element call-to-action carre call-to-action--style-1 call-to-action--big\"><a href=\"https:\/\/www.campinglefouduroi.fr\/nl\/kamperen-montpellier\/\"  class=\"call-to-action_link\" title=\"Lees meer over montpellier\"><div class=\"call-to-action_image\"><img decoding=\"async\" src=\"https:\/\/www.campinglefouduroi.fr\/wp-content\/uploads\/2021\/09\/decouvrir-montpellier-94x100.jpg\" data-src=\"https:\/\/www.campinglefouduroi.fr\/wp-content\/uploads\/2021\/09\/decouvrir-montpellier.jpg\" alt=\"decouvrir montpellier\" class=\"big\" \/><\/div><div class=\"call-to-action_contenu\"><div class=\"call-to-action_titre\">Montpellier<\/div><\/div><\/a><\/li><li class=\"element call-to-action carre call-to-action--style-1 call-to-action--big call-to-action--style-1 call-to-action--big\"><a href=\"https:\/\/www.campinglefouduroi.fr\/nl\/kamperen-nimes\/\"  class=\"call-to-action_link\" title=\"Lees meer over nimes\"><div class=\"call-to-action_image\"><img decoding=\"async\" src=\"https:\/\/www.campinglefouduroi.fr\/wp-content\/uploads\/2021\/09\/nime-tourisme-94x100.jpg\" data-src=\"https:\/\/www.campinglefouduroi.fr\/wp-content\/uploads\/2021\/09\/nime-tourisme.jpg\" alt=\"nimes tourisme\" class=\"big\" \/><\/div><div class=\"call-to-action_contenu\"><div class=\"call-to-action_titre\">Nimes<\/div><\/div><\/a><\/li><li class=\"element call-to-action carre call-to-action--style-1 call-to-action--big call-to-action--style-1 call-to-action--big call-to-action--style-1 call-to-action--big\"><a href=\"https:\/\/www.campinglefouduroi.fr\/nl\/kamperen-aigues-mortes\/\"  class=\"call-to-action_link\" title=\"Lees meer over aigues-mortes\"><div class=\"call-to-action_image\"><img decoding=\"async\" src=\"https:\/\/www.campinglefouduroi.fr\/wp-content\/uploads\/2021\/09\/aigues-mortes-tourisme-94x100.jpg\" data-src=\"https:\/\/www.campinglefouduroi.fr\/wp-content\/uploads\/2021\/09\/aigues-mortes-tourisme.jpg\" alt=\"aigues mortes tourisme\" class=\"big\" \/><\/div><div class=\"call-to-action_contenu\"><div class=\"call-to-action_titre\">Aigues-Mortes<\/div><\/div><\/a><\/li><\/ul><\/div><\/section>","protected":false},"excerpt":{"rendered":"","protected":false},"author":1,"featured_media":1929,"parent":0,"menu_order":0,"comment_status":"closed","ping_status":"closed","template":"","meta":{"_acf_changed":false,"footnotes":""},"class_list":["post-1927","page","type-page","status-publish","has-post-thumbnail","hentry"],"acf":[],"yoast_head":"<!-- This site is optimized with the Yoast SEO plugin v25.3 - https:\/\/yoast.com\/wordpress\/plugins\/seo\/ -->\n<title>Camping C\u00e9vennes Tourism C\u00e9vennes Te zien in de Cevennen<\/title>\n<meta name=\"description\" content=\"Camping vlakbij de Cevennen, u kunt uzelf de vakantietijd bezorgen op de 3-sterrencamping Fou du Roi.\" \/>\n<meta name=\"robots\" content=\"index, follow, max-snippet:-1, max-image-preview:large, max-video-preview:-1\" \/>\n<link rel=\"canonical\" href=\"https:\/\/www.campinglefouduroi.fr\/nl\/kamperen-cevennes\/\" \/>\n<meta property=\"og:locale\" content=\"nl_NL\" \/>\n<meta property=\"og:type\" content=\"article\" \/>\n<meta property=\"og:title\" content=\"Camping C\u00e9vennes Tourism C\u00e9vennes Te zien in de Cevennen\" \/>\n<meta property=\"og:description\" content=\"Camping vlakbij de Cevennen, u kunt uzelf de vakantietijd bezorgen op de 3-sterrencamping Fou du Roi.\" \/>\n<meta property=\"og:url\" content=\"https:\/\/www.campinglefouduroi.fr\/nl\/kamperen-cevennes\/\" \/>\n<meta property=\"og:site_name\" content=\"Camping Fou du Roi\" \/>\n<meta property=\"article:modified_time\" content=\"2024-03-15T15:50:04+00:00\" \/>\n<meta property=\"og:image\" content=\"https:\/\/www.campinglefouduroi.fr\/wp-content\/uploads\/2021\/09\/bg-cevenne-tourisme.jpg\" \/>\n\t<meta property=\"og:image:width\" content=\"1900\" \/>\n\t<meta property=\"og:image:height\" content=\"700\" \/>\n\t<meta property=\"og:image:type\" content=\"image\/jpeg\" \/>\n<meta name=\"twitter:card\" content=\"summary_large_image\" \/>\n<meta name=\"twitter:label1\" content=\"Geschatte leestijd\" \/>\n\t<meta name=\"twitter:data1\" content=\"1 minuut\" \/>\n<script type=\"application\/ld+json\" class=\"yoast-schema-graph\">{\"@context\":\"https:\/\/schema.org\",\"@graph\":[{\"@type\":\"WebPage\",\"@id\":\"https:\/\/www.campinglefouduroi.fr\/nl\/kamperen-cevennes\/\",\"url\":\"https:\/\/www.campinglefouduroi.fr\/nl\/kamperen-cevennes\/\",\"name\":\"Camping C\u00e9vennes Tourism C\u00e9vennes Te zien in de Cevennen\",\"isPartOf\":{\"@id\":\"https:\/\/www.campinglefouduroi.fr\/nl\/#website\"},\"primaryImageOfPage\":{\"@id\":\"https:\/\/www.campinglefouduroi.fr\/nl\/kamperen-cevennes\/#primaryimage\"},\"image\":{\"@id\":\"https:\/\/www.campinglefouduroi.fr\/nl\/kamperen-cevennes\/#primaryimage\"},\"thumbnailUrl\":\"https:\/\/www.campinglefouduroi.fr\/wp-content\/uploads\/2021\/09\/bg-cevenne-tourisme.jpg\",\"datePublished\":\"2021-09-01T12:52:22+00:00\",\"dateModified\":\"2024-03-15T15:50:04+00:00\",\"description\":\"Camping vlakbij de Cevennen, u kunt uzelf de vakantietijd bezorgen op de 3-sterrencamping Fou du Roi.\",\"breadcrumb\":{\"@id\":\"https:\/\/www.campinglefouduroi.fr\/nl\/kamperen-cevennes\/#breadcrumb\"},\"inLanguage\":\"nl-NL\",\"potentialAction\":[{\"@type\":\"ReadAction\",\"target\":[\"https:\/\/www.campinglefouduroi.fr\/nl\/kamperen-cevennes\/\"]}]},{\"@type\":\"ImageObject\",\"inLanguage\":\"nl-NL\",\"@id\":\"https:\/\/www.campinglefouduroi.fr\/nl\/kamperen-cevennes\/#primaryimage\",\"url\":\"https:\/\/www.campinglefouduroi.fr\/wp-content\/uploads\/2021\/09\/bg-cevenne-tourisme.jpg\",\"contentUrl\":\"https:\/\/www.campinglefouduroi.fr\/wp-content\/uploads\/2021\/09\/bg-cevenne-tourisme.jpg\",\"width\":1900,\"height\":700},{\"@type\":\"BreadcrumbList\",\"@id\":\"https:\/\/www.campinglefouduroi.fr\/nl\/kamperen-cevennes\/#breadcrumb\",\"itemListElement\":[{\"@type\":\"ListItem\",\"position\":1,\"name\":\"Camping H\u00e9rault\",\"item\":\"https:\/\/www.campinglefouduroi.fr\/nl\/\"},{\"@type\":\"ListItem\",\"position\":2,\"name\":\"Kamperen bij de Cevennen\"}]},{\"@type\":\"WebSite\",\"@id\":\"https:\/\/www.campinglefouduroi.fr\/nl\/#website\",\"url\":\"https:\/\/www.campinglefouduroi.fr\/nl\/\",\"name\":\"Camping Fou du Roi\",\"description\":\"\",\"publisher\":{\"@id\":\"https:\/\/www.campinglefouduroi.fr\/nl\/#organization\"},\"potentialAction\":[{\"@type\":\"SearchAction\",\"target\":{\"@type\":\"EntryPoint\",\"urlTemplate\":\"https:\/\/www.campinglefouduroi.fr\/nl\/?s={search_term_string}\"},\"query-input\":{\"@type\":\"PropertyValueSpecification\",\"valueRequired\":true,\"valueName\":\"search_term_string\"}}],\"inLanguage\":\"nl-NL\"},{\"@type\":\"Organization\",\"@id\":\"https:\/\/www.campinglefouduroi.fr\/nl\/#organization\",\"name\":\"Camping Le Fou du Roi\",\"url\":\"https:\/\/www.campinglefouduroi.fr\/nl\/\",\"logo\":{\"@type\":\"ImageObject\",\"inLanguage\":\"nl-NL\",\"@id\":\"https:\/\/www.campinglefouduroi.fr\/nl\/#\/schema\/logo\/image\/\",\"url\":\"https:\/\/www.campinglefouduroi.fr\/wp-content\/uploads\/2021\/10\/logo-fou-du-roi.png\",\"contentUrl\":\"https:\/\/www.campinglefouduroi.fr\/wp-content\/uploads\/2021\/10\/logo-fou-du-roi.png\",\"width\":424,\"height\":424,\"caption\":\"Camping Le Fou du Roi\"},\"image\":{\"@id\":\"https:\/\/www.campinglefouduroi.fr\/nl\/#\/schema\/logo\/image\/\"}}]}<\/script>\n<!-- \/ Yoast SEO plugin. -->","yoast_head_json":{"title":"Camping C\u00e9vennes Tourism C\u00e9vennes Te zien in de Cevennen","description":"Camping vlakbij de Cevennen, u kunt uzelf de vakantietijd bezorgen op de 3-sterrencamping Fou du Roi.","robots":{"index":"index","follow":"follow","max-snippet":"max-snippet:-1","max-image-preview":"max-image-preview:large","max-video-preview":"max-video-preview:-1"},"canonical":"https:\/\/www.campinglefouduroi.fr\/nl\/kamperen-cevennes\/","og_locale":"nl_NL","og_type":"article","og_title":"Camping C\u00e9vennes Tourism C\u00e9vennes Te zien in de Cevennen","og_description":"Camping vlakbij de Cevennen, u kunt uzelf de vakantietijd bezorgen op de 3-sterrencamping Fou du Roi.","og_url":"https:\/\/www.campinglefouduroi.fr\/nl\/kamperen-cevennes\/","og_site_name":"Camping Fou du Roi","article_modified_time":"2024-03-15T15:50:04+00:00","og_image":[{"width":1900,"height":700,"url":"https:\/\/www.campinglefouduroi.fr\/wp-content\/uploads\/2021\/09\/bg-cevenne-tourisme.jpg","type":"image\/jpeg"}],"twitter_card":"summary_large_image","twitter_misc":{"Geschatte leestijd":"1 minuut"},"schema":{"@context":"https:\/\/schema.org","@graph":[{"@type":"WebPage","@id":"https:\/\/www.campinglefouduroi.fr\/nl\/kamperen-cevennes\/","url":"https:\/\/www.campinglefouduroi.fr\/nl\/kamperen-cevennes\/","name":"Camping C\u00e9vennes Tourism C\u00e9vennes Te zien in de Cevennen","isPartOf":{"@id":"https:\/\/www.campinglefouduroi.fr\/nl\/#website"},"primaryImageOfPage":{"@id":"https:\/\/www.campinglefouduroi.fr\/nl\/kamperen-cevennes\/#primaryimage"},"image":{"@id":"https:\/\/www.campinglefouduroi.fr\/nl\/kamperen-cevennes\/#primaryimage"},"thumbnailUrl":"https:\/\/www.campinglefouduroi.fr\/wp-content\/uploads\/2021\/09\/bg-cevenne-tourisme.jpg","datePublished":"2021-09-01T12:52:22+00:00","dateModified":"2024-03-15T15:50:04+00:00","description":"Camping vlakbij de Cevennen, u kunt uzelf de vakantietijd bezorgen op de 3-sterrencamping Fou du Roi.","breadcrumb":{"@id":"https:\/\/www.campinglefouduroi.fr\/nl\/kamperen-cevennes\/#breadcrumb"},"inLanguage":"nl-NL","potentialAction":[{"@type":"ReadAction","target":["https:\/\/www.campinglefouduroi.fr\/nl\/kamperen-cevennes\/"]}]},{"@type":"ImageObject","inLanguage":"nl-NL","@id":"https:\/\/www.campinglefouduroi.fr\/nl\/kamperen-cevennes\/#primaryimage","url":"https:\/\/www.campinglefouduroi.fr\/wp-content\/uploads\/2021\/09\/bg-cevenne-tourisme.jpg","contentUrl":"https:\/\/www.campinglefouduroi.fr\/wp-content\/uploads\/2021\/09\/bg-cevenne-tourisme.jpg","width":1900,"height":700},{"@type":"BreadcrumbList","@id":"https:\/\/www.campinglefouduroi.fr\/nl\/kamperen-cevennes\/#breadcrumb","itemListElement":[{"@type":"ListItem","position":1,"name":"Camping H\u00e9rault","item":"https:\/\/www.campinglefouduroi.fr\/nl\/"},{"@type":"ListItem","position":2,"name":"Kamperen bij de Cevennen"}]},{"@type":"WebSite","@id":"https:\/\/www.campinglefouduroi.fr\/nl\/#website","url":"https:\/\/www.campinglefouduroi.fr\/nl\/","name":"Camping Fou du Roi","description":"","publisher":{"@id":"https:\/\/www.campinglefouduroi.fr\/nl\/#organization"},"potentialAction":[{"@type":"SearchAction","target":{"@type":"EntryPoint","urlTemplate":"https:\/\/www.campinglefouduroi.fr\/nl\/?s={search_term_string}"},"query-input":{"@type":"PropertyValueSpecification","valueRequired":true,"valueName":"search_term_string"}}],"inLanguage":"nl-NL"},{"@type":"Organization","@id":"https:\/\/www.campinglefouduroi.fr\/nl\/#organization","name":"Camping Le Fou du Roi","url":"https:\/\/www.campinglefouduroi.fr\/nl\/","logo":{"@type":"ImageObject","inLanguage":"nl-NL","@id":"https:\/\/www.campinglefouduroi.fr\/nl\/#\/schema\/logo\/image\/","url":"https:\/\/www.campinglefouduroi.fr\/wp-content\/uploads\/2021\/10\/logo-fou-du-roi.png","contentUrl":"https:\/\/www.campinglefouduroi.fr\/wp-content\/uploads\/2021\/10\/logo-fou-du-roi.png","width":424,"height":424,"caption":"Camping Le Fou du Roi"},"image":{"@id":"https:\/\/www.campinglefouduroi.fr\/nl\/#\/schema\/logo\/image\/"}}]}},"_links":{"self":[{"href":"https:\/\/www.campinglefouduroi.fr\/nl\/wp-json\/wp\/v2\/pages\/1927","targetHints":{"allow":["GET"]}}],"collection":[{"href":"https:\/\/www.campinglefouduroi.fr\/nl\/wp-json\/wp\/v2\/pages"}],"about":[{"href":"https:\/\/www.campinglefouduroi.fr\/nl\/wp-json\/wp\/v2\/types\/page"}],"author":[{"embeddable":true,"href":"https:\/\/www.campinglefouduroi.fr\/nl\/wp-json\/wp\/v2\/users\/1"}],"replies":[{"embeddable":true,"href":"https:\/\/www.campinglefouduroi.fr\/nl\/wp-json\/wp\/v2\/comments?post=1927"}],"version-history":[{"count":6,"href":"https:\/\/www.campinglefouduroi.fr\/nl\/wp-json\/wp\/v2\/pages\/1927\/revisions"}],"predecessor-version":[{"id":3528,"href":"https:\/\/www.campinglefouduroi.fr\/nl\/wp-json\/wp\/v2\/pages\/1927\/revisions\/3528"}],"wp:featuredmedia":[{"embeddable":true,"href":"https:\/\/www.campinglefouduroi.fr\/nl\/wp-json\/wp\/v2\/media\/1929"}],"wp:attachment":[{"href":"https:\/\/www.campinglefouduroi.fr\/nl\/wp-json\/wp\/v2\/media?parent=1927"}],"curies":[{"name":"wp","href":"https:\/\/api.w.org\/{rel}","templated":true}]}}