{"id":2088,"date":"2024-03-15T17:43:36","date_gmt":"2024-03-15T16:43:36","guid":{"rendered":"https:\/\/www.campinglefouduroi.fr\/camping-nimes\/"},"modified":"2024-03-15T17:43:37","modified_gmt":"2024-03-15T16:43:37","slug":"kamperen-nimes","status":"publish","type":"page","link":"https:\/\/www.campinglefouduroi.fr\/nl\/kamperen-nimes\/","title":{"rendered":"Nimes"},"content":{"rendered":"<section id=\"section-612f4246ead52\"\" class=\"section bg-white\" \/><div class=\"container\"><h1 class=\"element section-title center color1\">Kamperen op 40 minuten van N\u00eemes<\/h1><\/div><\/section>\n\n<section id=\"section-612f4246eb150\"\" class=\"section home-first bg-white\" \/><div class=\"container extralarge\"><div class=\"colonnes-wrap valign-middle \"><div class=\"element colonne separationphotos\"><div class=\"element images\"><div class=\"image\"><img decoding=\"async\" src=\"https:\/\/www.campinglefouduroi.fr\/wp-content\/uploads\/2021\/09\/camping-fou-du-roi-alentour-nime-100x50.jpg\" data-src=\"https:\/\/www.campinglefouduroi.fr\/wp-content\/uploads\/2021\/09\/camping-fou-du-roi-alentour-nime.jpg\" alt=\"decouvrir nimes\" class=\"images_image\" \/><\/div><\/div><div class=\"element images\"><div class=\"image\"><img decoding=\"async\" src=\"https:\/\/www.campinglefouduroi.fr\/wp-content\/uploads\/2021\/09\/camping-fou-du-roi-maison-carre-nime-100x50.jpg\" data-src=\"https:\/\/www.campinglefouduroi.fr\/wp-content\/uploads\/2021\/09\/camping-fou-du-roi-maison-carre-nime.jpg\" alt=\"visiter maison carre nimes\" class=\"images_image\" \/><\/div><\/div><\/div><div class=\"element colonne \"><h2 class=\"element section-title left color1\">Bezoek N\u00eemes<\/h2><div class=\"element bloc-text justify \">\n\t<p>Een must voor <strong class=\"bold color1\">uw bezoek aan N\u00eemes<\/strong> : Romeinse monumenten. Bezoek de Arena, waar stierengevechten worden opgevoerd, het Maison Carr\u00e9e, een prachtige oude tempel, en de Magne-toren van meer dan 32 meter hoog.<br \/>\nMaak gebruik van uw <strong class=\"bold color1\">verkenning van N\u00eemes<\/strong> naar de overdekte markt van 3.500 m\u00b2 onder de hallen te gaan om verse levensmiddelen te vinden en de producenten te ontmoeten.<\/p>\n<p>Zet uw ontdekking van de stad voort door het festival van N\u00eemes en zijn rockconcerten bij te wonen en de Feria de Pentec\u00f4te in mei, de gelegenheid om zich te vermaken tussen stierengevechten en bandas.<\/p>\n<\/div><\/div><\/div><\/div><\/section>\n\n<section id=\"section-612f4246eb3c2\"\" data-bg-opacite=\"0.2\"data-background=\"https:\/\/www.campinglefouduroi.fr\/wp-content\/uploads\/2021\/09\/arene-nime-tourisme.jpg\"data-speed=\"0.8\"class=\"section home-six bg-white section--has-bg-img section_bg-parallax\" \/><div class=\"container full\"><h2 class=\"element section-title left white\">Top 5 van dingen om te doen en te zien<\/h2><div class=\"element bloc-text left \">\n\t<ul>\n<li style=\"font-weight: 400;\" aria-level=\"1\"><span style=\"font-weight: 400;\">Ar\u00e8nes de N\u00eemes: emblematisch Romeins amfitheater uit de 1e en 2e eeuw, dat als schuilplaats diende tijdens de grote invasies.<\/span><\/li>\n<li style=\"font-weight: 400;\" aria-level=\"1\"><span style=\"font-weight: 400;\">Maison Carr\u00e9e: deze tempel werd in de 1e eeuw gebouwd en herbergt nu een bioscoop waar een film over het ontstaan van de stad wordt vertoond.<\/span><\/li>\n<li style=\"font-weight: 400;\" aria-level=\"1\"><span style=\"font-weight: 400;\">Tour Magne: Place Guillaume Apollinaire, de derde en laatste verdieping van dit monument bestaat niet meer, maar het uitzicht van bovenaf is panoramisch.<\/span><\/li>\n<li style=\"font-weight: 400;\" aria-level=\"1\"><span style=\"font-weight: 400;\">Jardins de la Fontaine: de ingang is aan de Quais de la Fontaine. De tempel van Diana, gebouwd in de 18e eeuw, is een wandeling waard..<\/span><\/li>\n<li style=\"font-weight: 400;\" aria-level=\"1\"><span style=\"font-weight: 400;\">Mus\u00e9e de la Romanit\u00e9: Dit moderne gebouw aan de Boulevard des Ar\u00e8nes herbergt kostbare voorwerpen uit de Romeinse tijd.<\/span><\/li>\n<\/ul>\n<\/div><\/div><\/section>\n\n<section id=\"section-612f4246eba3f\"\" class=\"section home-first bg-white\" \/><div class=\"container extralarge\"><div class=\"colonnes-wrap valign-middle \"><div class=\"element colonne \"><h2 class=\"element section-title left color1\">Kamperen dichtbij N\u00eemes<\/h2><div class=\"element bloc-text left \">\n\t<p>Kamperen in H\u00e9rault bij N\u00eemes, <strong class=\"bold color1\">de nar van de koning <\/strong>biedt een breed scala aan accommodatie voor 2 tot 6 personen, evenals staanplaatsen, en biedt toegang tot een zwembad, zomer entertainment en diverse diensten.<\/p>\n<p><strong class=\"bold color1\">N\u00eemes<\/strong> ligt op ongeveer 48 km van ons openluchthotel (45 minuten met de auto), ideaal om te kamperen terwijl u geniet van een maximum aan uitstapjes en bezoeken in de omgeving.<\/p>\n<p>Ontdek met uw gezin het rijke historische en culturele erfgoed van de stad onder de mediterrane zon. Kom en geniet van uw verblijf in N\u00eemes in onze <strong class=\"bold color1\">camping in de buurt van N\u00eemes<\/strong>.<\/p>\n<\/div><\/div><div class=\"element colonne \"><div class=\"element fancybox-container\"><a class=\"fancybox\" href=\"https:\/\/www.campinglefouduroi.fr\/wp-content\/uploads\/2021\/09\/camping-fou-du-roi-alentours-nime.jpg\"><img decoding=\"async\" src=\"https:\/\/www.campinglefouduroi.fr\/wp-content\/uploads\/2021\/09\/camping-fou-du-roi-alentours-nime-100x50.jpg\" data-src=\"https:\/\/www.campinglefouduroi.fr\/wp-content\/uploads\/2021\/09\/camping-fou-du-roi-alentours-nime.jpg\" alt=\"camping alentours nimes\" class=\"images_image\" \/><\/a><\/div><div class=\"element fancybox-container\"><a class=\"fancybox\" href=\"https:\/\/www.campinglefouduroi.fr\/wp-content\/uploads\/2021\/09\/camping-fou-du-roi-alentours-nimes.jpg\"><img decoding=\"async\" src=\"https:\/\/www.campinglefouduroi.fr\/wp-content\/uploads\/2021\/09\/camping-fou-du-roi-alentours-nimes-100x50.jpg\" data-src=\"https:\/\/www.campinglefouduroi.fr\/wp-content\/uploads\/2021\/09\/camping-fou-du-roi-alentours-nimes.jpg\" alt=\"tourisme nimes\" class=\"images_image\" \/><\/a><\/div><\/div><\/div><\/div><\/section>\n\n<section id=\"section-612f4246ec2b6\"\" class=\"section bg-color2\" \/><div class=\"container extralarge\"><div class=\"element section-title center titre-cta color1\">Bezoek de omgeving van de kamperen<\/div><ul class=\"liste-de-page\"><li class=\"element call-to-action carre call-to-action--style-1 call-to-action--big\"><a href=\"https:\/\/www.campinglefouduroi.fr\/nl\/kamperen-montpellier\/\"  class=\"call-to-action_link\" title=\"Lees meer over montpellier\"><div class=\"call-to-action_image\"><img decoding=\"async\" src=\"https:\/\/www.campinglefouduroi.fr\/wp-content\/uploads\/2021\/09\/decouvrir-montpellier-94x100.jpg\" data-src=\"https:\/\/www.campinglefouduroi.fr\/wp-content\/uploads\/2021\/09\/decouvrir-montpellier.jpg\" alt=\"decouvrir montpellier\" class=\"big\" \/><\/div><div class=\"call-to-action_contenu\"><div class=\"call-to-action_titre\">Montpellier<\/div><\/div><\/a><\/li><li class=\"element call-to-action carre call-to-action--style-1 call-to-action--big call-to-action--style-1 call-to-action--big\"><a href=\"https:\/\/www.campinglefouduroi.fr\/nl\/kamperen-grau-du-roi\/\"  class=\"call-to-action_link\" title=\"Lees meer over grau du roi\"><div class=\"call-to-action_image\"><img decoding=\"async\" src=\"https:\/\/www.campinglefouduroi.fr\/wp-content\/uploads\/2021\/09\/visiter-grau-du-roi-94x100.jpg\" data-src=\"https:\/\/www.campinglefouduroi.fr\/wp-content\/uploads\/2021\/09\/visiter-grau-du-roi.jpg\" alt=\"visiter grau du roi\" class=\"big\" \/><\/div><div class=\"call-to-action_contenu\"><div class=\"call-to-action_titre\">Grau du Roi<\/div><\/div><\/a><\/li><li class=\"element call-to-action carre call-to-action--style-1 call-to-action--big call-to-action--style-1 call-to-action--big call-to-action--style-1 call-to-action--big\"><a href=\"https:\/\/www.campinglefouduroi.fr\/nl\/kamperen-grande-motte\/\"  class=\"call-to-action_link\" title=\"Lees meer over la grande motte\"><div class=\"call-to-action_image\"><img decoding=\"async\" src=\"https:\/\/www.campinglefouduroi.fr\/wp-content\/uploads\/2021\/09\/camping-grande-motte-94x100.jpg\" data-src=\"https:\/\/www.campinglefouduroi.fr\/wp-content\/uploads\/2021\/09\/camping-grande-motte.jpg\" alt=\"camping grande motte\" class=\"big\" \/><\/div><div class=\"call-to-action_contenu\"><div class=\"call-to-action_titre\">La grande Motte<\/div><\/div><\/a><\/li><\/ul><\/div><\/section>","protected":false},"excerpt":{"rendered":"","protected":false},"author":1,"featured_media":1974,"parent":0,"menu_order":0,"comment_status":"closed","ping_status":"closed","template":"","meta":{"_acf_changed":false,"footnotes":""},"class_list":["post-2088","page","type-page","status-publish","has-post-thumbnail","hentry"],"acf":[],"yoast_head":"<!-- This site is optimized with the Yoast SEO plugin v25.3 - https:\/\/yoast.com\/wordpress\/plugins\/seo\/ -->\n<title>Dingen om te zien en te doen in N\u00eemes | Toerisme in N\u00eemes<\/title>\n<meta name=\"description\" content=\"Camping le fou du roi bij N\u00eemes: Hoogtepunten van uw bezoek N\u00eemes: Romeinse monumenten en arena&#039;s.\" \/>\n<meta name=\"robots\" content=\"index, follow, max-snippet:-1, max-image-preview:large, max-video-preview:-1\" \/>\n<link rel=\"canonical\" href=\"https:\/\/www.campinglefouduroi.fr\/nl\/kamperen-nimes\/\" \/>\n<meta property=\"og:locale\" content=\"nl_NL\" \/>\n<meta property=\"og:type\" content=\"article\" \/>\n<meta property=\"og:title\" content=\"Dingen om te zien en te doen in N\u00eemes | Toerisme in N\u00eemes\" \/>\n<meta property=\"og:description\" content=\"Camping le fou du roi bij N\u00eemes: Hoogtepunten van uw bezoek N\u00eemes: Romeinse monumenten en arena&#039;s.\" \/>\n<meta property=\"og:url\" content=\"https:\/\/www.campinglefouduroi.fr\/nl\/kamperen-nimes\/\" \/>\n<meta property=\"og:site_name\" content=\"Camping Fou du Roi\" \/>\n<meta property=\"article:modified_time\" content=\"2024-03-15T16:43:37+00:00\" \/>\n<meta property=\"og:image\" content=\"https:\/\/www.campinglefouduroi.fr\/wp-content\/uploads\/2021\/09\/bg-nime-tourisme.jpg\" \/>\n\t<meta property=\"og:image:width\" content=\"1900\" \/>\n\t<meta property=\"og:image:height\" content=\"700\" \/>\n\t<meta property=\"og:image:type\" content=\"image\/jpeg\" \/>\n<meta name=\"twitter:card\" content=\"summary_large_image\" \/>\n<meta name=\"twitter:label1\" content=\"Geschatte leestijd\" \/>\n\t<meta name=\"twitter:data1\" content=\"1 minuut\" \/>\n<script type=\"application\/ld+json\" class=\"yoast-schema-graph\">{\"@context\":\"https:\/\/schema.org\",\"@graph\":[{\"@type\":\"WebPage\",\"@id\":\"https:\/\/www.campinglefouduroi.fr\/nl\/kamperen-nimes\/\",\"url\":\"https:\/\/www.campinglefouduroi.fr\/nl\/kamperen-nimes\/\",\"name\":\"Dingen om te zien en te doen in N\u00eemes | Toerisme in N\u00eemes\",\"isPartOf\":{\"@id\":\"https:\/\/www.campinglefouduroi.fr\/nl\/#website\"},\"primaryImageOfPage\":{\"@id\":\"https:\/\/www.campinglefouduroi.fr\/nl\/kamperen-nimes\/#primaryimage\"},\"image\":{\"@id\":\"https:\/\/www.campinglefouduroi.fr\/nl\/kamperen-nimes\/#primaryimage\"},\"thumbnailUrl\":\"https:\/\/www.campinglefouduroi.fr\/wp-content\/uploads\/2021\/09\/bg-nime-tourisme.jpg\",\"datePublished\":\"2024-03-15T16:43:36+00:00\",\"dateModified\":\"2024-03-15T16:43:37+00:00\",\"description\":\"Camping le fou du roi bij N\u00eemes: Hoogtepunten van uw bezoek N\u00eemes: Romeinse monumenten en arena's.\",\"breadcrumb\":{\"@id\":\"https:\/\/www.campinglefouduroi.fr\/nl\/kamperen-nimes\/#breadcrumb\"},\"inLanguage\":\"nl-NL\",\"potentialAction\":[{\"@type\":\"ReadAction\",\"target\":[\"https:\/\/www.campinglefouduroi.fr\/nl\/kamperen-nimes\/\"]}]},{\"@type\":\"ImageObject\",\"inLanguage\":\"nl-NL\",\"@id\":\"https:\/\/www.campinglefouduroi.fr\/nl\/kamperen-nimes\/#primaryimage\",\"url\":\"https:\/\/www.campinglefouduroi.fr\/wp-content\/uploads\/2021\/09\/bg-nime-tourisme.jpg\",\"contentUrl\":\"https:\/\/www.campinglefouduroi.fr\/wp-content\/uploads\/2021\/09\/bg-nime-tourisme.jpg\",\"width\":1900,\"height\":700},{\"@type\":\"BreadcrumbList\",\"@id\":\"https:\/\/www.campinglefouduroi.fr\/nl\/kamperen-nimes\/#breadcrumb\",\"itemListElement\":[{\"@type\":\"ListItem\",\"position\":1,\"name\":\"Camping H\u00e9rault\",\"item\":\"https:\/\/www.campinglefouduroi.fr\/nl\/\"},{\"@type\":\"ListItem\",\"position\":2,\"name\":\"Kamperen in de buurt van N\u00eemes\"}]},{\"@type\":\"WebSite\",\"@id\":\"https:\/\/www.campinglefouduroi.fr\/nl\/#website\",\"url\":\"https:\/\/www.campinglefouduroi.fr\/nl\/\",\"name\":\"Camping Fou du Roi\",\"description\":\"\",\"publisher\":{\"@id\":\"https:\/\/www.campinglefouduroi.fr\/nl\/#organization\"},\"potentialAction\":[{\"@type\":\"SearchAction\",\"target\":{\"@type\":\"EntryPoint\",\"urlTemplate\":\"https:\/\/www.campinglefouduroi.fr\/nl\/?s={search_term_string}\"},\"query-input\":{\"@type\":\"PropertyValueSpecification\",\"valueRequired\":true,\"valueName\":\"search_term_string\"}}],\"inLanguage\":\"nl-NL\"},{\"@type\":\"Organization\",\"@id\":\"https:\/\/www.campinglefouduroi.fr\/nl\/#organization\",\"name\":\"Camping Le Fou du Roi\",\"url\":\"https:\/\/www.campinglefouduroi.fr\/nl\/\",\"logo\":{\"@type\":\"ImageObject\",\"inLanguage\":\"nl-NL\",\"@id\":\"https:\/\/www.campinglefouduroi.fr\/nl\/#\/schema\/logo\/image\/\",\"url\":\"https:\/\/www.campinglefouduroi.fr\/wp-content\/uploads\/2021\/10\/logo-fou-du-roi.png\",\"contentUrl\":\"https:\/\/www.campinglefouduroi.fr\/wp-content\/uploads\/2021\/10\/logo-fou-du-roi.png\",\"width\":424,\"height\":424,\"caption\":\"Camping Le Fou du Roi\"},\"image\":{\"@id\":\"https:\/\/www.campinglefouduroi.fr\/nl\/#\/schema\/logo\/image\/\"}}]}<\/script>\n<!-- \/ Yoast SEO plugin. -->","yoast_head_json":{"title":"Dingen om te zien en te doen in N\u00eemes | Toerisme in N\u00eemes","description":"Camping le fou du roi bij N\u00eemes: Hoogtepunten van uw bezoek N\u00eemes: Romeinse monumenten en arena's.","robots":{"index":"index","follow":"follow","max-snippet":"max-snippet:-1","max-image-preview":"max-image-preview:large","max-video-preview":"max-video-preview:-1"},"canonical":"https:\/\/www.campinglefouduroi.fr\/nl\/kamperen-nimes\/","og_locale":"nl_NL","og_type":"article","og_title":"Dingen om te zien en te doen in N\u00eemes | Toerisme in N\u00eemes","og_description":"Camping le fou du roi bij N\u00eemes: Hoogtepunten van uw bezoek N\u00eemes: Romeinse monumenten en arena's.","og_url":"https:\/\/www.campinglefouduroi.fr\/nl\/kamperen-nimes\/","og_site_name":"Camping Fou du Roi","article_modified_time":"2024-03-15T16:43:37+00:00","og_image":[{"width":1900,"height":700,"url":"https:\/\/www.campinglefouduroi.fr\/wp-content\/uploads\/2021\/09\/bg-nime-tourisme.jpg","type":"image\/jpeg"}],"twitter_card":"summary_large_image","twitter_misc":{"Geschatte leestijd":"1 minuut"},"schema":{"@context":"https:\/\/schema.org","@graph":[{"@type":"WebPage","@id":"https:\/\/www.campinglefouduroi.fr\/nl\/kamperen-nimes\/","url":"https:\/\/www.campinglefouduroi.fr\/nl\/kamperen-nimes\/","name":"Dingen om te zien en te doen in N\u00eemes | Toerisme in N\u00eemes","isPartOf":{"@id":"https:\/\/www.campinglefouduroi.fr\/nl\/#website"},"primaryImageOfPage":{"@id":"https:\/\/www.campinglefouduroi.fr\/nl\/kamperen-nimes\/#primaryimage"},"image":{"@id":"https:\/\/www.campinglefouduroi.fr\/nl\/kamperen-nimes\/#primaryimage"},"thumbnailUrl":"https:\/\/www.campinglefouduroi.fr\/wp-content\/uploads\/2021\/09\/bg-nime-tourisme.jpg","datePublished":"2024-03-15T16:43:36+00:00","dateModified":"2024-03-15T16:43:37+00:00","description":"Camping le fou du roi bij N\u00eemes: Hoogtepunten van uw bezoek N\u00eemes: Romeinse monumenten en arena's.","breadcrumb":{"@id":"https:\/\/www.campinglefouduroi.fr\/nl\/kamperen-nimes\/#breadcrumb"},"inLanguage":"nl-NL","potentialAction":[{"@type":"ReadAction","target":["https:\/\/www.campinglefouduroi.fr\/nl\/kamperen-nimes\/"]}]},{"@type":"ImageObject","inLanguage":"nl-NL","@id":"https:\/\/www.campinglefouduroi.fr\/nl\/kamperen-nimes\/#primaryimage","url":"https:\/\/www.campinglefouduroi.fr\/wp-content\/uploads\/2021\/09\/bg-nime-tourisme.jpg","contentUrl":"https:\/\/www.campinglefouduroi.fr\/wp-content\/uploads\/2021\/09\/bg-nime-tourisme.jpg","width":1900,"height":700},{"@type":"BreadcrumbList","@id":"https:\/\/www.campinglefouduroi.fr\/nl\/kamperen-nimes\/#breadcrumb","itemListElement":[{"@type":"ListItem","position":1,"name":"Camping H\u00e9rault","item":"https:\/\/www.campinglefouduroi.fr\/nl\/"},{"@type":"ListItem","position":2,"name":"Kamperen in de buurt van N\u00eemes"}]},{"@type":"WebSite","@id":"https:\/\/www.campinglefouduroi.fr\/nl\/#website","url":"https:\/\/www.campinglefouduroi.fr\/nl\/","name":"Camping Fou du Roi","description":"","publisher":{"@id":"https:\/\/www.campinglefouduroi.fr\/nl\/#organization"},"potentialAction":[{"@type":"SearchAction","target":{"@type":"EntryPoint","urlTemplate":"https:\/\/www.campinglefouduroi.fr\/nl\/?s={search_term_string}"},"query-input":{"@type":"PropertyValueSpecification","valueRequired":true,"valueName":"search_term_string"}}],"inLanguage":"nl-NL"},{"@type":"Organization","@id":"https:\/\/www.campinglefouduroi.fr\/nl\/#organization","name":"Camping Le Fou du Roi","url":"https:\/\/www.campinglefouduroi.fr\/nl\/","logo":{"@type":"ImageObject","inLanguage":"nl-NL","@id":"https:\/\/www.campinglefouduroi.fr\/nl\/#\/schema\/logo\/image\/","url":"https:\/\/www.campinglefouduroi.fr\/wp-content\/uploads\/2021\/10\/logo-fou-du-roi.png","contentUrl":"https:\/\/www.campinglefouduroi.fr\/wp-content\/uploads\/2021\/10\/logo-fou-du-roi.png","width":424,"height":424,"caption":"Camping Le Fou du Roi"},"image":{"@id":"https:\/\/www.campinglefouduroi.fr\/nl\/#\/schema\/logo\/image\/"}}]}},"_links":{"self":[{"href":"https:\/\/www.campinglefouduroi.fr\/nl\/wp-json\/wp\/v2\/pages\/2088","targetHints":{"allow":["GET"]}}],"collection":[{"href":"https:\/\/www.campinglefouduroi.fr\/nl\/wp-json\/wp\/v2\/pages"}],"about":[{"href":"https:\/\/www.campinglefouduroi.fr\/nl\/wp-json\/wp\/v2\/types\/page"}],"author":[{"embeddable":true,"href":"https:\/\/www.campinglefouduroi.fr\/nl\/wp-json\/wp\/v2\/users\/1"}],"replies":[{"embeddable":true,"href":"https:\/\/www.campinglefouduroi.fr\/nl\/wp-json\/wp\/v2\/comments?post=2088"}],"version-history":[{"count":3,"href":"https:\/\/www.campinglefouduroi.fr\/nl\/wp-json\/wp\/v2\/pages\/2088\/revisions"}],"predecessor-version":[{"id":4317,"href":"https:\/\/www.campinglefouduroi.fr\/nl\/wp-json\/wp\/v2\/pages\/2088\/revisions\/4317"}],"wp:featuredmedia":[{"embeddable":true,"href":"https:\/\/www.campinglefouduroi.fr\/nl\/wp-json\/wp\/v2\/media\/1974"}],"wp:attachment":[{"href":"https:\/\/www.campinglefouduroi.fr\/nl\/wp-json\/wp\/v2\/media?parent=2088"}],"curies":[{"name":"wp","href":"https:\/\/api.w.org\/{rel}","templated":true}]}}